{"id":747684,"date":"2026-04-16T10:53:11","date_gmt":"2026-04-16T07:53:11","guid":{"rendered":"https:\/\/nbg.eu\/product\/kmr-okladziny-w-modular-sandpaper\/"},"modified":"2026-04-16T18:20:57","modified_gmt":"2026-04-16T15:20:57","slug":"kmr-okladziny-w-modular-sandpaper","status":"publish","type":"product","link":"https:\/\/nbg.eu\/pl\/produkt\/kmr-okladziny-w-modular-sandpaper\/","title":{"rendered":"KMR Ok\u0142adziny W Modular Sandpaper"},"content":{"rendered":"<h2>OK\u0141ADZINY KMR W Modular Sandpaper<\/h2>\n<p>Popraw swoje do\u015bwiadczenie strzeleckie z Ok\u0142adziny KMR W Modular Sandpaper. Te wytrzyma\u0142e ok\u0142adziny s\u0105 wykonane z anodowanego duraluminium i oferuj\u0105 doskona\u0142y chwyt i kontrol\u0119.<\/p>\n<ul>\n<li>Wytrzyma\u0142a konstrukcja z anodowanego duraluminium<\/li>\n<li>Agresywna tekstura dla pewnego chwytu<\/li>\n<li>Idealne do modernizacji lub broni sportowej<\/li>\n<li>Zawiera \u015bruby torx do \u0142atwego monta\u017cu<\/li>\n<li>Z logo KMR<\/li>\n<li>Dost\u0119pne w wielu kolorach<\/li>\n<\/ul>\n<dl class=\"data-sheet\">\n<dt class=\"name\">Do Broni KMR<\/dt>\n<dd class=\"value\">KMR W-02 CUDA (UNTIL 2023)<br \/>\nKMR W-02 UMBRA<br \/>\nKMR W-02 UMBRA (OR)<\/dd>\n<\/dl>\n","protected":false},"excerpt":{"rendered":"<p>D\u0142ugie, wytrzyma\u0142e ok\u0142adziny Modular z anodowanego duraluminium.<\/p>\n","protected":false},"featured_media":359277,"template":"","meta":{"_acf_changed":false},"product_brand":[11510],"product_cat":[12573,14882],"product_tag":[],"class_list":{"0":"post-747684","1":"product","2":"type-product","3":"status-publish","4":"has-post-thumbnail","6":"product_brand-kmr-precision","7":"product_cat-czesci-kmr","8":"product_cat-pistol-grips-pl","10":"first","11":"instock","12":"taxable","13":"shipping-taxable","14":"purchasable","15":"product-type-variable","16":"wvs-archive-product-wrapper"},"acf":[],"_links":{"self":[{"href":"https:\/\/nbg.eu\/pl\/wp-json\/wp\/v2\/product\/747684","targetHints":{"allow":["GET"]}}],"collection":[{"href":"https:\/\/nbg.eu\/pl\/wp-json\/wp\/v2\/product"}],"about":[{"href":"https:\/\/nbg.eu\/pl\/wp-json\/wp\/v2\/types\/product"}],"wp:featuredmedia":[{"embeddable":true,"href":"https:\/\/nbg.eu\/pl\/wp-json\/wp\/v2\/media\/359277"}],"wp:attachment":[{"href":"https:\/\/nbg.eu\/pl\/wp-json\/wp\/v2\/media?parent=747684"}],"wp:term":[{"taxonomy":"product_brand","embeddable":true,"href":"https:\/\/nbg.eu\/pl\/wp-json\/wp\/v2\/product_brand?post=747684"},{"taxonomy":"product_cat","embeddable":true,"href":"https:\/\/nbg.eu\/pl\/wp-json\/wp\/v2\/product_cat?post=747684"},{"taxonomy":"product_tag","embeddable":true,"href":"https:\/\/nbg.eu\/pl\/wp-json\/wp\/v2\/product_tag?post=747684"}],"curies":[{"name":"wp","href":"https:\/\/api.w.org\/{rel}","templated":true}]}}