{"id":747870,"date":"2026-04-16T10:53:42","date_gmt":"2026-04-16T07:53:42","guid":{"rendered":"https:\/\/nbg.eu\/product\/kmr-rozlacznik-rozmiar-1\/"},"modified":"2026-04-16T18:20:53","modified_gmt":"2026-04-16T15:20:53","slug":"kmr-rozlacznik-rozmiar-1","status":"publish","type":"product","link":"https:\/\/nbg.eu\/pl\/produkt\/kmr-rozlacznik-rozmiar-1\/","title":{"rendered":"KMR Roz\u0142\u0105cznik Rozmiar 1"},"content":{"rendered":"<h2>ROZ\u0141\u0104CZNIK KMR ROZMIAR 1 0,2 -0,3<\/h2>\n<p>Sportowy roz\u0142\u0105cznik do pistolet\u00f3w KMR. Zaprojektowany do &#8222;tuningu&#8221; pistolet\u00f3w sportowych. Skraca skok spustu, odci\u0105\u017ca spust i skraca reset broni. Dzi\u0119ki temu roz\u0142\u0105cznik jest szczeg\u00f3lnie odpowiedni dla strzelc\u00f3w sportowych, kt\u00f3rzy chc\u0105 zminimalizowa\u0107 szarpni\u0119cia broni i zoptymalizowa\u0107 precyzyjne i szybkie strzelanie.<\/p>\n<p>Do Broni KMR:<br \/>\nKMR L-02 SPECTRA UNTIL 2023<br \/>\nKMR L-02 UMBRA (OR) SR<br \/>\nKMR S-01 LANCE (OR)<br \/>\nKMR S-02 FROM 2024<br \/>\nKMR S-02 UNTIL 2023<br \/>\nKMR W-02 UMBRA (OR)<\/p>\n<p>Reference 0740-00109-0000<\/p>\n","protected":false},"excerpt":{"rendered":"<p>Zoptymalizowany sportowy roz\u0142\u0105cznik do pistolet\u00f3w KMR, skraca skok spustu i reset.<\/p>\n","protected":false},"featured_media":25020,"template":"","meta":{"_acf_changed":false},"product_brand":[11510],"product_cat":[12573],"product_tag":[],"class_list":{"0":"post-747870","1":"product","2":"type-product","3":"status-publish","4":"has-post-thumbnail","6":"product_brand-kmr-precision","7":"product_cat-czesci-kmr","9":"first","10":"instock","11":"taxable","12":"shipping-taxable","13":"product-type-variable","14":"wvs-archive-product-wrapper"},"acf":[],"_links":{"self":[{"href":"https:\/\/nbg.eu\/pl\/wp-json\/wp\/v2\/product\/747870","targetHints":{"allow":["GET"]}}],"collection":[{"href":"https:\/\/nbg.eu\/pl\/wp-json\/wp\/v2\/product"}],"about":[{"href":"https:\/\/nbg.eu\/pl\/wp-json\/wp\/v2\/types\/product"}],"wp:featuredmedia":[{"embeddable":true,"href":"https:\/\/nbg.eu\/pl\/wp-json\/wp\/v2\/media\/25020"}],"wp:attachment":[{"href":"https:\/\/nbg.eu\/pl\/wp-json\/wp\/v2\/media?parent=747870"}],"wp:term":[{"taxonomy":"product_brand","embeddable":true,"href":"https:\/\/nbg.eu\/pl\/wp-json\/wp\/v2\/product_brand?post=747870"},{"taxonomy":"product_cat","embeddable":true,"href":"https:\/\/nbg.eu\/pl\/wp-json\/wp\/v2\/product_cat?post=747870"},{"taxonomy":"product_tag","embeddable":true,"href":"https:\/\/nbg.eu\/pl\/wp-json\/wp\/v2\/product_tag?post=747870"}],"curies":[{"name":"wp","href":"https:\/\/api.w.org\/{rel}","templated":true}]}}