{"id":748277,"date":"2026-04-16T10:55:13","date_gmt":"2026-04-16T07:55:13","guid":{"rendered":"https:\/\/nbg.eu\/product\/kmr-sprezyna-powrotna-4-5\/"},"modified":"2026-04-16T18:20:46","modified_gmt":"2026-04-16T15:20:46","slug":"kmr-sprezyna-powrotna-4-5","status":"publish","type":"product","link":"https:\/\/nbg.eu\/pl\/produkt\/kmr-sprezyna-powrotna-4-5\/","title":{"rendered":"KMR Spr\u0119\u017cyna Powrotna 4.5&#8243;"},"content":{"rendered":"<h2>KMR Spr\u0119\u017cyna Powrotna \u2013 4.5&#8243; Hard (13 lbs)<\/h2>\n<p>KMR 13 lb &#8222;Hard&#8221; Spr\u0119\u017cyna Powrotna to wytrzyma\u0142y komponent zaprojektowany specjalnie dla pistolet\u00f3w KMR 4.5&#8243; z d\u0142ugim zamkiem. Ta spr\u0119\u017cyna zapewnia maksymaln\u0105 kontrol\u0119 i ochron\u0119 strukturaln\u0105 dla strzelc\u00f3w u\u017cywaj\u0105cych amunicji o du\u017cej mocy.<\/p>\n<h3>Maksymalna stabilno\u015b\u0107 dla platform z d\u0142ugim zamkiem<\/h3>\n<p>D\u0142u\u017csze zamki maj\u0105 wi\u0119ksz\u0105 mas\u0119 ruchom\u0105, co mo\u017ce prowadzi\u0107 do zwi\u0119kszonego zu\u017cycia szkieletu przy standardowych lub lekkich spr\u0119\u017cynach z mocnymi \u0142adunkami. Spr\u0119\u017cyna &#8222;Hard&#8221; 13 lb przeciwdzia\u0142a temu.<\/p>\n<h3>Specyfikacja techniczna:<\/h3>\n<ul>\n<li><strong>Napi\u0119cie 13 lb:<\/strong> Sklasyfikowana jako &#8222;Hard&#8221;, zapewnia maksymalny op\u00f3r i siln\u0105 si\u0142\u0119 powrotu.<\/li>\n<li><strong>Zoptymalizowane dopasowanie do 4.5&#8243;:<\/strong> Dostosowana do specyficznej d\u0142ugo\u015bci skoku i wymiar\u00f3w kana\u0142u spr\u0119\u017cyny modeli KMR 4.5&#8243;.<\/li>\n<li><strong>Premium stop spr\u0119\u017cynowy:<\/strong> Wykonana ze stali o wysokiej wytrzyma\u0142o\u015bci, aby utrzyma\u0107 parametry przez tysi\u0105ce cykli.<\/li>\n<li><strong>Zwi\u0119kszona niezawodno\u015b\u0107 podawania:<\/strong> Dodatkowe napi\u0119cie gwarantuje niezawodne podawanie naboi z magazynka.<\/li>\n<\/ul>\n<h3>G\u0142\u00f3wne zalety:<\/h3>\n<ul>\n<li><strong>Trwa\u0142o\u015b\u0107 szkieletu:<\/strong> Dzia\u0142a jako solidny bufor, zapobiegaj\u0105c uderzeniu zamka w szkielet podczas cykli pod wysokim ci\u015bnieniem.<\/li>\n<li><strong>Zoptymalizowana dla Major Power Factor:<\/strong> Idealny wyb\u00f3r dla strzelc\u00f3w IPSC Standard lub Open division.<\/li>\n<li><strong>Pewne cyklowanie:<\/strong> Zapewnia wyra\u017ane, dotykowe odczucie ruchu zamka.<\/li>\n<\/ul>\n<p><em>Uwaga: Dla najlepszych wynik\u00f3w upewnij si\u0119, \u017ce amunicja ma wystarczaj\u0105ce ci\u015bnienie do pe\u0142nego cyklowania spr\u0119\u017cyny 13 lb.<\/em><\/p>\n","protected":false},"excerpt":{"rendered":"<p>0730-05804-0000<\/p>\n","protected":false},"featured_media":25158,"template":"","meta":{"_acf_changed":false},"product_brand":[11510],"product_cat":[12573,12591],"product_tag":[],"class_list":{"0":"post-748277","1":"product","2":"type-product","3":"status-publish","4":"has-post-thumbnail","6":"product_brand-kmr-precision","7":"product_cat-czesci-kmr","8":"product_cat-sprezyny","10":"first","11":"instock","12":"taxable","13":"shipping-taxable","14":"product-type-variable","15":"wvs-archive-product-wrapper"},"acf":[],"_links":{"self":[{"href":"https:\/\/nbg.eu\/pl\/wp-json\/wp\/v2\/product\/748277","targetHints":{"allow":["GET"]}}],"collection":[{"href":"https:\/\/nbg.eu\/pl\/wp-json\/wp\/v2\/product"}],"about":[{"href":"https:\/\/nbg.eu\/pl\/wp-json\/wp\/v2\/types\/product"}],"wp:featuredmedia":[{"embeddable":true,"href":"https:\/\/nbg.eu\/pl\/wp-json\/wp\/v2\/media\/25158"}],"wp:attachment":[{"href":"https:\/\/nbg.eu\/pl\/wp-json\/wp\/v2\/media?parent=748277"}],"wp:term":[{"taxonomy":"product_brand","embeddable":true,"href":"https:\/\/nbg.eu\/pl\/wp-json\/wp\/v2\/product_brand?post=748277"},{"taxonomy":"product_cat","embeddable":true,"href":"https:\/\/nbg.eu\/pl\/wp-json\/wp\/v2\/product_cat?post=748277"},{"taxonomy":"product_tag","embeddable":true,"href":"https:\/\/nbg.eu\/pl\/wp-json\/wp\/v2\/product_tag?post=748277"}],"curies":[{"name":"wp","href":"https:\/\/api.w.org\/{rel}","templated":true}]}}