{"id":748604,"date":"2026-04-16T10:56:25","date_gmt":"2026-04-16T07:56:25","guid":{"rendered":"https:\/\/nbg.eu\/product\/kmr-obudowa-sprezyny-al\/"},"modified":"2026-04-16T18:20:39","modified_gmt":"2026-04-16T15:20:39","slug":"kmr-obudowa-sprezyny-al","status":"publish","type":"product","link":"https:\/\/nbg.eu\/pl\/produkt\/kmr-obudowa-sprezyny-al\/","title":{"rendered":"KMR Obudowa Spr\u0119\u017cyny Powrotnej AL"},"content":{"rendered":"<h2>OBUDOWA SPR\u0118\u017bYNY KMR 5&#8243; AL<\/h2>\n<p>O d\u0142ugo\u015bci 5 cali, ta obudowa spr\u0119\u017cyny zapewnia bezpieczne i niezawodne rozwi\u0105zanie dla systemu broni KMR. Solidna konstrukcja gwarantuje d\u0142ugotrwa\u0142\u0105 wydajno\u015b\u0107, a aluminium oferuje lekki, ale wytrzyma\u0142y design.<\/p>\n<p>Obudowa Spr\u0119\u017cyny KMR 5&#8243; AL to wysokiej jako\u015bci akcesorium zaprojektowane dla konkretnych modeli KMR. Wykonane z wytrzyma\u0142ego aluminium, kompatybilne z nast\u0119puj\u0105cymi modelami:<\/p>\n<ul>\n<p>KMR L-02 ORCA (from 2024)<\/p>\n<p>KMR L-02 ORCA (until 2023)<\/p>\n<p>KMR L-02 SPECTRA (from 2024)<\/p>\n<p>KMR L-02 SPECTRA (until 2023)<\/p>\n<\/ul>\n<p>Product Reference: 0710-01603-0201<\/p>\n","protected":false},"excerpt":{"rendered":"<p>Obudowa spr\u0119\u017cyny do pistolet\u00f3w serii KMR, 5&#8243; z aluminium.<\/p>\n","protected":false},"featured_media":24484,"template":"","meta":{"_acf_changed":false},"product_brand":[11510],"product_cat":[12573,12591],"product_tag":[],"class_list":{"0":"post-748604","1":"product","2":"type-product","3":"status-publish","4":"has-post-thumbnail","6":"product_brand-kmr-precision","7":"product_cat-czesci-kmr","8":"product_cat-sprezyny","10":"first","11":"instock","12":"taxable","13":"shipping-taxable","14":"product-type-variable","15":"wvs-archive-product-wrapper"},"acf":[],"_links":{"self":[{"href":"https:\/\/nbg.eu\/pl\/wp-json\/wp\/v2\/product\/748604","targetHints":{"allow":["GET"]}}],"collection":[{"href":"https:\/\/nbg.eu\/pl\/wp-json\/wp\/v2\/product"}],"about":[{"href":"https:\/\/nbg.eu\/pl\/wp-json\/wp\/v2\/types\/product"}],"wp:featuredmedia":[{"embeddable":true,"href":"https:\/\/nbg.eu\/pl\/wp-json\/wp\/v2\/media\/24484"}],"wp:attachment":[{"href":"https:\/\/nbg.eu\/pl\/wp-json\/wp\/v2\/media?parent=748604"}],"wp:term":[{"taxonomy":"product_brand","embeddable":true,"href":"https:\/\/nbg.eu\/pl\/wp-json\/wp\/v2\/product_brand?post=748604"},{"taxonomy":"product_cat","embeddable":true,"href":"https:\/\/nbg.eu\/pl\/wp-json\/wp\/v2\/product_cat?post=748604"},{"taxonomy":"product_tag","embeddable":true,"href":"https:\/\/nbg.eu\/pl\/wp-json\/wp\/v2\/product_tag?post=748604"}],"curies":[{"name":"wp","href":"https:\/\/api.w.org\/{rel}","templated":true}]}}