{"id":748726,"date":"2026-04-16T10:56:47","date_gmt":"2026-04-16T07:56:47","guid":{"rendered":"https:\/\/nbg.eu\/product\/kmr-prowadnica-sprezyny-nierdzewna\/"},"modified":"2026-04-16T18:20:35","modified_gmt":"2026-04-16T15:20:35","slug":"kmr-prowadnica-sprezyny-nierdzewna","status":"publish","type":"product","link":"https:\/\/nbg.eu\/pl\/produkt\/kmr-prowadnica-sprezyny-nierdzewna\/","title":{"rendered":"KMR Prowadnica Spr\u0119\u017cyny Powrotnej Nierdzewna"},"content":{"rendered":"<h2>Prowadnica Spr\u0119\u017cyny KMR 5&#8243; Nierdzewna<\/h2>\n<p>Wykonana z wysokiej jako\u015bci stali nierdzewnej, Prowadnica Spr\u0119\u017cyny KMR 5&#8243; Nierdzewna zapewnia zwi\u0119kszon\u0105 trwa\u0142o\u015b\u0107 i odporno\u015b\u0107 na korozj\u0119. D\u0142ugo\u015b\u0107 5 cali oferuje idealne dopasowanie i niezb\u0119dn\u0105 stabilno\u015b\u0107 oraz kontrol\u0119 podczas odrzutu.<\/p>\n<p>Z eleganckim i nowoczesnym designem, Prowadnica Spr\u0119\u017cyny KMR 5&#8243; Nierdzewna nie tylko poprawia funkcjonalno\u015b\u0107 broni, ale tak\u017ce zwi\u0119ksza jej og\u00f3ln\u0105 stabilno\u015b\u0107.<\/p>\n<p>Do Broni KMR<\/p>\n<p>KMR L-02 ORCA FROM 2024<\/p>\n<p>KMR L-02 ORCA UNTIL 2023<\/p>\n<p>KMR L-02 SPECTRA FROM 2024<\/p>\n<p>KMR L-02 SPECTRA UNTIL 2023<\/p>\n","protected":false},"excerpt":{"rendered":"<p>Prowadnica spr\u0119\u017cyny KMR 5&#8243; nierdzewna do modeli KMR L-02 ORCA &amp; SPECTRA.<\/p>\n","protected":false},"featured_media":25667,"template":"","meta":{"_acf_changed":false},"product_brand":[11510],"product_cat":[12573,12591],"product_tag":[],"class_list":{"0":"post-748726","1":"product","2":"type-product","3":"status-publish","4":"has-post-thumbnail","6":"product_brand-kmr-precision","7":"product_cat-czesci-kmr","8":"product_cat-sprezyny","10":"first","11":"instock","12":"taxable","13":"shipping-taxable","14":"product-type-variable","15":"wvs-archive-product-wrapper"},"acf":[],"_links":{"self":[{"href":"https:\/\/nbg.eu\/pl\/wp-json\/wp\/v2\/product\/748726","targetHints":{"allow":["GET"]}}],"collection":[{"href":"https:\/\/nbg.eu\/pl\/wp-json\/wp\/v2\/product"}],"about":[{"href":"https:\/\/nbg.eu\/pl\/wp-json\/wp\/v2\/types\/product"}],"wp:featuredmedia":[{"embeddable":true,"href":"https:\/\/nbg.eu\/pl\/wp-json\/wp\/v2\/media\/25667"}],"wp:attachment":[{"href":"https:\/\/nbg.eu\/pl\/wp-json\/wp\/v2\/media?parent=748726"}],"wp:term":[{"taxonomy":"product_brand","embeddable":true,"href":"https:\/\/nbg.eu\/pl\/wp-json\/wp\/v2\/product_brand?post=748726"},{"taxonomy":"product_cat","embeddable":true,"href":"https:\/\/nbg.eu\/pl\/wp-json\/wp\/v2\/product_cat?post=748726"},{"taxonomy":"product_tag","embeddable":true,"href":"https:\/\/nbg.eu\/pl\/wp-json\/wp\/v2\/product_tag?post=748726"}],"curies":[{"name":"wp","href":"https:\/\/api.w.org\/{rel}","templated":true}]}}