{"id":749323,"date":"2026-04-24T11:17:23","date_gmt":"2026-04-24T08:17:23","guid":{"rendered":"https:\/\/nbg.eu\/product\/eberlestock-wrs-retention-strap\/"},"modified":"2026-04-24T11:58:55","modified_gmt":"2026-04-24T08:58:55","slug":"eberlestock-wrs-retention-strap","status":"publish","type":"product","link":"https:\/\/nbg.eu\/pl\/produkt\/eberlestock-wrs-retention-strap\/","title":{"rendered":"Eberlestock WRS-Retention Strap"},"content":{"rendered":"<h2>Eberlestock WRS-Retention Strap<\/h2>\n<p>Eberlestock WRS Retention Strap to prosty, ale niezwykle skuteczny akcesoria zaprojektowany w celu poprawy kontroli i adaptowalno\u015bci systemu przenoszenia. Dost\u0119pny w wielu wariantach kolorystycznych pasuj\u0105cych do istniej\u0105cego sprz\u0119tu Eberlestock, ten lekki pasek daje u\u017cytkownikom wi\u0119ksz\u0105 elastyczno\u015b\u0107 w mocowaniu broni, sprz\u0119tu i akcesori\u00f3w do platform kompatybilnych z MOLLE.<\/p>\n<h3>Kluczowe cechy<\/h3>\n<ul>\n<li>Uniwersalne mocowanie kompatybilne z MOLLE do stosowania z plecakami i akcesoriami Eberlestock<\/li>\n<li>Zaprojektowany do mocowania broni i og\u00f3lnego zabezpieczania sprz\u0119tu<\/li>\n<li>Niskoprofilowa konstrukcja, kt\u00f3ra bezproblemowo integruje si\u0119 z istniej\u0105cymi zestawami<\/li>\n<li>Funkcja szybkiej regulacji do szybkiego wdro\u017cenia i schowania<\/li>\n<li>Dost\u0119pny w wielu kolorach: Dry Earth, Military Green, Coyote Brown i Multicam<\/li>\n<li>Obj\u0119te do\u017cywotni\u0105 gwarancj\u0105 Eberlestock<\/li>\n<\/ul>\n<h3>Specyfikacje<\/h3>\n<table>\n<tr>\n<td><strong>Kody produkt\u00f3w<\/strong><\/td>\n<td>WRSME (Dry Earth), WRSMJ (Military Green), WRSMC (Coyote Brown), WRSMM (Multicam)<\/td>\n<\/tr>\n<tr>\n<td><strong>Waga<\/strong><\/td>\n<td>4 oz<\/td>\n<\/tr>\n<tr>\n<td><strong>Kompatybilno\u015b\u0107<\/strong><\/td>\n<td>MOLLE \/ PALS<\/td>\n<\/tr>\n<tr>\n<td><strong>Producent<\/strong><\/td>\n<td>Eberlestock (Firma weteran\u00f3w)<\/td>\n<\/tr>\n<\/table>\n","protected":false},"excerpt":{"rendered":"<p>Eberlestock WRS Retention Strap to prosty, ale niezwykle skuteczny akcesoria zaprojektowany w celu poprawy kontroli i adaptowalno\u015bci systemu przenoszenia. Dost\u0119pny w wielu wariantach kolorystycznych pasuj\u0105cych do istniej\u0105cego sprz\u0119tu Eberlestock, ten lekki pasek daje u\u017cytkownikom wi\u0119ksz\u0105 elastyczno\u015b\u0107 w mocowaniu broni, sprz\u0119tu i akcesori\u00f3w do platform kompatybilnych z MOLLE.<\/p>\n","protected":false},"featured_media":749324,"template":"","meta":{"_acf_changed":false},"product_brand":[15144],"product_cat":[12631],"product_tag":[],"class_list":{"0":"post-749323","1":"product","2":"type-product","3":"status-publish","4":"has-post-thumbnail","6":"product_brand-eberlestock","7":"product_cat-wyposazenie","9":"first","10":"outofstock","11":"taxable","12":"shipping-taxable","13":"purchasable","14":"product-type-variable","15":"wvs-archive-product-wrapper"},"acf":[],"_links":{"self":[{"href":"https:\/\/nbg.eu\/pl\/wp-json\/wp\/v2\/product\/749323","targetHints":{"allow":["GET"]}}],"collection":[{"href":"https:\/\/nbg.eu\/pl\/wp-json\/wp\/v2\/product"}],"about":[{"href":"https:\/\/nbg.eu\/pl\/wp-json\/wp\/v2\/types\/product"}],"wp:featuredmedia":[{"embeddable":true,"href":"https:\/\/nbg.eu\/pl\/wp-json\/wp\/v2\/media\/749324"}],"wp:attachment":[{"href":"https:\/\/nbg.eu\/pl\/wp-json\/wp\/v2\/media?parent=749323"}],"wp:term":[{"taxonomy":"product_brand","embeddable":true,"href":"https:\/\/nbg.eu\/pl\/wp-json\/wp\/v2\/product_brand?post=749323"},{"taxonomy":"product_cat","embeddable":true,"href":"https:\/\/nbg.eu\/pl\/wp-json\/wp\/v2\/product_cat?post=749323"},{"taxonomy":"product_tag","embeddable":true,"href":"https:\/\/nbg.eu\/pl\/wp-json\/wp\/v2\/product_tag?post=749323"}],"curies":[{"name":"wp","href":"https:\/\/api.w.org\/{rel}","templated":true}]}}