{"id":750229,"date":"2026-04-24T11:17:44","date_gmt":"2026-04-24T08:17:44","guid":{"rendered":"https:\/\/nbg.eu\/product\/eberlestock-spectre-plecak-multicam\/"},"modified":"2026-04-24T12:02:44","modified_gmt":"2026-04-24T09:02:44","slug":"eberlestock-spectre-plecak-multicam","status":"publish","type":"product","link":"https:\/\/nbg.eu\/pl\/produkt\/eberlestock-spectre-plecak-multicam\/","title":{"rendered":"Eberlestock Spectre Plecak &#8211; Multicam"},"content":{"rendered":"<h2>Eberlestock Spectre Plecak<\/h2>\n<p>Eberlestock Spectre to najbardziej innowacyjny i wszechstronny plecak snajperski w ofercie Eberlestock, na nowo definiuj\u0105cy mo\u017cliwo\u015bci precyzyjnego wyposa\u017cenia bojowego. Z pojemno\u015bci\u0105 3100 cali sze\u015bciennych, zintegrowan\u0105 kabur\u0105 na bro\u0144 i kompleksowymi funkcjami organizacyjnymi, Spectre jest stworzony dla operator\u00f3w wymagaj\u0105cych najwy\u017cszego poziomu wydajno\u015bci od swojego sprz\u0119tu.<\/p>\n<h3>Kluczowe cechy<\/h3>\n<ul>\n<li>3,100 c.i. \/ 50.8L capacity<\/li>\n<li>Integrated rifle scabbard (34&#8243;)<\/li>\n<li>Full MOLLE\/PALS webbing<\/li>\n<li>Adjustable torso length<\/li>\n<li>Hydration compatible<\/li>\n<li>Eberlestock Lifetime Warranty<\/li>\n<\/ul>\n<h3>Specyfikacje<\/h3>\n<table>\n<tr>\n<td><strong>Pojemno\u015b\u0107<\/strong><\/td>\n<td>3,100 c.i. \/ 50.8L<\/td>\n<\/tr>\n<tr>\n<td><strong>Waga<\/strong><\/td>\n<td>6 lbs 6 oz<\/td>\n<\/tr>\n<tr>\n<td><strong>Wymiary<\/strong><\/td>\n<td>23&#8243; x 12&#8243; (Scabbard: 34&#8243;)<\/td>\n<\/tr>\n<tr>\n<td><strong>Kody produkt\u00f3w<\/strong><\/td>\n<td>W2MM, W2ME, W2MC, W2MJ<\/td>\n<\/tr>\n<tr>\n<td><strong>Producent<\/strong><\/td>\n<td>Eberlestock (Firma weteran\u00f3w)<\/td>\n<\/tr>\n<\/table>\n","protected":false},"excerpt":{"rendered":"<p>Eberlestock Spectre to najbardziej innowacyjny i wszechstronny plecak snajperski w ofercie Eberlestock, na nowo definiuj\u0105cy mo\u017cliwo\u015bci precyzyjnego wyposa\u017cenia bojowego. Z pojemno\u015bci\u0105 3100 cali sze\u015bciennych, zintegrowan\u0105 kabur\u0105 na bro\u0144 i kompleksowymi funkcjami organizacyjnymi, Spectre jest stworzony dla operator\u00f3w wymagaj\u0105cych najwy\u017cszego poziomu wydajno\u015bci od swojego sprz\u0119tu.<\/p>\n","protected":false},"featured_media":750230,"template":"","meta":{"_acf_changed":false},"product_brand":[15144],"product_cat":[12567],"product_tag":[],"class_list":{"0":"post-750229","1":"product","2":"type-product","3":"status-publish","4":"has-post-thumbnail","6":"product_brand-eberlestock","7":"product_cat-plecaki","9":"first","10":"outofstock","11":"taxable","12":"shipping-taxable","13":"purchasable","14":"product-type-simple"},"acf":[],"_links":{"self":[{"href":"https:\/\/nbg.eu\/pl\/wp-json\/wp\/v2\/product\/750229","targetHints":{"allow":["GET"]}}],"collection":[{"href":"https:\/\/nbg.eu\/pl\/wp-json\/wp\/v2\/product"}],"about":[{"href":"https:\/\/nbg.eu\/pl\/wp-json\/wp\/v2\/types\/product"}],"wp:featuredmedia":[{"embeddable":true,"href":"https:\/\/nbg.eu\/pl\/wp-json\/wp\/v2\/media\/750230"}],"wp:attachment":[{"href":"https:\/\/nbg.eu\/pl\/wp-json\/wp\/v2\/media?parent=750229"}],"wp:term":[{"taxonomy":"product_brand","embeddable":true,"href":"https:\/\/nbg.eu\/pl\/wp-json\/wp\/v2\/product_brand?post=750229"},{"taxonomy":"product_cat","embeddable":true,"href":"https:\/\/nbg.eu\/pl\/wp-json\/wp\/v2\/product_cat?post=750229"},{"taxonomy":"product_tag","embeddable":true,"href":"https:\/\/nbg.eu\/pl\/wp-json\/wp\/v2\/product_tag?post=750229"}],"curies":[{"name":"wp","href":"https:\/\/api.w.org\/{rel}","templated":true}]}}