{"id":750850,"date":"2026-04-24T11:17:50","date_gmt":"2026-04-24T08:17:50","guid":{"rendered":"https:\/\/nbg.eu\/product\/eberlestock-brooks-7000-dry-earth\/"},"modified":"2026-04-24T12:05:27","modified_gmt":"2026-04-24T09:05:27","slug":"eberlestock-brooks-7000-dry-earth","status":"publish","type":"product","link":"https:\/\/nbg.eu\/pl\/produkt\/eberlestock-brooks-7000-dry-earth\/","title":{"rendered":"Eberlestock Brooks 7000 &#8211; Dry Earth"},"content":{"rendered":"<h2>Eberlestock Brooks 7000<\/h2>\n<p>Gdy polowanie zabiera Ci\u0119 g\u0142\u0119boko w dzik\u0105 przyrod\u0119 na dni lub tygodnie, Eberlestock Brooks 7000 to torba, kt\u00f3r\u0105 chcesz mie\u0107 na swojej ramie. Ten plecak klasy ekspedycyjnej zapewnia ogromn\u0105 pojemno\u015b\u0107 7000 cali sze\u015bciennych (114L), wyj\u0105tkow\u0105 wytrzyma\u0142o\u015b\u0107 i funkcje organizacyjne potrzebne do odleg\u0142ych, samodzielnych polowa\u0144.<\/p>\n<h3>Kluczowe cechy<\/h3>\n<ul>\n<li>7000 c.i. \/ 114L capacity<\/li>\n<li>Modframe compatible<\/li>\n<li>Extended backcountry hunts<\/li>\n<li>Ultralight at 2 lbs 14 oz<\/li>\n<li>Eberlestock Lifetime Warranty<\/li>\n<\/ul>\n<h3>Specyfikacje<\/h3>\n<table>\n<tr>\n<td><strong>Obj\u0119to\u015b\u0107<\/strong><\/td>\n<td>7000 c.i. \/ 114L<\/td>\n<\/tr>\n<tr>\n<td><strong>Waga<\/strong><\/td>\n<td>2 lbs 14 oz<\/td>\n<\/tr>\n<tr>\n<td><strong>Wymiary<\/strong><\/td>\n<td>44&#8243;H x 12&#8243;W x 12&#8243;D<\/td>\n<\/tr>\n<tr>\n<td><strong>Kody produkt\u00f3w<\/strong><\/td>\n<td>BS70ME, BS70MJ, BS70AM, BS70AR, BS70AS<\/td>\n<\/tr>\n<tr>\n<td><strong>Producent<\/strong><\/td>\n<td>Eberlestock (Firma weteran\u00f3w)<\/td>\n<\/tr>\n<\/table>\n","protected":false},"excerpt":{"rendered":"<p>Gdy polowanie zabiera Ci\u0119 g\u0142\u0119boko w dzik\u0105 przyrod\u0119 na dni lub tygodnie, Eberlestock Brooks 7000 to torba, kt\u00f3r\u0105 chcesz mie\u0107 na swojej ramie. Ten plecak klasy ekspedycyjnej zapewnia ogromn\u0105 pojemno\u015b\u0107 7000 cali sze\u015bciennych (114L), wyj\u0105tkow\u0105 wytrzyma\u0142o\u015b\u0107 i funkcje organizacyjne potrzebne do odleg\u0142ych, samodzielnych polowa\u0144.<\/p>\n","protected":false},"featured_media":750851,"template":"","meta":{"_acf_changed":false},"product_brand":[15144],"product_cat":[12567],"product_tag":[],"class_list":{"0":"post-750850","1":"product","2":"type-product","3":"status-publish","4":"has-post-thumbnail","6":"product_brand-eberlestock","7":"product_cat-plecaki","9":"first","10":"outofstock","11":"taxable","12":"shipping-taxable","13":"purchasable","14":"product-type-simple"},"acf":[],"_links":{"self":[{"href":"https:\/\/nbg.eu\/pl\/wp-json\/wp\/v2\/product\/750850","targetHints":{"allow":["GET"]}}],"collection":[{"href":"https:\/\/nbg.eu\/pl\/wp-json\/wp\/v2\/product"}],"about":[{"href":"https:\/\/nbg.eu\/pl\/wp-json\/wp\/v2\/types\/product"}],"wp:featuredmedia":[{"embeddable":true,"href":"https:\/\/nbg.eu\/pl\/wp-json\/wp\/v2\/media\/750851"}],"wp:attachment":[{"href":"https:\/\/nbg.eu\/pl\/wp-json\/wp\/v2\/media?parent=750850"}],"wp:term":[{"taxonomy":"product_brand","embeddable":true,"href":"https:\/\/nbg.eu\/pl\/wp-json\/wp\/v2\/product_brand?post=750850"},{"taxonomy":"product_cat","embeddable":true,"href":"https:\/\/nbg.eu\/pl\/wp-json\/wp\/v2\/product_cat?post=750850"},{"taxonomy":"product_tag","embeddable":true,"href":"https:\/\/nbg.eu\/pl\/wp-json\/wp\/v2\/product_tag?post=750850"}],"curies":[{"name":"wp","href":"https:\/\/api.w.org\/{rel}","templated":true}]}}