{"id":751416,"date":"2026-04-24T11:17:56","date_gmt":"2026-04-24T08:17:56","guid":{"rendered":"https:\/\/nbg.eu\/product\/eberlestock-mission-wings-multicam\/"},"modified":"2026-04-24T12:08:09","modified_gmt":"2026-04-24T09:08:09","slug":"eberlestock-mission-wings-multicam","status":"publish","type":"product","link":"https:\/\/nbg.eu\/pl\/produkt\/eberlestock-mission-wings-multicam\/","title":{"rendered":"Eberlestock Mission Wings &#8211; Multicam"},"content":{"rendered":"<h2>Eberlestock Mission Wings<\/h2>\n<p>Eberlestock Mission Wings to modu\u0142owe, lekkie panele boczne, kt\u00f3re szybko dodaj\u0105 dodatkow\u0105 obj\u0119to\u015b\u0107 lub umo\u017cliwiaj\u0105 strategiczn\u0105 konfiguracj\u0119 wyspecjalizowanych zestaw\u00f3w na zewn\u0105trz systemu Mission System. \u0141atwe do dodania lub usuni\u0119cia za pomoc\u0105 owalnych punkt\u00f3w mocowania tri-glide, zapewniaj\u0105 szybki dost\u0119p do przechowywania tam, gdzie jest najbardziej potrzebny.<\/p>\n<h3>Kluczowe cechy<\/h3>\n<ul>\n<li>765 c.i. \/ 13.68L combined capacity<\/li>\n<li>Modular side panels<\/li>\n<li>Oval tri-glide attachment<\/li>\n<li>Quick-access design<\/li>\n<li>Mission System integration<\/li>\n<li>Eberlestock Lifetime Warranty<\/li>\n<\/ul>\n<h3>Specyfikacje<\/h3>\n<table>\n<tr>\n<td><strong>Obj\u0119to\u015b\u0107<\/strong><\/td>\n<td>765 c.i. \/ 13.68L<\/td>\n<\/tr>\n<tr>\n<td><strong>Waga<\/strong><\/td>\n<td>1 lb 2 oz<\/td>\n<\/tr>\n<tr>\n<td><strong>Wymiary<\/strong><\/td>\n<td>18&#8243;H x 6.5&#8243;W x 2&#8243;D<\/td>\n<\/tr>\n<tr>\n<td><strong>Kody produkt\u00f3w<\/strong><\/td>\n<td>MW1MM, MW1MC<\/td>\n<\/tr>\n<tr>\n<td><strong>Producent<\/strong><\/td>\n<td>Eberlestock (Firma weteran\u00f3w)<\/td>\n<\/tr>\n<\/table>\n","protected":false},"excerpt":{"rendered":"<p>Eberlestock Mission Wings to modu\u0142owe, lekkie panele boczne, kt\u00f3re szybko dodaj\u0105 dodatkow\u0105 obj\u0119to\u015b\u0107 lub umo\u017cliwiaj\u0105 strategiczn\u0105 konfiguracj\u0119 wyspecjalizowanych zestaw\u00f3w na zewn\u0105trz systemu Mission System. \u0141atwe do dodania lub usuni\u0119cia za pomoc\u0105 owalnych punkt\u00f3w mocowania tri-glide, zapewniaj\u0105 szybki dost\u0119p do przechowywania tam, gdzie jest najbardziej potrzebny.<\/p>\n","protected":false},"featured_media":751417,"template":"","meta":{"_acf_changed":false},"product_brand":[15144],"product_cat":[12567],"product_tag":[],"class_list":{"0":"post-751416","1":"product","2":"type-product","3":"status-publish","4":"has-post-thumbnail","6":"product_brand-eberlestock","7":"product_cat-plecaki","9":"first","10":"outofstock","11":"taxable","12":"shipping-taxable","13":"purchasable","14":"product-type-simple"},"acf":[],"_links":{"self":[{"href":"https:\/\/nbg.eu\/pl\/wp-json\/wp\/v2\/product\/751416","targetHints":{"allow":["GET"]}}],"collection":[{"href":"https:\/\/nbg.eu\/pl\/wp-json\/wp\/v2\/product"}],"about":[{"href":"https:\/\/nbg.eu\/pl\/wp-json\/wp\/v2\/types\/product"}],"wp:featuredmedia":[{"embeddable":true,"href":"https:\/\/nbg.eu\/pl\/wp-json\/wp\/v2\/media\/751417"}],"wp:attachment":[{"href":"https:\/\/nbg.eu\/pl\/wp-json\/wp\/v2\/media?parent=751416"}],"wp:term":[{"taxonomy":"product_brand","embeddable":true,"href":"https:\/\/nbg.eu\/pl\/wp-json\/wp\/v2\/product_brand?post=751416"},{"taxonomy":"product_cat","embeddable":true,"href":"https:\/\/nbg.eu\/pl\/wp-json\/wp\/v2\/product_cat?post=751416"},{"taxonomy":"product_tag","embeddable":true,"href":"https:\/\/nbg.eu\/pl\/wp-json\/wp\/v2\/product_tag?post=751416"}],"curies":[{"name":"wp","href":"https:\/\/api.w.org\/{rel}","templated":true}]}}