{"id":755391,"date":"2026-05-13T13:36:32","date_gmt":"2026-05-13T10:36:32","guid":{"rendered":"https:\/\/nbg.eu\/product\/obustronna-raczka-przeladowania-oberland-arms-small-223\/"},"modified":"2026-05-13T14:48:53","modified_gmt":"2026-05-13T11:48:53","slug":"obustronna-raczka-przeladowania-oberland-arms-small-223","status":"publish","type":"product","link":"https:\/\/nbg.eu\/pl\/produkt\/obustronna-raczka-przeladowania-oberland-arms-small-223\/","title":{"rendered":"Obustronna R\u0105czka Prze\u0142adowania Oberland Arms, Small, .223"},"content":{"rendered":"<h2>Obustronna R\u0105czka Prze\u0142adowania Oberland Arms, Small, .223<\/h2>\n<p>Obustronna r\u0105czka prze\u0142adowania Oberland Arms to precyzyjny upgrade platformy AR-15 w kal. .223 Rem \/ 5.56 NATO. Niski profil i dwustronna d\u017awignia umo\u017cliwiaj\u0105 szybk\u0105 obs\u0142ug\u0119 obiema r\u0119kami bez kolizji z optyk\u0105 i akcesoriami.<\/p>\n<h3>Najwa\u017cniejsze cechy<\/h3>\n<ul>\n<li>Praca obustronna &#8211; lewa lub prawa r\u0119ka<\/li>\n<li>Ma\u0142a d\u017awignia o niskim profilu<\/li>\n<li>Drop-in zamiennik standardowej r\u0105czki AR-15<\/li>\n<li>Precyzyjnie frezowana<\/li>\n<li>Wyprodukowano w Niemczech przez Oberland Arms<\/li>\n<\/ul>\n<h3>Specyfikacja<\/h3>\n<table>\n<tr>\n<td><strong>Kompatybilno\u015b\u0107<\/strong><\/td>\n<td>AR-15 \/ .223 Rem \/ 5.56 NATO<\/td>\n<\/tr>\n<tr>\n<td><strong>Typ<\/strong><\/td>\n<td>Obustronna, ma\u0142a d\u017awignia<\/td>\n<\/tr>\n<tr>\n<td><strong>Producent<\/strong><\/td>\n<td>Oberland Arms (Niemcy)<\/td>\n<\/tr>\n<\/table>\n","protected":false},"excerpt":{"rendered":"<p>Obustronna r\u0105czka prze\u0142adowania do karabin\u00f3w AR-15 w kal. .223 Rem \/ 5.56 NATO. Niski profil firmy Oberland Arms (Niemcy).<\/p>\n","protected":false},"featured_media":755789,"template":"","meta":{"_acf_changed":false},"product_brand":[],"product_cat":[12623,12607,12584],"product_tag":[],"class_list":{"0":"post-755391","1":"product","2":"type-product","3":"status-publish","4":"has-post-thumbnail","6":"product_cat-karabin","7":"product_cat-tuning-ar","8":"product_cat-tuning-karabinowy","10":"first","11":"instock","12":"sale","13":"taxable","14":"shipping-taxable","15":"purchasable","16":"product-type-simple"},"acf":[],"_links":{"self":[{"href":"https:\/\/nbg.eu\/pl\/wp-json\/wp\/v2\/product\/755391","targetHints":{"allow":["GET"]}}],"collection":[{"href":"https:\/\/nbg.eu\/pl\/wp-json\/wp\/v2\/product"}],"about":[{"href":"https:\/\/nbg.eu\/pl\/wp-json\/wp\/v2\/types\/product"}],"wp:featuredmedia":[{"embeddable":true,"href":"https:\/\/nbg.eu\/pl\/wp-json\/wp\/v2\/media\/755789"}],"wp:attachment":[{"href":"https:\/\/nbg.eu\/pl\/wp-json\/wp\/v2\/media?parent=755391"}],"wp:term":[{"taxonomy":"product_brand","embeddable":true,"href":"https:\/\/nbg.eu\/pl\/wp-json\/wp\/v2\/product_brand?post=755391"},{"taxonomy":"product_cat","embeddable":true,"href":"https:\/\/nbg.eu\/pl\/wp-json\/wp\/v2\/product_cat?post=755391"},{"taxonomy":"product_tag","embeddable":true,"href":"https:\/\/nbg.eu\/pl\/wp-json\/wp\/v2\/product_tag?post=755391"}],"curies":[{"name":"wp","href":"https:\/\/api.w.org\/{rel}","templated":true}]}}