{"id":755460,"date":"2026-05-13T13:36:36","date_gmt":"2026-05-13T10:36:36","guid":{"rendered":"https:\/\/nbg.eu\/product\/magazynek-asc-ar-15-223-rem-5-56-nato-10-nabojowy\/"},"modified":"2026-05-13T14:49:33","modified_gmt":"2026-05-13T11:49:33","slug":"magazynek-asc-ar-15-223-rem-5-56-nato-10-nabojowy","status":"publish","type":"product","link":"https:\/\/nbg.eu\/pl\/produkt\/magazynek-asc-ar-15-223-rem-5-56-nato-10-nabojowy\/","title":{"rendered":"Magazynek ASC AR-15 .223 Rem \/ 5.56 NATO 10-nabojowy"},"content":{"rendered":"<h2>Magazynek ASC AR-15 .223 Rem \/ 5.56 NATO 10-nabojowy<\/h2>\n<p>Wzmocniony magazynek AR-15 ASC wykonano ze stali nierdzewnej 410, ze spr\u0119\u017cyn\u0105 z chromokrzemu i odpornym na temperatur\u0119 polimerowym podajnikiem, dla niezawodnego podawania .223 Rem \/ 5.56 NATO \/ 5.56 NATO. Zgodny z limitem 10 naboj\u00f3w.<\/p>\n<h3>Najwa\u017cniejsze cechy<\/h3>\n<ul>\n<li>10-nabojowy (zgodny z ograniczeniami)<\/li>\n<li>Korpus ze stali nierdzewnej 410<\/li>\n<li>Spr\u0119\u017cyna chromokrzemowa<\/li>\n<li>Samosmaruj\u0105cy polimerowy podajnik<\/li>\n<li>Pasuje do wszystkich standardowych lower AR-15<\/li>\n<\/ul>\n<h3>Specyfikacja<\/h3>\n<table>\n<tr>\n<td><strong>Kaliber<\/strong><\/td>\n<td>.223 Rem \/ 5.56 NATO \/ 5.56 NATO<\/td>\n<\/tr>\n<tr>\n<td><strong>Pojemno\u015b\u0107<\/strong><\/td>\n<td>10 naboj\u00f3w<\/td>\n<\/tr>\n<tr>\n<td><strong>Materia\u0142<\/strong><\/td>\n<td>Stal nierdzewna 410<\/td>\n<\/tr>\n<tr>\n<td><strong>Producent<\/strong><\/td>\n<td>ASC (USA)<\/td>\n<\/tr>\n<\/table>\n","protected":false},"excerpt":{"rendered":"<p>10-nabojowy magazynek AR-15 w .223 Rem \/ 5.56 NATO od ASC (Ammunition Storage Components). Wzmocniona konstrukcja ze stali nierdzewnej 410 z polimerowym podajnikiem.<\/p>\n","protected":false},"featured_media":755909,"template":"","meta":{"_acf_changed":false},"product_brand":[],"product_cat":[12623,12576,12630],"product_tag":[],"class_list":{"0":"post-755460","1":"product","2":"type-product","3":"status-publish","4":"has-post-thumbnail","6":"product_cat-karabin","7":"product_cat-licencjonowane","8":"product_cat-magazynki-karabinowe","10":"first","11":"instock","12":"taxable","13":"shipping-taxable","14":"product-type-simple"},"acf":[],"_links":{"self":[{"href":"https:\/\/nbg.eu\/pl\/wp-json\/wp\/v2\/product\/755460","targetHints":{"allow":["GET"]}}],"collection":[{"href":"https:\/\/nbg.eu\/pl\/wp-json\/wp\/v2\/product"}],"about":[{"href":"https:\/\/nbg.eu\/pl\/wp-json\/wp\/v2\/types\/product"}],"wp:featuredmedia":[{"embeddable":true,"href":"https:\/\/nbg.eu\/pl\/wp-json\/wp\/v2\/media\/755909"}],"wp:attachment":[{"href":"https:\/\/nbg.eu\/pl\/wp-json\/wp\/v2\/media?parent=755460"}],"wp:term":[{"taxonomy":"product_brand","embeddable":true,"href":"https:\/\/nbg.eu\/pl\/wp-json\/wp\/v2\/product_brand?post=755460"},{"taxonomy":"product_cat","embeddable":true,"href":"https:\/\/nbg.eu\/pl\/wp-json\/wp\/v2\/product_cat?post=755460"},{"taxonomy":"product_tag","embeddable":true,"href":"https:\/\/nbg.eu\/pl\/wp-json\/wp\/v2\/product_tag?post=755460"}],"curies":[{"name":"wp","href":"https:\/\/api.w.org\/{rel}","templated":true}]}}