{"id":755598,"date":"2026-05-13T13:36:45","date_gmt":"2026-05-13T10:36:45","guid":{"rendered":"https:\/\/nbg.eu\/product\/magazynek-lancer-l5-awm-300-blk-10-nabojowy-czarny\/"},"modified":"2026-05-13T14:50:56","modified_gmt":"2026-05-13T11:50:56","slug":"magazynek-lancer-l5-awm-300-blk-10-nabojowy-czarny","status":"publish","type":"product","link":"https:\/\/nbg.eu\/pl\/produkt\/magazynek-lancer-l5-awm-300-blk-10-nabojowy-czarny\/","title":{"rendered":"Magazynek Lancer L5 AWM 300 BLK 10-nabojowy &#8211; Czarny"},"content":{"rendered":"<h2>Magazynek Lancer L5 AWM 300 BLK 10-nabojowy &#8211; Czarny<\/h2>\n<p>Lancer L5 Advanced Warfighter Magazine (AWM) \u0142\u0105czy wk\u0142adk\u0119 z hartowanej stali na kraw\u0119dziach zasilania z polimerowym korpusem z w\u0142\u00f3knem szklanym &#8211; wytrzyma\u0142o\u015b\u0107 magazynka metalowego z mas\u0105 i odporno\u015bci\u0105 polimeru. L5 AWM to z\u0142oty standard magazynk\u00f3w AR-15.<\/p>\n<h3>Najwa\u017cniejsze cechy<\/h3>\n<ul>\n<li>Oznaczenie kalibru na stopce (300 BLK) zapobiega pomy\u0142ce z .223\/5.56<\/li>\n<li>Hartowane stalowe kraw\u0119dzie zasilania dla maksymalnej trwa\u0142o\u015bci<\/li>\n<li>Polimerowy korpus z w\u0142\u00f3knem szklanym (czarny)<\/li>\n<li>Anti-tilt podajnik z samosmaruj\u0105c\u0105 pow\u0142ok\u0105<\/li>\n<li>Zgodno\u015b\u0107 mil-spec ze wszystkimi lowers AR-15<\/li>\n<\/ul>\n<h3>Specyfikacja<\/h3>\n<table>\n<tr>\n<td><strong>Kaliber<\/strong><\/td>\n<td>300 AAC Blackout<\/td>\n<\/tr>\n<tr>\n<td><strong>Pojemno\u015b\u0107<\/strong><\/td>\n<td>10 naboje<\/td>\n<\/tr>\n<tr>\n<td><strong>Kolor<\/strong><\/td>\n<td>Czarny<\/td>\n<\/tr>\n<tr>\n<td><strong>Materia\u0142<\/strong><\/td>\n<td>Stalowe kraw\u0119dzie + polimerowy korpus<\/td>\n<\/tr>\n<tr>\n<td><strong>Producent<\/strong><\/td>\n<td>Lancer Systems (USA)<\/td>\n<\/tr>\n<\/table>\n","protected":false},"excerpt":{"rendered":"<p>Lancer L5 Advanced Warfighter Magazine do AR-15 w 300 AAC Blackout. Czarny nieprzezroczysty korpus z hartowanymi stalowymi kraw\u0119dziami zasilania.<\/p>\n","protected":false},"featured_media":756193,"template":"","meta":{"_acf_changed":false},"product_brand":[],"product_cat":[12623,12576,12630],"product_tag":[],"class_list":{"0":"post-755598","1":"product","2":"type-product","3":"status-publish","4":"has-post-thumbnail","6":"product_cat-karabin","7":"product_cat-licencjonowane","8":"product_cat-magazynki-karabinowe","10":"first","11":"instock","12":"taxable","13":"shipping-taxable","14":"product-type-simple"},"acf":[],"_links":{"self":[{"href":"https:\/\/nbg.eu\/pl\/wp-json\/wp\/v2\/product\/755598","targetHints":{"allow":["GET"]}}],"collection":[{"href":"https:\/\/nbg.eu\/pl\/wp-json\/wp\/v2\/product"}],"about":[{"href":"https:\/\/nbg.eu\/pl\/wp-json\/wp\/v2\/types\/product"}],"wp:featuredmedia":[{"embeddable":true,"href":"https:\/\/nbg.eu\/pl\/wp-json\/wp\/v2\/media\/756193"}],"wp:attachment":[{"href":"https:\/\/nbg.eu\/pl\/wp-json\/wp\/v2\/media?parent=755598"}],"wp:term":[{"taxonomy":"product_brand","embeddable":true,"href":"https:\/\/nbg.eu\/pl\/wp-json\/wp\/v2\/product_brand?post=755598"},{"taxonomy":"product_cat","embeddable":true,"href":"https:\/\/nbg.eu\/pl\/wp-json\/wp\/v2\/product_cat?post=755598"},{"taxonomy":"product_tag","embeddable":true,"href":"https:\/\/nbg.eu\/pl\/wp-json\/wp\/v2\/product_tag?post=755598"}],"curies":[{"name":"wp","href":"https:\/\/api.w.org\/{rel}","templated":true}]}}