{"id":755644,"date":"2026-05-13T13:36:47","date_gmt":"2026-05-13T10:36:47","guid":{"rendered":"https:\/\/nbg.eu\/product\/magazynek-shield-arms-43x-48-9mm-15-nabojowy\/"},"modified":"2026-05-13T14:51:22","modified_gmt":"2026-05-13T11:51:22","slug":"magazynek-shield-arms-43x-48-9mm-15-nabojowy","status":"publish","type":"product","link":"https:\/\/nbg.eu\/pl\/produkt\/magazynek-shield-arms-43x-48-9mm-15-nabojowy\/","title":{"rendered":"Magazynek Shield Arms 43X\/48 9mm 15-nabojowy"},"content":{"rendered":"<h2>Magazynek Shield Arms 43X\/48 9mm 15-nabojowy<\/h2>\n<p>Magazynek Shield Arms S15 zamienia Glock 43X i Glock 48 z 10-nabojowych pistolet\u00f3w single-stack w 15-nabojowe pistolety double-stack do noszenia &#8211; bez zwi\u0119kszania rozmiar\u00f3w chwytu. Wykonany z hartowanej stali z samosmaruj\u0105cym polimerowym podajnikiem.<\/p>\n<h3>Najwa\u017cniejsze cechy<\/h3>\n<ul>\n<li>15-nabojowa pojemno\u015b\u0107 w fabrycznym rozmiarze chwytu<\/li>\n<li>Korpus z hartowanej stali<\/li>\n<li>Design drop-free<\/li>\n<li>Samosmaruj\u0105cy polimerowy podajnik<\/li>\n<li>Zalecany z stalowym mag catchem Shield Arms (sprzedawany osobno)<\/li>\n<\/ul>\n<h3>Specyfikacja<\/h3>\n<table>\n<tr>\n<td><strong>Kaliber<\/strong><\/td>\n<td>9mm Luger<\/td>\n<\/tr>\n<tr>\n<td><strong>Pojemno\u015b\u0107<\/strong><\/td>\n<td>15 naboj\u00f3w<\/td>\n<\/tr>\n<tr>\n<td><strong>Pasuje do<\/strong><\/td>\n<td>Glock 43X \/ Glock 48<\/td>\n<\/tr>\n<tr>\n<td><strong>Materia\u0142<\/strong><\/td>\n<td>Hartowana stal<\/td>\n<\/tr>\n<tr>\n<td><strong>Producent<\/strong><\/td>\n<td>Shield Arms (USA)<\/td>\n<\/tr>\n<\/table>\n","protected":false},"excerpt":{"rendered":"<p>15-nabojowy magazynek 9mm do Glock 43X i Glock 48 od Shield Arms. Stalowa konstrukcja niemal podwaja fabryczn\u0105 pojemno\u015b\u0107.<\/p>\n","protected":false},"featured_media":756317,"template":"","meta":{"_acf_changed":false},"product_brand":[],"product_cat":[12569,12576,12593],"product_tag":[],"class_list":{"0":"post-755644","1":"product","2":"type-product","3":"status-publish","4":"has-post-thumbnail","6":"product_cat-czesci-do-pistoletu","7":"product_cat-licencjonowane","8":"product_cat-pistolet","10":"first","11":"instock","12":"taxable","13":"shipping-taxable","14":"product-type-simple"},"acf":[],"_links":{"self":[{"href":"https:\/\/nbg.eu\/pl\/wp-json\/wp\/v2\/product\/755644","targetHints":{"allow":["GET"]}}],"collection":[{"href":"https:\/\/nbg.eu\/pl\/wp-json\/wp\/v2\/product"}],"about":[{"href":"https:\/\/nbg.eu\/pl\/wp-json\/wp\/v2\/types\/product"}],"wp:featuredmedia":[{"embeddable":true,"href":"https:\/\/nbg.eu\/pl\/wp-json\/wp\/v2\/media\/756317"}],"wp:attachment":[{"href":"https:\/\/nbg.eu\/pl\/wp-json\/wp\/v2\/media?parent=755644"}],"wp:term":[{"taxonomy":"product_brand","embeddable":true,"href":"https:\/\/nbg.eu\/pl\/wp-json\/wp\/v2\/product_brand?post=755644"},{"taxonomy":"product_cat","embeddable":true,"href":"https:\/\/nbg.eu\/pl\/wp-json\/wp\/v2\/product_cat?post=755644"},{"taxonomy":"product_tag","embeddable":true,"href":"https:\/\/nbg.eu\/pl\/wp-json\/wp\/v2\/product_tag?post=755644"}],"curies":[{"name":"wp","href":"https:\/\/api.w.org\/{rel}","templated":true}]}}