{"id":83673,"date":"2024-11-27T16:38:30","date_gmt":"2024-11-27T16:38:30","guid":{"rendered":"https:\/\/nbg.eu\/product\/super-precision-t1-mount-absolute-co-witness-ddc\/"},"modified":"2026-05-13T16:02:37","modified_gmt":"2026-05-13T13:02:37","slug":"super-precision-t1-mount-absolute-co-witness-ddc","status":"publish","type":"product","link":"https:\/\/nbg.eu\/pl\/produkt\/super-precision-t1-mount-absolute-co-witness-ddc\/","title":{"rendered":"Geissele Monta\u017c Red Dot Super Precision T1 Absolute Co-Witness &#8211; DDC"},"content":{"rendered":"<div class=\"product-description\">\n<h2>Mocowanie T1 &#8211; Wsp\u00f3\u0142osiowo\u015b\u0107 absolutna &#8211; DDC<\/h2>\n<p>Mocowanie do celownik\u00f3w Aimpoint T1 lub podobnych. Wykonane z jednego kawa\u0142ka aluminium 7075-T6, zapewnia wytrzyma\u0142o\u015b\u0107 i funkcjonalno\u015b\u0107.<\/p>\n<ul>\n<li>Wysoko\u015b\u0107 dla absolutnej wsp\u00f3\u0142osiowo\u015bci<\/li>\n<li>Wyko\u0144czenie anodowane typu 3 w kolorze DDC (Desert Dirt Color)<\/li>\n<li>Metoda mocowania nakr\u0119tk\u0105 i \u015brub\u0105, zapewniaj\u0105ca si\u0142\u0119 zacisku 1400 funt\u00f3w<\/li>\n<li>3 wypustki \u015bci\u0119te dla maksymalnej sztywno\u015bci i powrotu do zera<\/li>\n<li>Lekka konstrukcja, waga 2 uncje<\/li>\n<\/ul>\n<p>Produkt Geissele, charakteryzuj\u0105cy si\u0119 dba\u0142o\u015bci\u0105 o szczeg\u00f3\u0142y i jako\u015b\u0107.<\/p>\n<\/div>\n","protected":false},"excerpt":{"rendered":"<p>Precyzyjny monta\u017c optyki T1, pe\u0142na wsp\u00f3\u0142osiowo\u015b\u0107, wyko\u0144czenie DDC, ultra-bezpieczny<\/p>\n","protected":false},"featured_media":82845,"template":"","meta":{"_acf_changed":false},"product_brand":[11392],"product_cat":[12605,12569,12573,14894],"product_tag":[],"class_list":{"0":"post-83673","1":"product","2":"type-product","3":"status-publish","4":"has-post-thumbnail","6":"product_brand-geissele","7":"product_cat-celowniki-kolimatorowe-do-pistoletow","8":"product_cat-czesci-do-pistoletu","9":"product_cat-czesci-kmr","10":"product_cat-red-dot-sights-mounts-pl","12":"first","13":"instock","14":"taxable","15":"shipping-taxable","16":"product-type-simple"},"acf":[],"_links":{"self":[{"href":"https:\/\/nbg.eu\/pl\/wp-json\/wp\/v2\/product\/83673","targetHints":{"allow":["GET"]}}],"collection":[{"href":"https:\/\/nbg.eu\/pl\/wp-json\/wp\/v2\/product"}],"about":[{"href":"https:\/\/nbg.eu\/pl\/wp-json\/wp\/v2\/types\/product"}],"wp:featuredmedia":[{"embeddable":true,"href":"https:\/\/nbg.eu\/pl\/wp-json\/wp\/v2\/media\/82845"}],"wp:attachment":[{"href":"https:\/\/nbg.eu\/pl\/wp-json\/wp\/v2\/media?parent=83673"}],"wp:term":[{"taxonomy":"product_brand","embeddable":true,"href":"https:\/\/nbg.eu\/pl\/wp-json\/wp\/v2\/product_brand?post=83673"},{"taxonomy":"product_cat","embeddable":true,"href":"https:\/\/nbg.eu\/pl\/wp-json\/wp\/v2\/product_cat?post=83673"},{"taxonomy":"product_tag","embeddable":true,"href":"https:\/\/nbg.eu\/pl\/wp-json\/wp\/v2\/product_tag?post=83673"}],"curies":[{"name":"wp","href":"https:\/\/api.w.org\/{rel}","templated":true}]}}