{"id":133949,"date":"2025-01-01T20:54:41","date_gmt":"2025-01-01T20:54:41","guid":{"rendered":"https:\/\/nbg.eu\/product\/area-419-offset-mounts-for-match-attachment-points\/"},"modified":"2026-05-17T10:04:17","modified_gmt":"2026-05-17T07:04:17","slug":"area-419-offset-mounts-for-match-attachment-points","status":"publish","type":"product","link":"https:\/\/nbg.eu\/pt-pt\/produto\/area-419-offset-mounts-for-match-attachment-points\/","title":{"rendered":"Area 419 Offset Mounts for MATCH Attachment Points"},"content":{"rendered":"<h2>Suportes Offset da Area 419 para Pontos de Fixa\u00e7\u00e3o MATCH<\/h2>\n<p>Suportes Offset da Area 419 para Pontos de Fixa\u00e7\u00e3o MATCH. Estes suportes oferecem:<\/p>\n<ul>\n<li>Op\u00e7\u00e3o entre \u00e2ngulos de offset de 35\u00b0 e 45\u00b0<\/li>\n<li>M\u00faltiplos locais de fixa\u00e7\u00e3o para flexibilidade<\/li>\n<li>Peso de 25 lbs<\/li>\n<li>Tamanho: 6 \u00d7 4 \u00d7 1 polegadas<\/li>\n<\/ul>\n<p>Estes suportes permitem ajustar o posicionamento do seu red dot. Os Suportes Offset da Area 419 est\u00e3o dispon\u00edveis para sua carabina.<\/p>\n","protected":false},"excerpt":{"rendered":"<p>Suportes ajust\u00e1veis de 35\u00b0\/45\u00b0 para pontos MATCH. Configura\u00e7\u00e3o vers\u00e1til.<\/p>\n","protected":false},"featured_media":109214,"template":"","meta":{"_acf_changed":false},"product_brand":[11041],"product_cat":[12513,12537,12488,12514],"product_tag":[],"class_list":{"0":"post-133949","1":"product","2":"type-product","3":"status-publish","4":"has-post-thumbnail","6":"product_brand-area-419","7":"product_cat-acessorios-de-mira","8":"product_cat-espingarda","9":"product_cat-mira","10":"product_cat-montagens","12":"first","13":"instock","14":"sale","15":"taxable","16":"shipping-taxable","17":"purchasable","18":"product-type-variable","19":"wvs-archive-product-wrapper"},"acf":[],"_links":{"self":[{"href":"https:\/\/nbg.eu\/pt-pt\/wp-json\/wp\/v2\/product\/133949","targetHints":{"allow":["GET"]}}],"collection":[{"href":"https:\/\/nbg.eu\/pt-pt\/wp-json\/wp\/v2\/product"}],"about":[{"href":"https:\/\/nbg.eu\/pt-pt\/wp-json\/wp\/v2\/types\/product"}],"wp:featuredmedia":[{"embeddable":true,"href":"https:\/\/nbg.eu\/pt-pt\/wp-json\/wp\/v2\/media\/109214"}],"wp:attachment":[{"href":"https:\/\/nbg.eu\/pt-pt\/wp-json\/wp\/v2\/media?parent=133949"}],"wp:term":[{"taxonomy":"product_brand","embeddable":true,"href":"https:\/\/nbg.eu\/pt-pt\/wp-json\/wp\/v2\/product_brand?post=133949"},{"taxonomy":"product_cat","embeddable":true,"href":"https:\/\/nbg.eu\/pt-pt\/wp-json\/wp\/v2\/product_cat?post=133949"},{"taxonomy":"product_tag","embeddable":true,"href":"https:\/\/nbg.eu\/pt-pt\/wp-json\/wp\/v2\/product_tag?post=133949"}],"curies":[{"name":"wp","href":"https:\/\/api.w.org\/{rel}","templated":true}]}}