{"id":139090,"date":"2025-01-04T11:21:50","date_gmt":"2025-01-04T11:21:50","guid":{"rendered":"https:\/\/nbg.eu\/product\/area-419-master-funnel-kit\/"},"modified":"2026-05-13T15:10:00","modified_gmt":"2026-05-13T12:10:00","slug":"area-419-master-funnel-kit","status":"publish","type":"product","link":"https:\/\/nbg.eu\/pt-pt\/produto\/area-419-master-funnel-kit\/","title":{"rendered":"Area 419 &#8211; Master Funnel Kit"},"content":{"rendered":"<h2>Area 419 &#8211; Kit de Funil Master<\/h2>\n<p>O Kit de Funil Master da Area 419 inclui:<\/p>\n<ul>\n<li>1 Corpo de Funil em Billet<\/li>\n<li>6 Cabe\u00e7as Espec\u00edficas para Calibre Codificadas por Cor (22 cal, 6mm\/243, 6,5mm\/264, 7mm\/284, 30 cal, 338 cal)<\/li>\n<li>1 Bloco de Armazenamento em Billet<\/li>\n<\/ul>\n<p>Fabricado em alum\u00ednio 6061-T6 s\u00f3lido, este funil reduz a ader\u00eancia est\u00e1tica e melhora o fluxo de p\u00f3lvora. As cabe\u00e7as intercambi\u00e1veis oferecem um ajuste para cada calibre. O design inclui:<\/p>\n<ul>\n<li>Interior estriado para melhorar o fluxo de p\u00f3lvora<\/li>\n<li>Al\u00e7as usinadas para melhor ader\u00eancia<\/li>\n<li>Superf\u00edcies lisas para evitar a ader\u00eancia da p\u00f3lvora<\/li>\n<\/ul>\n<p>Fabricado nos EUA, este kit \u00e9 uma solu\u00e7\u00e3o para recarga de precis\u00e3o.<\/p>\n","protected":false},"excerpt":{"rendered":"<p>Kit Funil Mestre Area 419: Recarga de precis\u00e3o com 6 cabe\u00e7as de calibre.<\/p>\n","protected":false},"featured_media":119072,"template":"","meta":{"_acf_changed":false},"product_brand":[11041],"product_cat":[12512,12523],"product_tag":[],"class_list":{"0":"post-139090","1":"product","2":"type-product","3":"status-publish","4":"has-post-thumbnail","6":"product_brand-area-419","7":"product_cat-acessorios-de-recarga","8":"product_cat-recarga","10":"first","11":"instock","12":"sale","13":"taxable","14":"shipping-taxable","15":"purchasable","16":"product-type-simple"},"acf":[],"_links":{"self":[{"href":"https:\/\/nbg.eu\/pt-pt\/wp-json\/wp\/v2\/product\/139090","targetHints":{"allow":["GET"]}}],"collection":[{"href":"https:\/\/nbg.eu\/pt-pt\/wp-json\/wp\/v2\/product"}],"about":[{"href":"https:\/\/nbg.eu\/pt-pt\/wp-json\/wp\/v2\/types\/product"}],"wp:featuredmedia":[{"embeddable":true,"href":"https:\/\/nbg.eu\/pt-pt\/wp-json\/wp\/v2\/media\/119072"}],"wp:attachment":[{"href":"https:\/\/nbg.eu\/pt-pt\/wp-json\/wp\/v2\/media?parent=139090"}],"wp:term":[{"taxonomy":"product_brand","embeddable":true,"href":"https:\/\/nbg.eu\/pt-pt\/wp-json\/wp\/v2\/product_brand?post=139090"},{"taxonomy":"product_cat","embeddable":true,"href":"https:\/\/nbg.eu\/pt-pt\/wp-json\/wp\/v2\/product_cat?post=139090"},{"taxonomy":"product_tag","embeddable":true,"href":"https:\/\/nbg.eu\/pt-pt\/wp-json\/wp\/v2\/product_tag?post=139090"}],"curies":[{"name":"wp","href":"https:\/\/api.w.org\/{rel}","templated":true}]}}