{"id":140062,"date":"2025-01-04T08:32:04","date_gmt":"2025-01-04T08:32:04","guid":{"rendered":"https:\/\/nbg.eu\/product\/area-419-arcalock-17-universal-dovetail-rail\/"},"modified":"2026-05-13T16:43:04","modified_gmt":"2026-05-13T13:43:04","slug":"area-419-arcalock-17-universal-dovetail-rail","status":"publish","type":"product","link":"https:\/\/nbg.eu\/pt-pt\/produto\/area-419-arcalock-17-universal-dovetail-rail\/","title":{"rendered":"Area 419 &#8211; ARCALOCK 17&#8243; Universal Dovetail Rail"},"content":{"rendered":"<div class=\"product-description\">\n<h2>Area 419 &#8211; Trilho Dovetail Universal ARCALOCK 17&#8243;<\/h2>\n<p>O Sistema de Trilho Dovetail ARCALOCK de 17&#8243; possui:<\/p>\n<ul>\n<li>Laterais serrilhadas para travamento mec\u00e2nico com grampos Area 419<\/li>\n<li>Compatibilidade reversa com acess\u00f3rios Arca padr\u00e3o<\/li>\n<li>Conformidade com o padr\u00e3o Dovetail RRS 1,5&#8243;<\/li>\n<li>Bordas chanfradas<\/li>\n<li>M\u00faltiplos pontos de fixa\u00e7\u00e3o<\/li>\n<li>Constru\u00e7\u00e3o em alum\u00ednio 6061-T6 com anodiza\u00e7\u00e3o Tipo 3<\/li>\n<li>Fabricado nos EUA com materiais de origem nacional<\/li>\n<\/ul>\n<p>Inclui parafuso de a\u00e7\u00e3o estilo Remington 700 estendido e hardware de montagem.<\/p>\n<p><em>Nota: Parada de barreira traseira fixa e hardware MLOK n\u00e3o inclu\u00eddos.<\/em><\/p>\n<\/div>\n","protected":false},"excerpt":{"rendered":"<p>&#8220;Trilho ARCA de bloqueio para rifles de precis\u00e3o. 43 cm de alum\u00ednio fabricado nos EUA.&#8221;<\/p>\n","protected":false},"featured_media":116055,"template":"","meta":{"_acf_changed":false},"product_brand":[11041],"product_cat":[15579,12551],"product_tag":[],"class_list":{"0":"post-140062","1":"product","2":"type-product","3":"status-publish","4":"has-post-thumbnail","6":"product_brand-area-419","7":"product_cat-arcalock-systems-pt-pt","8":"product_cat-trilhos","10":"first","11":"instock","12":"sale","13":"taxable","14":"shipping-taxable","15":"purchasable","16":"product-type-simple"},"acf":[],"_links":{"self":[{"href":"https:\/\/nbg.eu\/pt-pt\/wp-json\/wp\/v2\/product\/140062","targetHints":{"allow":["GET"]}}],"collection":[{"href":"https:\/\/nbg.eu\/pt-pt\/wp-json\/wp\/v2\/product"}],"about":[{"href":"https:\/\/nbg.eu\/pt-pt\/wp-json\/wp\/v2\/types\/product"}],"wp:featuredmedia":[{"embeddable":true,"href":"https:\/\/nbg.eu\/pt-pt\/wp-json\/wp\/v2\/media\/116055"}],"wp:attachment":[{"href":"https:\/\/nbg.eu\/pt-pt\/wp-json\/wp\/v2\/media?parent=140062"}],"wp:term":[{"taxonomy":"product_brand","embeddable":true,"href":"https:\/\/nbg.eu\/pt-pt\/wp-json\/wp\/v2\/product_brand?post=140062"},{"taxonomy":"product_cat","embeddable":true,"href":"https:\/\/nbg.eu\/pt-pt\/wp-json\/wp\/v2\/product_cat?post=140062"},{"taxonomy":"product_tag","embeddable":true,"href":"https:\/\/nbg.eu\/pt-pt\/wp-json\/wp\/v2\/product_tag?post=140062"}],"curies":[{"name":"wp","href":"https:\/\/api.w.org\/{rel}","templated":true}]}}