{"id":140333,"date":"2025-01-04T04:41:18","date_gmt":"2025-01-04T04:41:18","guid":{"rendered":"https:\/\/nbg.eu\/product\/area-419-arcalock-12-m-lok-dovetail-rail\/"},"modified":"2026-05-16T22:04:14","modified_gmt":"2026-05-16T19:04:14","slug":"area-419-arcalock-12-m-lok-dovetail-rail","status":"publish","type":"product","link":"https:\/\/nbg.eu\/pt-pt\/produto\/area-419-arcalock-12-m-lok-dovetail-rail\/","title":{"rendered":"Area 419 &#8211; ARCALOCK 12&#8243; M-LOK Dovetail Rail"},"content":{"rendered":"<div class=\"product-description\">\n<h2>Area 419 &#8211; Trilho Dovetail ARCALOCK 12&#8243; M-LOK<\/h2>\n<p>O trilho ARCALOCK 12&#8243; M-LOK da Area 419 apresenta:<\/p>\n<ul>\n<li>Laterais serrilhadas para travamento mec\u00e2nico com grampos Area 419<\/li>\n<li>Compatibilidade retroativa com acess\u00f3rios Arca padr\u00e3o<\/li>\n<li>Comprimento de 12&#8243;<\/li>\n<li>Peso de 4,1 oz<\/li>\n<li>Compatibilidade com o padr\u00e3o RRS 1,5&#8243; Dovetail<\/li>\n<li>Bordas chanfradas e cantos arredondados<\/li>\n<li>Acabamento anodizado Tipo 3 Hard Coat<\/li>\n<li>Fabricado nos EUA em alum\u00ednio 6061-T6<\/li>\n<li>Slots M-LOK na parte inferior para fixa\u00e7\u00f5es adicionais<\/li>\n<\/ul>\n<p>O trilho ARCALOCK \u00e9 projetado para evitar deslizamentos sob press\u00e3o. Inclui todas as ferragens de montagem M-LOK necess\u00e1rias.<\/p>\n<p><strong>Observa\u00e7\u00e3o:<\/strong> Requer 6 slots MLOK consecutivos para fixa\u00e7\u00e3o. Batente de barricada traseiro angulado vendido separadamente.<\/p>\n<\/div>\n","protected":false},"excerpt":{"rendered":"<p>Trilho ARCA de 12&#8243; com trava e slots M-LOK. Laterais serrilhadas, leve e dur\u00e1vel.<\/p>\n","protected":false},"featured_media":112419,"template":"","meta":{"_acf_changed":false},"product_brand":[11041],"product_cat":[12473,12537,14966,12551,12498],"product_tag":[],"class_list":{"0":"post-140333","1":"product","2":"type-product","3":"status-publish","4":"has-post-thumbnail","6":"product_brand-area-419","7":"product_cat-bandoleiras","8":"product_cat-espingarda","9":"product_cat-m-lok-rail-systems-pt-pt","10":"product_cat-trilhos","11":"product_cat-tuning-de-espingarda","13":"first","14":"instock","15":"sale","16":"taxable","17":"shipping-taxable","18":"purchasable","19":"product-type-variable","20":"wvs-archive-product-wrapper"},"acf":[],"_links":{"self":[{"href":"https:\/\/nbg.eu\/pt-pt\/wp-json\/wp\/v2\/product\/140333","targetHints":{"allow":["GET"]}}],"collection":[{"href":"https:\/\/nbg.eu\/pt-pt\/wp-json\/wp\/v2\/product"}],"about":[{"href":"https:\/\/nbg.eu\/pt-pt\/wp-json\/wp\/v2\/types\/product"}],"wp:featuredmedia":[{"embeddable":true,"href":"https:\/\/nbg.eu\/pt-pt\/wp-json\/wp\/v2\/media\/112419"}],"wp:attachment":[{"href":"https:\/\/nbg.eu\/pt-pt\/wp-json\/wp\/v2\/media?parent=140333"}],"wp:term":[{"taxonomy":"product_brand","embeddable":true,"href":"https:\/\/nbg.eu\/pt-pt\/wp-json\/wp\/v2\/product_brand?post=140333"},{"taxonomy":"product_cat","embeddable":true,"href":"https:\/\/nbg.eu\/pt-pt\/wp-json\/wp\/v2\/product_cat?post=140333"},{"taxonomy":"product_tag","embeddable":true,"href":"https:\/\/nbg.eu\/pt-pt\/wp-json\/wp\/v2\/product_tag?post=140333"}],"curies":[{"name":"wp","href":"https:\/\/api.w.org\/{rel}","templated":true}]}}