{"id":170443,"date":"2024-11-06T23:55:17","date_gmt":"2024-11-06T20:55:17","guid":{"rendered":"https:\/\/nbg.eu\/product\/throw-lever-sai-optics\/"},"modified":"2026-05-13T15:11:54","modified_gmt":"2026-05-13T12:11:54","slug":"throw-lever-sai-optics","status":"publish","type":"product","link":"https:\/\/nbg.eu\/pt-pt\/produto\/throw-lever-sai-optics\/","title":{"rendered":"Throw Lever SAI Optics"},"content":{"rendered":"<div class=\"product-description\">\n<h2>Alavanca de Transi\u00e7\u00e3o para \u00d3ptica SAI<\/h2>\n<ul>\n<li>Transi\u00e7\u00e3o r\u00e1pida entre amplia\u00e7\u00e3o de 1x e 6x<\/li>\n<li>Design ergon\u00f4mico para opera\u00e7\u00e3o eficiente<\/li>\n<\/ul>\n<p>A alavanca SAI 6\u2122 permite ajustar a amplia\u00e7\u00e3o rapidamente sem perder de vista o alvo.<\/p>\n<\/div>\n","protected":false},"excerpt":{"rendered":"<p>Troca r\u00e1pida de amplia\u00e7\u00e3o de 1x a 6x.<\/p>\n","protected":false},"featured_media":78884,"template":"","meta":{"_acf_changed":false},"product_brand":[11718],"product_cat":[12488,12501],"product_tag":[],"class_list":{"0":"post-170443","1":"product","2":"type-product","3":"status-publish","4":"has-post-thumbnail","6":"product_brand-sai-optics","7":"product_cat-mira","8":"product_cat-oticas-ampliadas","10":"first","11":"instock","12":"taxable","13":"shipping-taxable","14":"purchasable","15":"product-type-variable","16":"wvs-archive-product-wrapper"},"acf":[],"_links":{"self":[{"href":"https:\/\/nbg.eu\/pt-pt\/wp-json\/wp\/v2\/product\/170443","targetHints":{"allow":["GET"]}}],"collection":[{"href":"https:\/\/nbg.eu\/pt-pt\/wp-json\/wp\/v2\/product"}],"about":[{"href":"https:\/\/nbg.eu\/pt-pt\/wp-json\/wp\/v2\/types\/product"}],"wp:featuredmedia":[{"embeddable":true,"href":"https:\/\/nbg.eu\/pt-pt\/wp-json\/wp\/v2\/media\/78884"}],"wp:attachment":[{"href":"https:\/\/nbg.eu\/pt-pt\/wp-json\/wp\/v2\/media?parent=170443"}],"wp:term":[{"taxonomy":"product_brand","embeddable":true,"href":"https:\/\/nbg.eu\/pt-pt\/wp-json\/wp\/v2\/product_brand?post=170443"},{"taxonomy":"product_cat","embeddable":true,"href":"https:\/\/nbg.eu\/pt-pt\/wp-json\/wp\/v2\/product_cat?post=170443"},{"taxonomy":"product_tag","embeddable":true,"href":"https:\/\/nbg.eu\/pt-pt\/wp-json\/wp\/v2\/product_tag?post=170443"}],"curies":[{"name":"wp","href":"https:\/\/api.w.org\/{rel}","templated":true}]}}