{"id":277938,"date":"2025-03-07T22:09:14","date_gmt":"2025-03-07T19:09:14","guid":{"rendered":"https:\/\/nbg.eu\/product\/vortex-strike-eagle-1-8x24-ffp\/"},"modified":"2026-01-21T11:46:18","modified_gmt":"2026-01-21T08:46:18","slug":"vortex-strike-eagle-1-8x24-ffp","status":"publish","type":"product","link":"https:\/\/nbg.eu\/pt-pt\/produto\/vortex-strike-eagle-1-8x24-ffp\/","title":{"rendered":"Vortex &#8211; Strike Eagle\u00ae &#8211; 1-8&#215;24 FFP"},"content":{"rendered":"<div class=\"product-description\">\n<h1>Vortex &#8211; Strike Eagle\u00ae &#8211; 1-8&#215;24 FFP<\/h1>\n<p>O Strike Eagle\u00ae \u00e9 uma mira telesc\u00f3pica vers\u00e1til e de alto desempenho. Com constru\u00e7\u00e3o robusta, qualidade de vidro superior e recursos avan\u00e7ados, esta mira \u00e9 adequada para cen\u00e1rios de curta dist\u00e2ncia e engajamentos de longo alcance at\u00e9 1.000 jardas.<\/p>\n<h2>Caracter\u00edsticas principais:<\/h2>\n<ul>\n<li>Amplia\u00e7\u00e3o: 1-8x<\/li>\n<li>Di\u00e2metro da lente objetiva: 24 mm<\/li>\n<li>Primeiro plano focal (FFP)<\/li>\n<li>Ret\u00edculo EBR-8 MOA<\/li>\n<li>Al\u00edvio de olho: 3,9&#8243;<\/li>\n<li>Campo de vis\u00e3o: 113,6&#8242; &#8211; 14,1&#8242; @ 100 jardas<\/li>\n<li>Tamanho do tubo: 30 mm<\/li>\n<li>Gradua\u00e7\u00e3o de ajuste: 1\/4 MOA<\/li>\n<li>Ajuste m\u00e1ximo de eleva\u00e7\u00e3o e deriva: 145 MOA<\/li>\n<li>Peso: 23,9 oz<\/li>\n<\/ul>\n<h2>Ret\u00edculo EBR-8:<\/h2>\n<p>O ret\u00edculo EBR-8 MOA de primeiro plano focal, gravado em vidro e iluminado, permite tiro r\u00e1pido de curta dist\u00e2ncia at\u00e9 600 jardas com cargas populares de .223\/5.56mm e .308\/7.62mm. Este ret\u00edculo pode ser usado com v\u00e1rios outros calibres e cargas usando as marca\u00e7\u00f5es BDC.<\/p>\n<h2>Durabilidade e clareza:<\/h2>\n<ul>\n<li>Constru\u00e7\u00e3o em alum\u00ednio de grau aeron\u00e1utico<\/li>\n<li>Revestimento ArmorTek\u00ae resistente a arranh\u00f5es<\/li>\n<li>Lentes totalmente multicamadas para transmiss\u00e3o de luz ideal<\/li>\n<li>Design \u00e0 prova de choque para suportar recuo e impacto<\/li>\n<\/ul>\n<h2>Recursos adicionais:<\/h2>\n<ul>\n<li>Estilo de torre com tampa<\/li>\n<li>25 MOA de ajuste por rota\u00e7\u00e3o<\/li>\n<li>Configura\u00e7\u00e3o de paralaxe: 125 jardas<\/li>\n<li>Alavanca inclu\u00edda para ajustes r\u00e1pidos de amplia\u00e7\u00e3o<\/li>\n<\/ul>\n<p>O Vortex Strike Eagle\u00ae 1-8&#215;24 FFP \u00e9 uma mira telesc\u00f3pica vers\u00e1til e de alto desempenho. \u00c9 adequado para combate em curta dist\u00e2ncia ou alvos distantes, oferecendo precis\u00e3o e confiabilidade em v\u00e1rios cen\u00e1rios de tiro.<\/p>\n<\/div>\n","protected":false},"excerpt":{"rendered":"<p>Luneta vers\u00e1til 1-8&#215;24 FFP com ret\u00edculo EBR-8. \u00d3ptica robusta e de alto desempenho para tiro t\u00e1tico.<\/p>\n","protected":false},"featured_media":249211,"template":"","meta":{"_acf_changed":false},"product_brand":[11968],"product_cat":[12488,12501],"product_tag":[],"class_list":{"0":"post-277938","1":"product","2":"type-product","3":"status-publish","4":"has-post-thumbnail","6":"product_brand-vortex","7":"product_cat-mira","8":"product_cat-oticas-ampliadas","10":"first","11":"outofstock","12":"taxable","13":"shipping-taxable","14":"purchasable","15":"product-type-simple"},"acf":[],"_links":{"self":[{"href":"https:\/\/nbg.eu\/pt-pt\/wp-json\/wp\/v2\/product\/277938","targetHints":{"allow":["GET"]}}],"collection":[{"href":"https:\/\/nbg.eu\/pt-pt\/wp-json\/wp\/v2\/product"}],"about":[{"href":"https:\/\/nbg.eu\/pt-pt\/wp-json\/wp\/v2\/types\/product"}],"wp:featuredmedia":[{"embeddable":true,"href":"https:\/\/nbg.eu\/pt-pt\/wp-json\/wp\/v2\/media\/249211"}],"wp:attachment":[{"href":"https:\/\/nbg.eu\/pt-pt\/wp-json\/wp\/v2\/media?parent=277938"}],"wp:term":[{"taxonomy":"product_brand","embeddable":true,"href":"https:\/\/nbg.eu\/pt-pt\/wp-json\/wp\/v2\/product_brand?post=277938"},{"taxonomy":"product_cat","embeddable":true,"href":"https:\/\/nbg.eu\/pt-pt\/wp-json\/wp\/v2\/product_cat?post=277938"},{"taxonomy":"product_tag","embeddable":true,"href":"https:\/\/nbg.eu\/pt-pt\/wp-json\/wp\/v2\/product_tag?post=277938"}],"curies":[{"name":"wp","href":"https:\/\/api.w.org\/{rel}","templated":true}]}}