{"id":284927,"date":"2024-01-30T18:08:20","date_gmt":"2024-01-30T18:08:20","guid":{"rendered":"https:\/\/nbg.eu\/product\/area-419-mini-pad-the-gripchanger\/"},"modified":"2026-01-21T12:04:24","modified_gmt":"2026-01-21T09:04:24","slug":"area-419-mini-pad-the-gripchanger","status":"publish","type":"product","link":"https:\/\/nbg.eu\/pt-pt\/produto\/area-419-mini-pad-the-gripchanger\/","title":{"rendered":"Area 419 &#8211; Mini Pad, The GripChanger"},"content":{"rendered":"<div class=\"product-description\">\n<h2>Area 419 &#8211; Mini Pad, O GripChanger<\/h2>\n<p>O GripChanger \u00e9 o novo item da linha RailChanger. Esta bolsa compacta e com enchimento denso \u00e9 uma solu\u00e7\u00e3o para posicionamento r\u00e1pido ou uso em aberturas pequenas.<\/p>\n<h3>Caracter\u00edsticas:<\/h3>\n<ul>\n<li>Pesa aproximadamente 450 gramas<\/li>\n<li>Adere a qualquer superf\u00edcie<\/li>\n<li>Fornece uma plataforma est\u00e1vel para configura\u00e7\u00f5es r\u00e1pidas<\/li>\n<\/ul>\n<h3>O Kit Inclui:<\/h3>\n<ul>\n<li>1 Bolsa GripChanger Area 419<\/li>\n<li>1 Grampo ARCALOCK<\/li>\n<li>1 Bra\u00e7o Rail Changer Area 419<\/li>\n<\/ul>\n<h3>Especifica\u00e7\u00f5es:<\/h3>\n<ul>\n<li>Peso: 450 gramas<\/li>\n<li>Dimens\u00f5es: 25,4 \u00d7 7,6 \u00d7 5,1 cm<\/li>\n<li>Fabricante: Armageddon Gear<\/li>\n<\/ul>\n<\/div>\n","protected":false},"excerpt":{"rendered":"<p>&#8220;Bolsa compacta e aderente de 450g para posi\u00e7\u00f5es de tiro r\u00e1pidas e est\u00e1veis. Inclui grampo e bra\u00e7o.&#8221;<\/p>\n","protected":false},"featured_media":233574,"template":"","meta":{"_acf_changed":false},"product_brand":[11041],"product_cat":[12537],"product_tag":[],"class_list":{"0":"post-284927","1":"product","2":"type-product","3":"status-publish","4":"has-post-thumbnail","6":"product_brand-area-419","7":"product_cat-espingarda","9":"first","10":"instock","11":"taxable","12":"shipping-taxable","13":"purchasable","14":"product-type-simple"},"acf":[],"_links":{"self":[{"href":"https:\/\/nbg.eu\/pt-pt\/wp-json\/wp\/v2\/product\/284927","targetHints":{"allow":["GET"]}}],"collection":[{"href":"https:\/\/nbg.eu\/pt-pt\/wp-json\/wp\/v2\/product"}],"about":[{"href":"https:\/\/nbg.eu\/pt-pt\/wp-json\/wp\/v2\/types\/product"}],"wp:featuredmedia":[{"embeddable":true,"href":"https:\/\/nbg.eu\/pt-pt\/wp-json\/wp\/v2\/media\/233574"}],"wp:attachment":[{"href":"https:\/\/nbg.eu\/pt-pt\/wp-json\/wp\/v2\/media?parent=284927"}],"wp:term":[{"taxonomy":"product_brand","embeddable":true,"href":"https:\/\/nbg.eu\/pt-pt\/wp-json\/wp\/v2\/product_brand?post=284927"},{"taxonomy":"product_cat","embeddable":true,"href":"https:\/\/nbg.eu\/pt-pt\/wp-json\/wp\/v2\/product_cat?post=284927"},{"taxonomy":"product_tag","embeddable":true,"href":"https:\/\/nbg.eu\/pt-pt\/wp-json\/wp\/v2\/product_tag?post=284927"}],"curies":[{"name":"wp","href":"https:\/\/api.w.org\/{rel}","templated":true}]}}