{"id":404922,"date":"2025-05-09T10:46:25","date_gmt":"2025-05-09T07:46:25","guid":{"rendered":"https:\/\/nbg.eu\/product\/ammunition-cci-cal-22-lr-mini-mag-cprn-40gr-100pcs\/"},"modified":"2026-05-13T16:03:20","modified_gmt":"2026-05-13T13:03:20","slug":"ammunition-cci-cal-22-lr-mini-mag-cprn-40gr-100pcs","status":"publish","type":"product","link":"https:\/\/nbg.eu\/pt-pt\/produto\/ammunition-cci-cal-22-lr-mini-mag-cprn-40gr-100pcs\/","title":{"rendered":"AMMUNITION CCI cal. 22 LR Mini Mag CPRN 40gr \/100pcs"},"content":{"rendered":"<div class=\"product-description\">\n<h2>MUNI\u00c7\u00c3O CCI cal. 22 LR Mini Mag CPRN 40gr \/100unidades<\/h2>\n<p>CCI Mini-Mag\u00ae. Esta carga 22 LR \u00e9 adequada para tiro ao alvo.<\/p>\n<h2>Caracter\u00edsticas:<\/h2>\n<ul>\n<li>Oferta original da CCI<\/li>\n<li>Alimenta\u00e7\u00e3o confi\u00e1vel<\/li>\n<li>P\u00f3lvora de queima limpa minimiza a sujeira no cano<\/li>\n<li>Espoleta e lat\u00e3o CCI\u00ae para desempenho consistente<\/li>\n<\/ul>\n<h2>Especifica\u00e7\u00f5es:<\/h2>\n<table>\n<tr>\n<td>Calibre:<\/td>\n<td>22 LR<\/td>\n<\/tr>\n<tr>\n<td>Peso do Proj\u00e9til:<\/td>\n<td>40 grains<\/td>\n<\/tr>\n<tr>\n<td>Tipo de Proj\u00e9til:<\/td>\n<td>Ponta Redonda Revestida de Cobre (CPRN)<\/td>\n<\/tr>\n<tr>\n<td>Velocidade Inicial:<\/td>\n<td>1235 fps<\/td>\n<\/tr>\n<tr>\n<td>Coeficiente Bal\u00edstico:<\/td>\n<td>0,130<\/td>\n<\/tr>\n<tr>\n<td>Quantidade por Pacote:<\/td>\n<td>100 unidades<\/td>\n<\/tr>\n<tr>\n<td>Uso:<\/td>\n<td>Tiro ao Alvo<\/td>\n<\/tr>\n<\/table>\n<h2>Bal\u00edstica:<\/h2>\n<table>\n<tr>\n<th>Dist\u00e2ncia<\/th>\n<th>Velocidade (fps)<\/th>\n<\/tr>\n<tr>\n<td>Boca do Cano<\/td>\n<td>1235<\/td>\n<\/tr>\n<tr>\n<td>50 Jardas<\/td>\n<td>1092<\/td>\n<\/tr>\n<tr>\n<td>75 Jardas<\/td>\n<td>1040<\/td>\n<\/tr>\n<tr>\n<td>100 Jardas<\/td>\n<td>998<\/td>\n<\/tr>\n<\/table>\n<\/div>\n","protected":false},"excerpt":{"rendered":"<p>Mini-Mag popular de 22 LR: limpo, confi\u00e1vel, preciso. 40gr CPRN, caixa com 100 unidades.<\/p>\n","protected":false},"featured_media":359554,"template":"","meta":{"_acf_changed":false},"product_brand":[14291],"product_cat":[12490,12540],"product_tag":[],"class_list":{"0":"post-404922","1":"product","2":"type-product","3":"status-publish","4":"has-post-thumbnail","6":"product_brand-cci-ammunition","7":"product_cat-licenciado","8":"product_cat-municao","10":"first","11":"instock","12":"taxable","13":"shipping-taxable","14":"purchasable","15":"product-type-simple"},"acf":[],"_links":{"self":[{"href":"https:\/\/nbg.eu\/pt-pt\/wp-json\/wp\/v2\/product\/404922","targetHints":{"allow":["GET"]}}],"collection":[{"href":"https:\/\/nbg.eu\/pt-pt\/wp-json\/wp\/v2\/product"}],"about":[{"href":"https:\/\/nbg.eu\/pt-pt\/wp-json\/wp\/v2\/types\/product"}],"wp:featuredmedia":[{"embeddable":true,"href":"https:\/\/nbg.eu\/pt-pt\/wp-json\/wp\/v2\/media\/359554"}],"wp:attachment":[{"href":"https:\/\/nbg.eu\/pt-pt\/wp-json\/wp\/v2\/media?parent=404922"}],"wp:term":[{"taxonomy":"product_brand","embeddable":true,"href":"https:\/\/nbg.eu\/pt-pt\/wp-json\/wp\/v2\/product_brand?post=404922"},{"taxonomy":"product_cat","embeddable":true,"href":"https:\/\/nbg.eu\/pt-pt\/wp-json\/wp\/v2\/product_cat?post=404922"},{"taxonomy":"product_tag","embeddable":true,"href":"https:\/\/nbg.eu\/pt-pt\/wp-json\/wp\/v2\/product_tag?post=404922"}],"curies":[{"name":"wp","href":"https:\/\/api.w.org\/{rel}","templated":true}]}}