{"id":411780,"date":"2025-05-14T22:52:01","date_gmt":"2025-05-14T19:52:01","guid":{"rendered":"https:\/\/nbg.eu\/product\/grips-kmr-w-dotmatrix-ergo-red\/"},"modified":"2026-01-21T11:34:41","modified_gmt":"2026-01-21T08:34:41","slug":"grips-kmr-w-dotmatrix-ergo-red","status":"publish","type":"product","link":"https:\/\/nbg.eu\/pt-pt\/produto\/grips-kmr-w-dotmatrix-ergo-red\/","title":{"rendered":"GRIPS KMR W DOTMATRIX ERGO RED"},"content":{"rendered":"<div class=\"product-description\">\n<h2>EMPUNHADURAS KMR W DOTMATRIX ERGO VERMELHAS<\/h2>\n<p>Empunhaduras de duralum\u00ednio para pistola KMR com padr\u00e3o de bola de golfe para melhor ader\u00eancia. Compat\u00edveis com modelos KMR W-02 CUDA (at\u00e9 2023), UMBRA e UMBRA (OR).<\/p>\n<ul>\n<li>Refer\u00eancia: 0611-03305-0101<\/li>\n<li>Marca: KMR Precision Arms<\/li>\n<li>Material: Duralum\u00ednio<\/li>\n<\/ul>\n<\/div>\n","protected":false},"excerpt":{"rendered":"<p>Empunhaduras dur\u00e1veis e ergon\u00f4micas para pistolas KMR. Ader\u00eancia segura.<\/p>\n","protected":false},"featured_media":359411,"template":"","meta":{"_acf_changed":false},"product_brand":[11507],"product_cat":[12487,14870],"product_tag":[],"class_list":{"0":"post-411780","1":"product","2":"type-product","3":"status-publish","4":"has-post-thumbnail","6":"product_brand-kmr-precision","7":"product_cat-pecas-kmr","8":"product_cat-pistol-grips-pt-pt","10":"first","11":"outofstock","12":"taxable","13":"shipping-taxable","14":"purchasable","15":"product-type-simple"},"acf":[],"_links":{"self":[{"href":"https:\/\/nbg.eu\/pt-pt\/wp-json\/wp\/v2\/product\/411780","targetHints":{"allow":["GET"]}}],"collection":[{"href":"https:\/\/nbg.eu\/pt-pt\/wp-json\/wp\/v2\/product"}],"about":[{"href":"https:\/\/nbg.eu\/pt-pt\/wp-json\/wp\/v2\/types\/product"}],"wp:featuredmedia":[{"embeddable":true,"href":"https:\/\/nbg.eu\/pt-pt\/wp-json\/wp\/v2\/media\/359411"}],"wp:attachment":[{"href":"https:\/\/nbg.eu\/pt-pt\/wp-json\/wp\/v2\/media?parent=411780"}],"wp:term":[{"taxonomy":"product_brand","embeddable":true,"href":"https:\/\/nbg.eu\/pt-pt\/wp-json\/wp\/v2\/product_brand?post=411780"},{"taxonomy":"product_cat","embeddable":true,"href":"https:\/\/nbg.eu\/pt-pt\/wp-json\/wp\/v2\/product_cat?post=411780"},{"taxonomy":"product_tag","embeddable":true,"href":"https:\/\/nbg.eu\/pt-pt\/wp-json\/wp\/v2\/product_tag?post=411780"}],"curies":[{"name":"wp","href":"https:\/\/api.w.org\/{rel}","templated":true}]}}