{"id":414522,"date":"2025-05-14T22:52:13","date_gmt":"2025-05-14T19:52:13","guid":{"rendered":"https:\/\/nbg.eu\/product\/grips-kmr-w-dotmatrix-ergo-black\/"},"modified":"2026-01-21T12:28:34","modified_gmt":"2026-01-21T09:28:34","slug":"grips-kmr-w-dotmatrix-ergo-black","status":"publish","type":"product","link":"https:\/\/nbg.eu\/pt-pt\/produto\/grips-kmr-w-dotmatrix-ergo-black\/","title":{"rendered":"GRIPS KMR W DOTMATRIX ERGO BLACK"},"content":{"rendered":"<div class=\"product-description\">\n<h2>EMPUNHADURA KMR W DOTMATRIX ERGO PRETA<\/h2>\n<p>Empunhaduras de duralum\u00ednio para pistola KMR com padr\u00e3o de bola de golfe para melhor ader\u00eancia. Adequadas para atualiza\u00e7\u00f5es ou montagens de competi\u00e7\u00e3o, estas empunhaduras ergon\u00f4micas garantem manuseio seguro. Compat\u00edveis com os modelos KMR W-02 CUDA (at\u00e9 2023), UMBRA e UMBRA (OR).<\/p>\n<p><strong>Refer\u00eancia:<\/strong> 0611-03305-0101<\/p>\n<p><strong>Marca:<\/strong> KMR Precision Arms<\/p>\n<\/div>\n","protected":false},"excerpt":{"rendered":"<p>Empunhaduras dur\u00e1veis com padr\u00e3o de bola de golfe para pistolas KMR.<\/p>\n","protected":false},"featured_media":359365,"template":"","meta":{"_acf_changed":false},"product_brand":[11507],"product_cat":[12487,14870],"product_tag":[],"class_list":{"0":"post-414522","1":"product","2":"type-product","3":"status-publish","4":"has-post-thumbnail","6":"product_brand-kmr-precision","7":"product_cat-pecas-kmr","8":"product_cat-pistol-grips-pt-pt","10":"first","11":"outofstock","12":"taxable","13":"shipping-taxable","14":"purchasable","15":"product-type-simple"},"acf":[],"_links":{"self":[{"href":"https:\/\/nbg.eu\/pt-pt\/wp-json\/wp\/v2\/product\/414522","targetHints":{"allow":["GET"]}}],"collection":[{"href":"https:\/\/nbg.eu\/pt-pt\/wp-json\/wp\/v2\/product"}],"about":[{"href":"https:\/\/nbg.eu\/pt-pt\/wp-json\/wp\/v2\/types\/product"}],"wp:featuredmedia":[{"embeddable":true,"href":"https:\/\/nbg.eu\/pt-pt\/wp-json\/wp\/v2\/media\/359365"}],"wp:attachment":[{"href":"https:\/\/nbg.eu\/pt-pt\/wp-json\/wp\/v2\/media?parent=414522"}],"wp:term":[{"taxonomy":"product_brand","embeddable":true,"href":"https:\/\/nbg.eu\/pt-pt\/wp-json\/wp\/v2\/product_brand?post=414522"},{"taxonomy":"product_cat","embeddable":true,"href":"https:\/\/nbg.eu\/pt-pt\/wp-json\/wp\/v2\/product_cat?post=414522"},{"taxonomy":"product_tag","embeddable":true,"href":"https:\/\/nbg.eu\/pt-pt\/wp-json\/wp\/v2\/product_tag?post=414522"}],"curies":[{"name":"wp","href":"https:\/\/api.w.org\/{rel}","templated":true}]}}