{"id":45007,"date":"2024-08-18T12:30:21","date_gmt":"2024-08-18T09:30:21","guid":{"rendered":"https:\/\/nbg.eu\/product\/lynx-belt-ratchet-buckle\/"},"modified":"2026-05-13T16:03:22","modified_gmt":"2026-05-13T13:03:22","slug":"lynx-belt-ratchet-buckle","status":"publish","type":"product","link":"https:\/\/nbg.eu\/pt-pt\/produto\/lynx-belt-ratchet-buckle\/","title":{"rendered":"Lynx Belt Ratchet Buckle"},"content":{"rendered":"<div class=\"product-description\">\n<h2>Fivela de Catraca DAA Lynx Belt<\/h2>\n<p>Atualize seu equipamento de tiro com o sistema de fivela de catraca DAA Lynx Belt. Esta fivela inovadora oferece:<\/p>\n<ul>\n<li>Maior ajuste de comprimento para f\u00e1cil compensa\u00e7\u00e3o de roupas<\/li>\n<li>R\u00e1pido afrouxamento e aperto entre est\u00e1gios<\/li>\n<li>Constru\u00e7\u00e3o dur\u00e1vel em a\u00e7o e alum\u00ednio<\/li>\n<li>Tira de borracha de 23mm de largura com faixa de ajuste de 16cm<\/li>\n<li>Dois elos pretos pr\u00e9-perfurados com insertos roscados de a\u00e7o<\/li>\n<\/ul>\n<p>Posicionamento recomendado: frente, entre o coldre e o primeiro bolso. A tira pode ser encurtada e a dire\u00e7\u00e3o da fivela pode ser invertida, se desejado. Aprimore sua experi\u00eancia de tiro com maior conforto e conveni\u00eancia!<\/p>\n<\/div>\n","protected":false},"excerpt":{"rendered":"<p>Fivela catraca para ajuste f\u00e1cil do cinto e aperto r\u00e1pido.<\/p>\n","protected":false},"featured_media":26877,"template":"","meta":{"_acf_changed":false},"product_brand":[11280],"product_cat":[12471],"product_tag":[],"class_list":{"0":"post-45007","1":"product","2":"type-product","3":"status-publish","4":"has-post-thumbnail","6":"product_brand-doublealpha","7":"product_cat-cintos-desportivos","9":"first","10":"outofstock","11":"taxable","12":"shipping-taxable","13":"purchasable","14":"product-type-simple"},"acf":[],"_links":{"self":[{"href":"https:\/\/nbg.eu\/pt-pt\/wp-json\/wp\/v2\/product\/45007","targetHints":{"allow":["GET"]}}],"collection":[{"href":"https:\/\/nbg.eu\/pt-pt\/wp-json\/wp\/v2\/product"}],"about":[{"href":"https:\/\/nbg.eu\/pt-pt\/wp-json\/wp\/v2\/types\/product"}],"wp:featuredmedia":[{"embeddable":true,"href":"https:\/\/nbg.eu\/pt-pt\/wp-json\/wp\/v2\/media\/26877"}],"wp:attachment":[{"href":"https:\/\/nbg.eu\/pt-pt\/wp-json\/wp\/v2\/media?parent=45007"}],"wp:term":[{"taxonomy":"product_brand","embeddable":true,"href":"https:\/\/nbg.eu\/pt-pt\/wp-json\/wp\/v2\/product_brand?post=45007"},{"taxonomy":"product_cat","embeddable":true,"href":"https:\/\/nbg.eu\/pt-pt\/wp-json\/wp\/v2\/product_cat?post=45007"},{"taxonomy":"product_tag","embeddable":true,"href":"https:\/\/nbg.eu\/pt-pt\/wp-json\/wp\/v2\/product_tag?post=45007"}],"curies":[{"name":"wp","href":"https:\/\/api.w.org\/{rel}","templated":true}]}}