{"id":45095,"date":"2024-08-18T12:28:23","date_gmt":"2024-08-18T09:28:23","guid":{"rendered":"https:\/\/nbg.eu\/product\/daa-reloading-press-tool-holder\/"},"modified":"2026-05-13T16:03:26","modified_gmt":"2026-05-13T13:03:26","slug":"daa-reloading-press-tool-holder","status":"publish","type":"product","link":"https:\/\/nbg.eu\/pt-pt\/produto\/daa-reloading-press-tool-holder\/","title":{"rendered":"Daa Reloading-Press Tool-Holder"},"content":{"rendered":"<div class=\"product-description\">\n<h2>Suporte de Ferramentas para Prensa de Recarga DAA<\/h2>\n<p>Organize suas ferramentas de recarga com este suporte conveniente! Projetado para prensas Dillon RL1100\/1050\/750\/650, \u00e9 facilmente montado em tubos quadrados ou redondos de 1 polegada.<\/p>\n<ul>\n<li>Constru\u00e7\u00e3o dur\u00e1vel em nylon refor\u00e7ado com fibra de vidro<\/li>\n<li>Revestimento de tinta de borracha para um acabamento atraente<\/li>\n<li>Comporta 7 chaves hexagonais, chave para matriz e 3 ferramentas adicionais<\/li>\n<li>Cavidade grande para armazenamento de pe\u00e7as pequenas<\/li>\n<li>\u00cdm\u00e3 embutido para segurar itens met\u00e1licos<\/li>\n<\/ul>\n<p>Aprimore seu setup de recarga com este suporte de ferramentas vers\u00e1til! (Ferramentas n\u00e3o inclu\u00eddas)<\/p>\n<\/div>\n","protected":false},"excerpt":{"rendered":"<p>Suporte vers\u00e1til montado na prensa para ferramentas e pe\u00e7as de recarga.<\/p>\n","protected":false},"featured_media":26578,"template":"","meta":{"_acf_changed":false},"product_brand":[11280],"product_cat":[12512,12523],"product_tag":[],"class_list":{"0":"post-45095","1":"product","2":"type-product","3":"status-publish","4":"has-post-thumbnail","6":"product_brand-doublealpha","7":"product_cat-acessorios-de-recarga","8":"product_cat-recarga","10":"first","11":"outofstock","12":"taxable","13":"shipping-taxable","14":"purchasable","15":"product-type-simple"},"acf":[],"_links":{"self":[{"href":"https:\/\/nbg.eu\/pt-pt\/wp-json\/wp\/v2\/product\/45095","targetHints":{"allow":["GET"]}}],"collection":[{"href":"https:\/\/nbg.eu\/pt-pt\/wp-json\/wp\/v2\/product"}],"about":[{"href":"https:\/\/nbg.eu\/pt-pt\/wp-json\/wp\/v2\/types\/product"}],"wp:featuredmedia":[{"embeddable":true,"href":"https:\/\/nbg.eu\/pt-pt\/wp-json\/wp\/v2\/media\/26578"}],"wp:attachment":[{"href":"https:\/\/nbg.eu\/pt-pt\/wp-json\/wp\/v2\/media?parent=45095"}],"wp:term":[{"taxonomy":"product_brand","embeddable":true,"href":"https:\/\/nbg.eu\/pt-pt\/wp-json\/wp\/v2\/product_brand?post=45095"},{"taxonomy":"product_cat","embeddable":true,"href":"https:\/\/nbg.eu\/pt-pt\/wp-json\/wp\/v2\/product_cat?post=45095"},{"taxonomy":"product_tag","embeddable":true,"href":"https:\/\/nbg.eu\/pt-pt\/wp-json\/wp\/v2\/product_tag?post=45095"}],"curies":[{"name":"wp","href":"https:\/\/api.w.org\/{rel}","templated":true}]}}