{"id":45502,"date":"2024-08-16T17:52:19","date_gmt":"2024-08-16T17:52:19","guid":{"rendered":"https:\/\/nbg.eu\/product\/rhh-backpack\/"},"modified":"2026-01-21T12:01:47","modified_gmt":"2026-01-21T09:01:47","slug":"rhh-backpack","status":"publish","type":"product","link":"https:\/\/nbg.eu\/pt-pt\/produto\/rhh-backpack\/","title":{"rendered":"RHH Backpack"},"content":{"rendered":"<div class=\"product-description\">\n<h2>Mochila de Tiro RHH<\/h2>\n<p>Projetada por atiradores para atiradores, a Mochila RHH \u00e9 perfeita para competi\u00e7\u00f5es de v\u00e1rios dias, seja voc\u00ea usando uma ou duas armas.<\/p>\n<ul>\n<li>Bolso principal para arma com sistema de travamento para f\u00e1cil acesso<\/li>\n<li>Atende \u00e0s regras da IPSC<\/li>\n<li>Painel de velcro e sistema MOLLE para acess\u00f3rios<\/li>\n<li>Amplo espa\u00e7o de armazenamento com compartimentos organizados<\/li>\n<li>Bolso para carregadores comporta carregadores de 30 tiros com bases estendidas<\/li>\n<li>Al\u00e7as remov\u00edveis que tamb\u00e9m servem como bolsa de tiro<\/li>\n<\/ul>\n<p>Tamanho: 100cm x 40cm x 20cm<br \/>\n  Bolso para rifle: at\u00e9 95cm<br \/>\n  Peso: 2,9 Kg<\/p>\n<p>Organize-se melhor, atire melhor com a Mochila de Tiro RHH!<\/p>\n<\/div>\n","protected":false},"excerpt":{"rendered":"<p>Mochila RHH: Projetada por atiradores, vers\u00e1til, pronta para corridas de v\u00e1rios dias.<\/p>\n","protected":false},"featured_media":22680,"template":"","meta":{"_acf_changed":false},"product_brand":[11642],"product_cat":[12481],"product_tag":[],"class_list":{"0":"post-45502","1":"product","2":"type-product","3":"status-publish","4":"has-post-thumbnail","6":"product_brand-rh-holsters","7":"product_cat-mochilas","9":"first","10":"instock","11":"taxable","12":"shipping-taxable","13":"purchasable","14":"product-type-simple"},"acf":[],"_links":{"self":[{"href":"https:\/\/nbg.eu\/pt-pt\/wp-json\/wp\/v2\/product\/45502","targetHints":{"allow":["GET"]}}],"collection":[{"href":"https:\/\/nbg.eu\/pt-pt\/wp-json\/wp\/v2\/product"}],"about":[{"href":"https:\/\/nbg.eu\/pt-pt\/wp-json\/wp\/v2\/types\/product"}],"wp:featuredmedia":[{"embeddable":true,"href":"https:\/\/nbg.eu\/pt-pt\/wp-json\/wp\/v2\/media\/22680"}],"wp:attachment":[{"href":"https:\/\/nbg.eu\/pt-pt\/wp-json\/wp\/v2\/media?parent=45502"}],"wp:term":[{"taxonomy":"product_brand","embeddable":true,"href":"https:\/\/nbg.eu\/pt-pt\/wp-json\/wp\/v2\/product_brand?post=45502"},{"taxonomy":"product_cat","embeddable":true,"href":"https:\/\/nbg.eu\/pt-pt\/wp-json\/wp\/v2\/product_cat?post=45502"},{"taxonomy":"product_tag","embeddable":true,"href":"https:\/\/nbg.eu\/pt-pt\/wp-json\/wp\/v2\/product_tag?post=45502"}],"curies":[{"name":"wp","href":"https:\/\/api.w.org\/{rel}","templated":true}]}}