{"id":46187,"date":"2024-08-03T08:31:54","date_gmt":"2024-09-11T15:11:17","guid":{"rendered":"https:\/\/nbg.eu\/product\/rh-owb-tac-duty-holster\/"},"modified":"2026-01-21T12:33:08","modified_gmt":"2026-01-21T09:33:08","slug":"rh-owb-tac-duty-holster","status":"publish","type":"product","link":"https:\/\/nbg.eu\/pt-pt\/produto\/rh-owb-tac-duty-holster\/","title":{"rendered":"RH OWB Tac\/Duty Holster"},"content":{"rendered":"<p>O coldre RH OWB Tac\/Duty \u00e9 um coldre de kydex projetado para uso t\u00e1tico e de servi\u00e7o. Caracter\u00edsticas incluem:<\/p>\n<ul>\n<li>Compat\u00edvel com lanternas montadas na arma<\/li>\n<li>Adapta-se a plataformas Safariland, Blackhawk ou Blade-Tech<\/li>\n<li>Adequado para transporte na coxa em posi\u00e7\u00e3o baixa<\/li>\n<li>Manuten\u00e7\u00e3o e limpeza simples<\/li>\n<li>Utilizado pelas For\u00e7as Armadas e Pol\u00edcia da Rep\u00fablica Tcheca<\/li>\n<\/ul>\n<p>Adequado para armas de servi\u00e7o, treinamento e opera\u00e7\u00f5es t\u00e1ticas.<\/p>\n","protected":false},"excerpt":{"rendered":"<p>Coldre Kydex resistente para uso em servi\u00e7o. Adequado para armas de servi\u00e7o e lanternas.<\/p>\n","protected":false},"featured_media":46188,"template":"","meta":{"_acf_changed":false},"product_brand":[11642],"product_cat":[12543,12524,12510],"product_tag":[],"class_list":{"0":"post-46187","1":"product","2":"type-product","3":"status-publish","4":"has-post-thumbnail","6":"product_brand-rh-holsters","7":"product_cat-coldre","8":"product_cat-coldre-desportivo","9":"product_cat-coldre-tatico","10":"pa_light-surefire-x300-ultra-a-pt-pt","11":"pa_safety-automatic-pt-pt","12":"pa_strong-hand-right-pt-pt","14":"first","15":"instock","16":"taxable","17":"shipping-taxable","18":"purchasable","19":"product-type-variable","20":"wvs-archive-product-wrapper"},"acf":[],"_links":{"self":[{"href":"https:\/\/nbg.eu\/pt-pt\/wp-json\/wp\/v2\/product\/46187","targetHints":{"allow":["GET"]}}],"collection":[{"href":"https:\/\/nbg.eu\/pt-pt\/wp-json\/wp\/v2\/product"}],"about":[{"href":"https:\/\/nbg.eu\/pt-pt\/wp-json\/wp\/v2\/types\/product"}],"wp:featuredmedia":[{"embeddable":true,"href":"https:\/\/nbg.eu\/pt-pt\/wp-json\/wp\/v2\/media\/46188"}],"wp:attachment":[{"href":"https:\/\/nbg.eu\/pt-pt\/wp-json\/wp\/v2\/media?parent=46187"}],"wp:term":[{"taxonomy":"product_brand","embeddable":true,"href":"https:\/\/nbg.eu\/pt-pt\/wp-json\/wp\/v2\/product_brand?post=46187"},{"taxonomy":"product_cat","embeddable":true,"href":"https:\/\/nbg.eu\/pt-pt\/wp-json\/wp\/v2\/product_cat?post=46187"},{"taxonomy":"product_tag","embeddable":true,"href":"https:\/\/nbg.eu\/pt-pt\/wp-json\/wp\/v2\/product_tag?post=46187"}],"curies":[{"name":"wp","href":"https:\/\/api.w.org\/{rel}","templated":true}]}}