{"id":46333,"date":"2024-07-31T20:30:37","date_gmt":"2024-07-31T20:30:37","guid":{"rendered":"https:\/\/nbg.eu\/product\/fox-ammunition-65-creed-123-gr\/"},"modified":"2026-05-13T15:11:56","modified_gmt":"2026-05-13T12:11:56","slug":"fox-ammunition-65-creed-123-gr","status":"publish","type":"product","link":"https:\/\/nbg.eu\/pt-pt\/produto\/fox-ammunition-65-creed-123-gr\/","title":{"rendered":"Fox Ammunition 6,5 Creed. &#8211; 123 gr"},"content":{"rendered":"<h2>Muni\u00e7\u00e3o Fox 6.5 Creed &#8211; 123 gr<\/h2>\n<p>Muni\u00e7\u00e3o Fox 6.5 Creed 123 gr com proj\u00e9til Fox Classic hunter. Estes proj\u00e9teis sem chumbo s\u00e3o feitos de uma liga de cobre e zinco, adequados para diversos cen\u00e1rios de ca\u00e7a.<\/p>\n<ul>\n<li>Composi\u00e7\u00e3o sem chumbo<\/li>\n<li>Design ranhurado para reduzir a press\u00e3o no cano e aumentar a velocidade<\/li>\n<li>Ponta pl\u00e1stica termoest\u00e1vel para melhorar a bal\u00edstica e o efeito terminal<\/li>\n<li>Expans\u00e3o controlada para transfer\u00eancia de energia<\/li>\n<li>Eficaz em tiros de curta e longa dist\u00e2ncia<\/li>\n<li>Poder de parada com danos m\u00ednimos \u00e0 carne<\/li>\n<\/ul>\n<p>Muni\u00e7\u00e3o Fox para precis\u00e3o, confiabilidade e pr\u00e1ticas de ca\u00e7a \u00e9ticas.<\/p>\n","protected":false},"excerpt":{"rendered":"<p>Muni\u00e7\u00e3o de 6,5 Creedmoor precisa e sem chumbo<\/p>\n","protected":false},"featured_media":46334,"template":"","meta":{"_acf_changed":false},"product_brand":[11348],"product_cat":[12540,12550],"product_tag":[],"class_list":{"0":"post-46333","1":"product","2":"type-product","3":"status-publish","4":"has-post-thumbnail","6":"product_brand-fox-bullets","7":"product_cat-municao","8":"product_cat-municao-para-rifles","10":"first","11":"instock","12":"taxable","13":"shipping-taxable","14":"purchasable","15":"product-type-simple"},"acf":[],"_links":{"self":[{"href":"https:\/\/nbg.eu\/pt-pt\/wp-json\/wp\/v2\/product\/46333","targetHints":{"allow":["GET"]}}],"collection":[{"href":"https:\/\/nbg.eu\/pt-pt\/wp-json\/wp\/v2\/product"}],"about":[{"href":"https:\/\/nbg.eu\/pt-pt\/wp-json\/wp\/v2\/types\/product"}],"wp:featuredmedia":[{"embeddable":true,"href":"https:\/\/nbg.eu\/pt-pt\/wp-json\/wp\/v2\/media\/46334"}],"wp:attachment":[{"href":"https:\/\/nbg.eu\/pt-pt\/wp-json\/wp\/v2\/media?parent=46333"}],"wp:term":[{"taxonomy":"product_brand","embeddable":true,"href":"https:\/\/nbg.eu\/pt-pt\/wp-json\/wp\/v2\/product_brand?post=46333"},{"taxonomy":"product_cat","embeddable":true,"href":"https:\/\/nbg.eu\/pt-pt\/wp-json\/wp\/v2\/product_cat?post=46333"},{"taxonomy":"product_tag","embeddable":true,"href":"https:\/\/nbg.eu\/pt-pt\/wp-json\/wp\/v2\/product_tag?post=46333"}],"curies":[{"name":"wp","href":"https:\/\/api.w.org\/{rel}","templated":true}]}}