{"id":48687,"date":"2024-07-29T22:00:12","date_gmt":"2024-07-29T19:00:12","guid":{"rendered":"https:\/\/nbg.eu\/product\/ten-speed-single-pistol-mag-pouch\/"},"modified":"2026-05-13T17:05:12","modified_gmt":"2026-05-13T14:05:12","slug":"ten-speed-single-pistol-mag-pouch","status":"publish","type":"product","link":"https:\/\/nbg.eu\/pt-pt\/produto\/ten-speed-single-pistol-mag-pouch\/","title":{"rendered":"Ten-Speed\u00ae Single Pistol Mag Pouch"},"content":{"rendered":"<h2>Porta-Carregador de Pistola Simples Ten-Speed\u00ae<\/h2>\n<p>O porta-carregador Ten-Speed\u00ae Single Pistol Mag Pouch \u00e9 projetado para operadores t\u00e1ticos. Este bolso acomoda:<\/p>\n<ul>\n<li>Carregadores de pistola de pilha \u00fanica ou dupla (at\u00e9 HK 45)<\/li>\n<li>Ferramentas multiuso<\/li>\n<li>Lanternas<\/li>\n<li>Facas<\/li>\n<li>Sprays OC pequenos<\/li>\n<\/ul>\n<p>Feito com el\u00e1stico de qualidade militar e constru\u00e7\u00e3o ULTRAcomp\u2122, este bolso leve fica plano quando n\u00e3o est\u00e1 em uso. O sistema de fixa\u00e7\u00e3o Helium Whisper\u00ae \u00e9 compat\u00edvel com MOLLE e reduz o peso em at\u00e9 60%.<\/p>\n<p>Tamanho: 0,32 cm x 5,08 cm x 10,16 cm (requer campo MOLLE 2&#215;1)<\/p>\n<p>Oferece reten\u00e7\u00e3o e durabilidade aprimoradas.<\/p>\n","protected":false},"excerpt":{"rendered":"<p>Porta-carregador de pistola ultraleve, de acesso r\u00e1pido, para carregadores simples ou duplos.<\/p>\n","protected":false},"featured_media":33950,"template":"","meta":{"_acf_changed":false},"product_brand":[11138],"product_cat":[12543,12528],"product_tag":[],"class_list":{"0":"post-48687","1":"product","2":"type-product","3":"status-publish","4":"has-post-thumbnail","6":"product_brand-blue-force-gear","7":"product_cat-coldre","8":"product_cat-porta-carregadores","10":"first","11":"instock","12":"taxable","13":"shipping-taxable","14":"purchasable","15":"product-type-variable","16":"wvs-archive-product-wrapper"},"acf":[],"_links":{"self":[{"href":"https:\/\/nbg.eu\/pt-pt\/wp-json\/wp\/v2\/product\/48687","targetHints":{"allow":["GET"]}}],"collection":[{"href":"https:\/\/nbg.eu\/pt-pt\/wp-json\/wp\/v2\/product"}],"about":[{"href":"https:\/\/nbg.eu\/pt-pt\/wp-json\/wp\/v2\/types\/product"}],"wp:featuredmedia":[{"embeddable":true,"href":"https:\/\/nbg.eu\/pt-pt\/wp-json\/wp\/v2\/media\/33950"}],"wp:attachment":[{"href":"https:\/\/nbg.eu\/pt-pt\/wp-json\/wp\/v2\/media?parent=48687"}],"wp:term":[{"taxonomy":"product_brand","embeddable":true,"href":"https:\/\/nbg.eu\/pt-pt\/wp-json\/wp\/v2\/product_brand?post=48687"},{"taxonomy":"product_cat","embeddable":true,"href":"https:\/\/nbg.eu\/pt-pt\/wp-json\/wp\/v2\/product_cat?post=48687"},{"taxonomy":"product_tag","embeddable":true,"href":"https:\/\/nbg.eu\/pt-pt\/wp-json\/wp\/v2\/product_tag?post=48687"}],"curies":[{"name":"wp","href":"https:\/\/api.w.org\/{rel}","templated":true}]}}