{"id":51568,"date":"2024-03-15T05:39:44","date_gmt":"2024-09-13T09:59:29","guid":{"rendered":"https:\/\/nbg.eu\/product\/bore-tech-bullet-knock-out-set\/"},"modified":"2026-05-13T16:48:38","modified_gmt":"2026-05-13T13:48:38","slug":"bore-tech-bullet-knock-out-set","status":"publish","type":"product","link":"https:\/\/nbg.eu\/pt-pt\/produto\/bore-tech-bullet-knock-out-set\/","title":{"rendered":"Bore Tech Bullet Knock-out Set"},"content":{"rendered":"<p>O <strong>Conjunto de Extra\u00e7\u00e3o de Proj\u00e9teis Bore Tech<\/strong> \u00e9 uma ferramenta para atiradores. Este kit inclui 4 pontas de lat\u00e3o usinadas, projetadas para remover proj\u00e9teis ou cartuchos presos sem danificar a vareta de limpeza. Compat\u00edvel com rifles e pistolas de calibre .17 a .50, \u00e9 \u00fatil para sua caixa de equipamentos.<\/p>\n","protected":false},"excerpt":{"rendered":"<p>Ferramenta essencial para remover balas alojadas. 4 pontas de lat\u00e3o, calibre .17-.50.<\/p>\n","protected":false},"featured_media":51569,"template":"","meta":{"_acf_changed":false},"product_brand":[11167],"product_cat":[12496,12479],"product_tag":[],"class_list":{"0":"post-51568","1":"product","2":"type-product","3":"status-publish","4":"has-post-thumbnail","6":"product_brand-boretech","7":"product_cat-escovas","8":"product_cat-limpeza-de-armas","10":"first","11":"instock","12":"taxable","13":"shipping-taxable","14":"purchasable","15":"product-type-simple"},"acf":[],"_links":{"self":[{"href":"https:\/\/nbg.eu\/pt-pt\/wp-json\/wp\/v2\/product\/51568","targetHints":{"allow":["GET"]}}],"collection":[{"href":"https:\/\/nbg.eu\/pt-pt\/wp-json\/wp\/v2\/product"}],"about":[{"href":"https:\/\/nbg.eu\/pt-pt\/wp-json\/wp\/v2\/types\/product"}],"wp:featuredmedia":[{"embeddable":true,"href":"https:\/\/nbg.eu\/pt-pt\/wp-json\/wp\/v2\/media\/51569"}],"wp:attachment":[{"href":"https:\/\/nbg.eu\/pt-pt\/wp-json\/wp\/v2\/media?parent=51568"}],"wp:term":[{"taxonomy":"product_brand","embeddable":true,"href":"https:\/\/nbg.eu\/pt-pt\/wp-json\/wp\/v2\/product_brand?post=51568"},{"taxonomy":"product_cat","embeddable":true,"href":"https:\/\/nbg.eu\/pt-pt\/wp-json\/wp\/v2\/product_cat?post=51568"},{"taxonomy":"product_tag","embeddable":true,"href":"https:\/\/nbg.eu\/pt-pt\/wp-json\/wp\/v2\/product_tag?post=51568"}],"curies":[{"name":"wp","href":"https:\/\/api.w.org\/{rel}","templated":true}]}}