{"id":525786,"date":"2025-08-19T20:38:50","date_gmt":"2025-08-19T17:38:50","guid":{"rendered":"https:\/\/nbg.eu\/product\/hographic-sight-eotech-exps3\/"},"modified":"2026-01-21T11:45:40","modified_gmt":"2026-01-21T08:45:40","slug":"hographic-sight-eotech-exps3","status":"publish","type":"product","link":"https:\/\/nbg.eu\/pt-pt\/produto\/hographic-sight-eotech-exps3\/","title":{"rendered":"Hographic sight EOTECH EXPS3"},"content":{"rendered":"<div class=\"product-description\">\n<h2>Mira Hologr\u00e1fica EOTECH HWS EXPS3\u2122<\/h2>\n<p>A mira hologr\u00e1fica EOTECH HWS EXPS3\u2122 oferece:<\/p>\n<ul>\n<li>Tiro com os dois olhos abertos<\/li>\n<li>Compatibilidade com vis\u00e3o noturna com 10 configura\u00e7\u00f5es adicionais<\/li>\n<li>Base de desconex\u00e3o r\u00e1pida elevada em 7mm para co-alinhamento com mira de ferro<\/li>\n<li>Dimens\u00f5es: 3,8&#8243; x 2,3&#8243; x 2,9&#8243;<\/li>\n<li>Peso: 11,2oz<\/li>\n<li>Resistente \u00e0 \u00e1gua at\u00e9 10m de profundidade<\/li>\n<li>20 n\u00edveis de brilho diurno<\/li>\n<li>Dura\u00e7\u00e3o da bateria de 1.000 horas na configura\u00e7\u00e3o nominal<\/li>\n<\/ul>\n<p>Fabricada nos EUA, a EXPS3 \u00e9 montada em trilhos Weaver de 1&#8243; ou MIL-STD-1913 e opera em temperaturas de -40\u00b0C a 60\u00b0C. Inclui guia de in\u00edcio r\u00e1pido, cart\u00e3o de garantia e bateria CR123.<\/p>\n<\/div>\n","protected":false},"excerpt":{"rendered":"<p>Aquisi\u00e7\u00e3o r\u00e1pida de alvo, compat\u00edvel com vis\u00e3o noturna, base elevada de desacoplamento r\u00e1pido.<\/p>\n","protected":false},"featured_media":466377,"template":"","meta":{"_acf_changed":false},"product_brand":[],"product_cat":[12488,12497],"product_tag":[],"class_list":{"0":"post-525786","1":"product","2":"type-product","3":"status-publish","4":"has-post-thumbnail","6":"product_cat-mira","7":"product_cat-pontos-para-espingarda","9":"first","10":"outofstock","11":"taxable","12":"shipping-taxable","13":"purchasable","14":"product-type-simple"},"acf":[],"_links":{"self":[{"href":"https:\/\/nbg.eu\/pt-pt\/wp-json\/wp\/v2\/product\/525786","targetHints":{"allow":["GET"]}}],"collection":[{"href":"https:\/\/nbg.eu\/pt-pt\/wp-json\/wp\/v2\/product"}],"about":[{"href":"https:\/\/nbg.eu\/pt-pt\/wp-json\/wp\/v2\/types\/product"}],"wp:featuredmedia":[{"embeddable":true,"href":"https:\/\/nbg.eu\/pt-pt\/wp-json\/wp\/v2\/media\/466377"}],"wp:attachment":[{"href":"https:\/\/nbg.eu\/pt-pt\/wp-json\/wp\/v2\/media?parent=525786"}],"wp:term":[{"taxonomy":"product_brand","embeddable":true,"href":"https:\/\/nbg.eu\/pt-pt\/wp-json\/wp\/v2\/product_brand?post=525786"},{"taxonomy":"product_cat","embeddable":true,"href":"https:\/\/nbg.eu\/pt-pt\/wp-json\/wp\/v2\/product_cat?post=525786"},{"taxonomy":"product_tag","embeddable":true,"href":"https:\/\/nbg.eu\/pt-pt\/wp-json\/wp\/v2\/product_tag?post=525786"}],"curies":[{"name":"wp","href":"https:\/\/api.w.org\/{rel}","templated":true}]}}