{"id":526329,"date":"2025-08-19T21:01:26","date_gmt":"2025-08-19T18:01:26","guid":{"rendered":"https:\/\/nbg.eu\/product\/ak-safety-lever-krebs-customs-enhanced-safety-mkvi\/"},"modified":"2026-01-21T11:34:11","modified_gmt":"2026-01-21T08:34:11","slug":"ak-safety-lever-krebs-customs-enhanced-safety-mkvi","status":"publish","type":"product","link":"https:\/\/nbg.eu\/pt-pt\/produto\/ak-safety-lever-krebs-customs-enhanced-safety-mkvi\/","title":{"rendered":"AK safety lever Krebs Customs Enhanced Safety (MKVI)"},"content":{"rendered":"<div class=\"product-description\">\n<h2>Trava de Seguran\u00e7a Aprimorada Krebs Custom Mk VI para Rifles AK Estampados<\/h2>\n<p>A trava de seguran\u00e7a Krebs Custom Mk VI \u00e9 projetada para rifles AK de receptor estampado de padr\u00e3o standard. Esta alavanca de seguran\u00e7a oferece:<\/p>\n<ul>\n<li>Fabrica\u00e7\u00e3o nos EUA, constru\u00e7\u00e3o em pe\u00e7a \u00fanica<\/li>\n<li>A\u00e7o 1050 de 1mm, tratado termicamente para 50C Rockwell<\/li>\n<li>Ergonomia e funcionalidade melhoradas<\/li>\n<li>Instala\u00e7\u00e3o simples (recomenda-se armeiro para VEPR 12)<\/li>\n<\/ul>\n<p>Nota: N\u00e3o compat\u00edvel com Polish Tantal, rifles Yugo ou rifles Century sem pequenas modifica\u00e7\u00f5es. Escolha entre Mk VI e Mk VI-S com base na posi\u00e7\u00e3o atual do entalhe de seguran\u00e7a do seu rifle. Tamb\u00e9m dispon\u00edvel para rifles Saiga convertidos (AKM6S).<\/p>\n<\/div>\n","protected":false},"excerpt":{"rendered":"<p>Alavanca de seguran\u00e7a AK estampada com precis\u00e3o para receptores estampados padr\u00e3o.<\/p>\n","protected":false},"featured_media":467132,"template":"","meta":{"_acf_changed":false},"product_brand":[],"product_cat":[12537,12475,12498],"product_tag":[],"class_list":{"0":"post-526329","1":"product","2":"type-product","3":"status-publish","4":"has-post-thumbnail","6":"product_cat-espingarda","7":"product_cat-tuning-ak","8":"product_cat-tuning-de-espingarda","10":"first","11":"instock","12":"taxable","13":"shipping-taxable","14":"purchasable","15":"product-type-simple"},"acf":[],"_links":{"self":[{"href":"https:\/\/nbg.eu\/pt-pt\/wp-json\/wp\/v2\/product\/526329","targetHints":{"allow":["GET"]}}],"collection":[{"href":"https:\/\/nbg.eu\/pt-pt\/wp-json\/wp\/v2\/product"}],"about":[{"href":"https:\/\/nbg.eu\/pt-pt\/wp-json\/wp\/v2\/types\/product"}],"wp:featuredmedia":[{"embeddable":true,"href":"https:\/\/nbg.eu\/pt-pt\/wp-json\/wp\/v2\/media\/467132"}],"wp:attachment":[{"href":"https:\/\/nbg.eu\/pt-pt\/wp-json\/wp\/v2\/media?parent=526329"}],"wp:term":[{"taxonomy":"product_brand","embeddable":true,"href":"https:\/\/nbg.eu\/pt-pt\/wp-json\/wp\/v2\/product_brand?post=526329"},{"taxonomy":"product_cat","embeddable":true,"href":"https:\/\/nbg.eu\/pt-pt\/wp-json\/wp\/v2\/product_cat?post=526329"},{"taxonomy":"product_tag","embeddable":true,"href":"https:\/\/nbg.eu\/pt-pt\/wp-json\/wp\/v2\/product_tag?post=526329"}],"curies":[{"name":"wp","href":"https:\/\/api.w.org\/{rel}","templated":true}]}}