{"id":526435,"date":"2025-08-20T17:48:48","date_gmt":"2025-08-20T14:48:48","guid":{"rendered":"https:\/\/nbg.eu\/product\/recoil-spring-ismi-15-lb-spring-for-glock-17-gl15\/"},"modified":"2026-01-21T11:39:14","modified_gmt":"2026-01-21T08:39:14","slug":"recoil-spring-ismi-15-lb-spring-for-glock-17-gl15","status":"publish","type":"product","link":"https:\/\/nbg.eu\/pt-pt\/produto\/recoil-spring-ismi-15-lb-spring-for-glock-17-gl15\/","title":{"rendered":"Recoil spring ISMI 15 lb. Spring for Glock 17 (GL15)"},"content":{"rendered":"<div class=\"product-description\">\n<h2>Mola de recuo de fio plano ISMI de 15 lb para Glock 17 (GL15)<\/h2>\n<p>Mola de recuo da ISMI para Glock 17. Esta mola de fio plano de 15 lb \u00e9 feita de liga de cromo van\u00e1dio, projetada para se ajustar \u00e0 haste guia de f\u00e1brica com di\u00e2metro de 0,250&#8243; ou menos.<\/p>\n<ul>\n<li>Projetada em CAD e constru\u00edda conforme especifica\u00e7\u00f5es aeroespaciais<\/li>\n<li>Tratada termicamente, jateada e totalmente aliviada de tens\u00f5es<\/li>\n<li>Garante desempenho consistente e confi\u00e1vel<\/li>\n<li>Compat\u00edvel com Glock 17, 17L, 20, 21, 22, 24, 31, 35<\/li>\n<li>Fabricada nos EUA<\/li>\n<\/ul>\n<p>Mola de recuo ISMI para Glock para confiabilidade e desempenho. Pode melhorar o conforto e a precis\u00e3o do tiro.<\/p>\n<\/div>\n","protected":false},"excerpt":{"rendered":"<p>Mola de recuo de fio plano de precis\u00e3o de 15 libras para Glock 17. Fabricada nos EUA, melhora o desempenho.<\/p>\n","protected":false},"featured_media":470579,"template":"","meta":{"_acf_changed":false},"product_brand":[11418],"product_cat":[12505,12487],"product_tag":[],"class_list":{"0":"post-526435","1":"product","2":"type-product","3":"status-publish","4":"has-post-thumbnail","6":"product_brand-glock","7":"product_cat-molas","8":"product_cat-pecas-kmr","10":"first","11":"outofstock","12":"taxable","13":"shipping-taxable","14":"purchasable","15":"product-type-simple"},"acf":[],"_links":{"self":[{"href":"https:\/\/nbg.eu\/pt-pt\/wp-json\/wp\/v2\/product\/526435","targetHints":{"allow":["GET"]}}],"collection":[{"href":"https:\/\/nbg.eu\/pt-pt\/wp-json\/wp\/v2\/product"}],"about":[{"href":"https:\/\/nbg.eu\/pt-pt\/wp-json\/wp\/v2\/types\/product"}],"wp:featuredmedia":[{"embeddable":true,"href":"https:\/\/nbg.eu\/pt-pt\/wp-json\/wp\/v2\/media\/470579"}],"wp:attachment":[{"href":"https:\/\/nbg.eu\/pt-pt\/wp-json\/wp\/v2\/media?parent=526435"}],"wp:term":[{"taxonomy":"product_brand","embeddable":true,"href":"https:\/\/nbg.eu\/pt-pt\/wp-json\/wp\/v2\/product_brand?post=526435"},{"taxonomy":"product_cat","embeddable":true,"href":"https:\/\/nbg.eu\/pt-pt\/wp-json\/wp\/v2\/product_cat?post=526435"},{"taxonomy":"product_tag","embeddable":true,"href":"https:\/\/nbg.eu\/pt-pt\/wp-json\/wp\/v2\/product_tag?post=526435"}],"curies":[{"name":"wp","href":"https:\/\/api.w.org\/{rel}","templated":true}]}}