{"id":527526,"date":"2025-09-02T20:13:23","date_gmt":"2025-09-02T17:13:23","guid":{"rendered":"https:\/\/nbg.eu\/product\/general-nano-protection-super-nano-grease-synthetic-761034\/"},"modified":"2026-01-21T11:44:39","modified_gmt":"2026-01-21T08:44:39","slug":"general-nano-protection-super-nano-grease-synthetic-761034","status":"publish","type":"product","link":"https:\/\/nbg.eu\/pt-pt\/produto\/general-nano-protection-super-nano-grease-synthetic-761034\/","title":{"rendered":"General Nano Protection &#8211; Super Nano Grease &#8211; Synthetic &#8211; 761034"},"content":{"rendered":"<h1>General Nano Protection &#8211; Graxa Super Nano &#8211; Sint\u00e9tica &#8211; 761034<\/h1>\n<p>\u00d3leo sint\u00e9tico para manuten\u00e7\u00e3o de armas de fogo. Esta garrafa de 200ml de Graxa Super Nano oferece prote\u00e7\u00e3o e desempenho para sua arma.<\/p>\n<ul>\n<li>Limpa res\u00edduos de p\u00f3lvora, carbono e graxa<\/li>\n<li>Remove umidade e protege contra corros\u00e3o<\/li>\n<li>Reduz atrito e desgaste em diversos materiais<\/li>\n<li>Prolonga a vida \u00fatil da arma<\/li>\n<li>Tecnologia de nanopart\u00edculas para melhor penetra\u00e7\u00e3o<\/li>\n<li>Revestimento hidrof\u00f3bico repele \u00e1gua<\/li>\n<li>Resistente ao calor de -60\u00b0C a +250\u00b0C<\/li>\n<li>Seguro para uso em metal, madeira, tinta, borracha e pl\u00e1stico<\/li>\n<\/ul>\n<p>Adequado para uso em hastes de opera\u00e7\u00e3o, capuzes de cano, pinos de came e outras partes m\u00f3veis.<\/p>\n","protected":false},"excerpt":{"rendered":"<p>\u00d3leo avan\u00e7ado de armas com nanotecnologia: limpa, lubrifica e protege armas de fogo.<\/p>\n","protected":false},"featured_media":490526,"template":"","meta":{"_acf_changed":false},"product_brand":[],"product_cat":[12553],"product_tag":[],"class_list":{"0":"post-527526","1":"product","2":"type-product","3":"status-publish","4":"has-post-thumbnail","6":"product_cat-sem-categoria","8":"first","9":"instock","10":"taxable","11":"shipping-taxable","12":"purchasable","13":"product-type-simple"},"acf":[],"_links":{"self":[{"href":"https:\/\/nbg.eu\/pt-pt\/wp-json\/wp\/v2\/product\/527526","targetHints":{"allow":["GET"]}}],"collection":[{"href":"https:\/\/nbg.eu\/pt-pt\/wp-json\/wp\/v2\/product"}],"about":[{"href":"https:\/\/nbg.eu\/pt-pt\/wp-json\/wp\/v2\/types\/product"}],"wp:featuredmedia":[{"embeddable":true,"href":"https:\/\/nbg.eu\/pt-pt\/wp-json\/wp\/v2\/media\/490526"}],"wp:attachment":[{"href":"https:\/\/nbg.eu\/pt-pt\/wp-json\/wp\/v2\/media?parent=527526"}],"wp:term":[{"taxonomy":"product_brand","embeddable":true,"href":"https:\/\/nbg.eu\/pt-pt\/wp-json\/wp\/v2\/product_brand?post=527526"},{"taxonomy":"product_cat","embeddable":true,"href":"https:\/\/nbg.eu\/pt-pt\/wp-json\/wp\/v2\/product_cat?post=527526"},{"taxonomy":"product_tag","embeddable":true,"href":"https:\/\/nbg.eu\/pt-pt\/wp-json\/wp\/v2\/product_tag?post=527526"}],"curies":[{"name":"wp","href":"https:\/\/api.w.org\/{rel}","templated":true}]}}