{"id":52834,"date":"2024-03-11T05:07:53","date_gmt":"2024-03-11T05:07:53","guid":{"rendered":"https:\/\/nbg.eu\/product\/bore-tech-alloy-shotgun-stix-36\/"},"modified":"2026-05-13T16:00:05","modified_gmt":"2026-05-13T13:00:05","slug":"bore-tech-alloy-shotgun-stix-36","status":"publish","type":"product","link":"https:\/\/nbg.eu\/pt-pt\/produto\/bore-tech-alloy-shotgun-stix-36\/","title":{"rendered":"Bore Tech Alloy Shotgun Stix 36&#8243;"},"content":{"rendered":"<p>\nO Bore Tech Alloy Shotgun Stix 36&#8243; inclui:<\/p>\n<ul>\n<li>Cabo ergon\u00f4mico com haste de liga aeroespacial resistente e segura para o cano<\/li>\n<li>Rigidez para espingardas de calibre 410 a 10<\/li>\n<li>Comprimento \u00fatil de 36&#8243; (configura\u00e7\u00e3o de pe\u00e7a \u00fanica)<\/li>\n<li>Extremidade f\u00eamea com rosca padr\u00e3o 5\/16-27<\/li>\n<li>Compat\u00edvel com Shotgun Patch Jags e escovas de bronze para cano<\/li>\n<\/ul>\n<p>Esta haste de limpeza \u00e9 dur\u00e1vel e vers\u00e1til.<\/p>\n","protected":false},"excerpt":{"rendered":"<p>Vareta r\u00edgida de liga met\u00e1lica de 91 cm para espingardas de calibre 410-10. Cabo ergon\u00f4mico.<\/p>\n","protected":false},"featured_media":52835,"template":"","meta":{"_acf_changed":false},"product_brand":[11167],"product_cat":[12476,12479,12529],"product_tag":[],"class_list":{"0":"post-52834","1":"product","2":"type-product","3":"status-publish","4":"has-post-thumbnail","6":"product_brand-boretech","7":"product_cat-jags","8":"product_cat-limpeza-de-armas","9":"product_cat-varetas-de-limpeza","11":"first","12":"outofstock","13":"taxable","14":"shipping-taxable","15":"purchasable","16":"product-type-simple"},"acf":[],"_links":{"self":[{"href":"https:\/\/nbg.eu\/pt-pt\/wp-json\/wp\/v2\/product\/52834","targetHints":{"allow":["GET"]}}],"collection":[{"href":"https:\/\/nbg.eu\/pt-pt\/wp-json\/wp\/v2\/product"}],"about":[{"href":"https:\/\/nbg.eu\/pt-pt\/wp-json\/wp\/v2\/types\/product"}],"wp:featuredmedia":[{"embeddable":true,"href":"https:\/\/nbg.eu\/pt-pt\/wp-json\/wp\/v2\/media\/52835"}],"wp:attachment":[{"href":"https:\/\/nbg.eu\/pt-pt\/wp-json\/wp\/v2\/media?parent=52834"}],"wp:term":[{"taxonomy":"product_brand","embeddable":true,"href":"https:\/\/nbg.eu\/pt-pt\/wp-json\/wp\/v2\/product_brand?post=52834"},{"taxonomy":"product_cat","embeddable":true,"href":"https:\/\/nbg.eu\/pt-pt\/wp-json\/wp\/v2\/product_cat?post=52834"},{"taxonomy":"product_tag","embeddable":true,"href":"https:\/\/nbg.eu\/pt-pt\/wp-json\/wp\/v2\/product_tag?post=52834"}],"curies":[{"name":"wp","href":"https:\/\/api.w.org\/{rel}","templated":true}]}}