{"id":530447,"date":"2025-09-04T17:31:52","date_gmt":"2025-09-04T14:31:52","guid":{"rendered":"https:\/\/nbg.eu\/product\/strike-industries-overmolded-ultimate-dust-cover-for-223-5-56-mm-black\/"},"modified":"2026-01-21T12:14:40","modified_gmt":"2026-01-21T09:14:40","slug":"strike-industries-overmolded-ultimate-dust-cover-for-223-5-56-mm-black","status":"publish","type":"product","link":"https:\/\/nbg.eu\/pt-pt\/produto\/strike-industries-overmolded-ultimate-dust-cover-for-223-5-56-mm-black\/","title":{"rendered":"Strike Industries &#8211; Overmolded Ultimate Dust Cover for .223\/5.56 mm &#8211; Black"},"content":{"rendered":"<div class=\"product-description\">\n<h2>Strike Industries &#8211; Tampa de Poeira Sobremoldada para .223\/5.56 mm &#8211; Preta<\/h2>\n<p>Tampa de poeira para AR-15 da Strike Industries. Design com molde de dupla inje\u00e7\u00e3o e veda\u00e7\u00e3o de borracha para prote\u00e7\u00e3o contra detritos e \u00e1gua. Possui um l\u00e1bio interno para melhor veda\u00e7\u00e3o que tampas tradicionais.<\/p>\n<ul>\n<li>Instala\u00e7\u00e3o sem ferramentas e f\u00e1cil desmontagem<\/li>\n<li>Parafuso de ajuste integrado para compensa\u00e7\u00e3o de desgaste<\/li>\n<li>Ativa\u00e7\u00e3o silenciosa com almofada de borracha<\/li>\n<li>Feita de material polim\u00e9rico resistente<\/li>\n<li>Resistente \u00e0 ferrugem e dur\u00e1vel<\/li>\n<li>Instala\u00e7\u00e3o ou remo\u00e7\u00e3o em 5-10 segundos<\/li>\n<\/ul>\n<p>Compat\u00edvel com receptores superiores AR-15 Mil-Spec e a maioria dos receptores usinados, incluindo Aero Precision M4E1. N\u00e3o compat\u00edvel com VLTOR MUR, ZRO Delta, Lantac Enhanced BCG ou Bootleg Four Position Adjustable Carrier.<\/p>\n<\/div>\n","protected":false},"excerpt":{"rendered":"<p>Tampa de poeira aprimorada para AR-15: Silenciosa, de instala\u00e7\u00e3o r\u00e1pida, veda\u00e7\u00e3o \u00e0 prova de detritos.<\/p>\n","protected":false},"featured_media":493278,"template":"","meta":{"_acf_changed":false},"product_brand":[14622],"product_cat":[12521,12537,12498],"product_tag":[],"class_list":{"0":"post-530447","1":"product","2":"type-product","3":"status-publish","4":"has-post-thumbnail","6":"product_brand-strike-industries","7":"product_cat-ajuste-de-ar","8":"product_cat-espingarda","9":"product_cat-tuning-de-espingarda","11":"first","12":"instock","13":"taxable","14":"shipping-taxable","15":"purchasable","16":"product-type-simple"},"acf":[],"_links":{"self":[{"href":"https:\/\/nbg.eu\/pt-pt\/wp-json\/wp\/v2\/product\/530447","targetHints":{"allow":["GET"]}}],"collection":[{"href":"https:\/\/nbg.eu\/pt-pt\/wp-json\/wp\/v2\/product"}],"about":[{"href":"https:\/\/nbg.eu\/pt-pt\/wp-json\/wp\/v2\/types\/product"}],"wp:featuredmedia":[{"embeddable":true,"href":"https:\/\/nbg.eu\/pt-pt\/wp-json\/wp\/v2\/media\/493278"}],"wp:attachment":[{"href":"https:\/\/nbg.eu\/pt-pt\/wp-json\/wp\/v2\/media?parent=530447"}],"wp:term":[{"taxonomy":"product_brand","embeddable":true,"href":"https:\/\/nbg.eu\/pt-pt\/wp-json\/wp\/v2\/product_brand?post=530447"},{"taxonomy":"product_cat","embeddable":true,"href":"https:\/\/nbg.eu\/pt-pt\/wp-json\/wp\/v2\/product_cat?post=530447"},{"taxonomy":"product_tag","embeddable":true,"href":"https:\/\/nbg.eu\/pt-pt\/wp-json\/wp\/v2\/product_tag?post=530447"}],"curies":[{"name":"wp","href":"https:\/\/api.w.org\/{rel}","templated":true}]}}