{"id":530968,"date":"2025-09-04T17:49:03","date_gmt":"2025-09-04T14:49:03","guid":{"rendered":"https:\/\/nbg.eu\/product\/magpul-moe-sl-ak-grip-for-ak47-ak74-fde-mag682-fde\/"},"modified":"2026-01-21T11:44:43","modified_gmt":"2026-01-21T08:44:43","slug":"magpul-moe-sl-ak-grip-for-ak47-ak74-fde-mag682-fde","status":"publish","type":"product","link":"https:\/\/nbg.eu\/pt-pt\/produto\/magpul-moe-sl-ak-grip-for-ak47-ak74-fde-mag682-fde\/","title":{"rendered":"Magpul &#8211; MOE SL AK Grip for AK47\/AK74 &#8211; FDE &#8211; MAG682-FDE"},"content":{"rendered":"<div class=\"product-description\">\n<h2>Empunhadura Magpul MOE SL AK para AK47\/AK74 &#8211; FDE (MAG682-FDE)<\/h2>\n<p>Empunhadura Magpul MOE SL AK em Flat Dark Earth para AK47\/AK74. Esta empunhadura de linha fina oferece um \u00e2ngulo mais vertical, otimizado para armas com comprimento de puxada mais curto, aproximando a m\u00e3o principal do corpo.<\/p>\n<ul>\n<li>Fabricada em pol\u00edmero com acabamento texturizado<\/li>\n<li>Compat\u00edvel com receptores fresados e estampados, incluindo os com placas de refor\u00e7o<\/li>\n<li>Possui textura TSP (Proje\u00e7\u00f5es de Superf\u00edcie Trapezoidal) para controle da arma<\/li>\n<li>\u00c2ngulo de empunhadura de 20 graus para ergonomia<\/li>\n<li>Perfil mais fino em compara\u00e7\u00e3o com empunhaduras de tamanho normal<\/li>\n<li>Dimens\u00f5es: 10,9 cm A x 2,8 cm E, pesando 73,7 g<\/li>\n<li>Fabricada nos EUA &#8211; conta como uma pe\u00e7a de conformidade dos EUA para 922r<\/li>\n<\/ul>\n<p>A empunhadura Magpul MOE SL AK \u00e9 projetada para desempenho em todos os ambientes.<\/p>\n<\/div>\n","protected":false},"excerpt":{"rendered":"<p>Empunhadura Magpul MOE SL AK: Aprimoramento fino e texturizado para AK47\/74 &#8211; FDE<\/p>\n","protected":false},"featured_media":493587,"template":"","meta":{"_acf_changed":false},"product_brand":[11543],"product_cat":[12475],"product_tag":[],"class_list":{"0":"post-530968","1":"product","2":"type-product","3":"status-publish","4":"has-post-thumbnail","6":"product_brand-magpul","7":"product_cat-tuning-ak","9":"first","10":"instock","11":"taxable","12":"shipping-taxable","13":"purchasable","14":"product-type-simple"},"acf":[],"_links":{"self":[{"href":"https:\/\/nbg.eu\/pt-pt\/wp-json\/wp\/v2\/product\/530968","targetHints":{"allow":["GET"]}}],"collection":[{"href":"https:\/\/nbg.eu\/pt-pt\/wp-json\/wp\/v2\/product"}],"about":[{"href":"https:\/\/nbg.eu\/pt-pt\/wp-json\/wp\/v2\/types\/product"}],"wp:featuredmedia":[{"embeddable":true,"href":"https:\/\/nbg.eu\/pt-pt\/wp-json\/wp\/v2\/media\/493587"}],"wp:attachment":[{"href":"https:\/\/nbg.eu\/pt-pt\/wp-json\/wp\/v2\/media?parent=530968"}],"wp:term":[{"taxonomy":"product_brand","embeddable":true,"href":"https:\/\/nbg.eu\/pt-pt\/wp-json\/wp\/v2\/product_brand?post=530968"},{"taxonomy":"product_cat","embeddable":true,"href":"https:\/\/nbg.eu\/pt-pt\/wp-json\/wp\/v2\/product_cat?post=530968"},{"taxonomy":"product_tag","embeddable":true,"href":"https:\/\/nbg.eu\/pt-pt\/wp-json\/wp\/v2\/product_tag?post=530968"}],"curies":[{"name":"wp","href":"https:\/\/api.w.org\/{rel}","templated":true}]}}