{"id":533988,"date":"2025-09-04T18:48:31","date_gmt":"2025-09-04T15:48:31","guid":{"rendered":"https:\/\/nbg.eu\/product\/ftcs-buttstock-mounting-adapter-picatinny-for-saiga-cerakote-h-146-nr-28\/"},"modified":"2026-01-21T11:40:09","modified_gmt":"2026-01-21T08:40:09","slug":"ftcs-buttstock-mounting-adapter-picatinny-for-saiga-cerakote-h-146-nr-28","status":"publish","type":"product","link":"https:\/\/nbg.eu\/pt-pt\/produto\/ftcs-buttstock-mounting-adapter-picatinny-for-saiga-cerakote-h-146-nr-28\/","title":{"rendered":"FTCS &#8211; Buttstock Mounting Adapter Picatinny for Saiga &#8211; Cerakote &#8211; H-146 &#8211; Nr. 28"},"content":{"rendered":"<div class=\"product-description\">\n<h2>FTCS &#8211; Adaptador de Montagem para Coronha Picatinny para Saiga &#8211; Cerakote H-146<\/h2>\n<p>Adaptador de montagem para coronha para Saiga ou plataformas similares. Feito de alum\u00ednio com revestimento Cerakote H-146 Preto Grafite.<\/p>\n<ul>\n<li>Compat\u00edvel com Saiga e plataformas relacionadas<\/li>\n<li>Permite montagem de coronhas ou estabilizadores compat\u00edveis com Picatinny<\/li>\n<li>N\u00e3o requer pe\u00e7as adicionais para instala\u00e7\u00e3o<\/li>\n<li>Logotipo do fabricante gravado<\/li>\n<li>Dimens\u00f5es: 35 x 31 x 30 mm<\/li>\n<li>Peso: 49 g<\/li>\n<\/ul>\n<p>Pode ser usado com coronhas Strike Industries como SI-FSA-DUAL, SI-FSA-DUAL-STOCK ou SI-FSA-DUAL-STAB.<\/p>\n<\/div>\n","protected":false},"excerpt":{"rendered":"<p>Adaptador de coronha para Saiga. Trilho Picatinny. Cerakote H-146. FTCS Nr. 28.<\/p>\n","protected":false},"featured_media":494454,"template":"","meta":{"_acf_changed":false},"product_brand":[],"product_cat":[12537,12475,12498],"product_tag":[],"class_list":{"0":"post-533988","1":"product","2":"type-product","3":"status-publish","4":"has-post-thumbnail","6":"product_cat-espingarda","7":"product_cat-tuning-ak","8":"product_cat-tuning-de-espingarda","10":"first","11":"instock","12":"taxable","13":"shipping-taxable","14":"purchasable","15":"product-type-simple"},"acf":[],"_links":{"self":[{"href":"https:\/\/nbg.eu\/pt-pt\/wp-json\/wp\/v2\/product\/533988","targetHints":{"allow":["GET"]}}],"collection":[{"href":"https:\/\/nbg.eu\/pt-pt\/wp-json\/wp\/v2\/product"}],"about":[{"href":"https:\/\/nbg.eu\/pt-pt\/wp-json\/wp\/v2\/types\/product"}],"wp:featuredmedia":[{"embeddable":true,"href":"https:\/\/nbg.eu\/pt-pt\/wp-json\/wp\/v2\/media\/494454"}],"wp:attachment":[{"href":"https:\/\/nbg.eu\/pt-pt\/wp-json\/wp\/v2\/media?parent=533988"}],"wp:term":[{"taxonomy":"product_brand","embeddable":true,"href":"https:\/\/nbg.eu\/pt-pt\/wp-json\/wp\/v2\/product_brand?post=533988"},{"taxonomy":"product_cat","embeddable":true,"href":"https:\/\/nbg.eu\/pt-pt\/wp-json\/wp\/v2\/product_cat?post=533988"},{"taxonomy":"product_tag","embeddable":true,"href":"https:\/\/nbg.eu\/pt-pt\/wp-json\/wp\/v2\/product_tag?post=533988"}],"curies":[{"name":"wp","href":"https:\/\/api.w.org\/{rel}","templated":true}]}}