{"id":53442,"date":"2024-03-04T08:51:50","date_gmt":"2024-09-13T12:50:04","guid":{"rendered":"https:\/\/nbg.eu\/product\/bore-tech-proof-positive-bore-stix-multiple-calibers\/"},"modified":"2026-05-13T16:01:10","modified_gmt":"2026-05-13T13:01:10","slug":"bore-tech-proof-positive-bore-stix-multiple-calibers","status":"publish","type":"product","link":"https:\/\/nbg.eu\/pt-pt\/produto\/bore-tech-proof-positive-bore-stix-multiple-calibers\/","title":{"rendered":"Bore Tech Proof-Positive Bore Stix (Multiple Calibers)"},"content":{"rendered":"<p>\n<strong>Vareta de Limpeza Bore Tech Proof-Positive (M\u00faltiplos Calibres)<\/strong><br \/>\nVareta de limpeza Bore Tech Proof-Positive Bore Stix\u2122. Caracter\u00edsticas:<\/p>\n<ul>\n<li>Al\u00e7as com rolamentos de esferas<\/li>\n<li>Design flutuante para seguir o estriamento<\/li>\n<li>Empunhaduras de borracha codificadas por cor<\/li>\n<li>Ponta n\u00e3o-lat\u00e3o substitu\u00edvel e segura para o cano<\/li>\n<li>N\u00facleo de a\u00e7o refor\u00e7ado para rigidez<\/li>\n<li>Revestimento de baixo atrito<\/li>\n<li>Sistema de identifica\u00e7\u00e3o da taxa de tor\u00e7\u00e3o do cano<\/li>\n<\/ul>\n<p>Bore Tech Proof-Positive Bore Stix.<\/p>\n","protected":false},"excerpt":{"rendered":"<p>Hastes de limpeza de precis\u00e3o com cabos de rolamento de esferas e pontas substitu\u00edveis.<\/p>\n","protected":false},"featured_media":53443,"template":"","meta":{"_acf_changed":false},"product_brand":[11167],"product_cat":[12479,12529],"product_tag":[],"class_list":{"0":"post-53442","1":"product","2":"type-product","3":"status-publish","4":"has-post-thumbnail","6":"product_brand-boretech","7":"product_cat-limpeza-de-armas","8":"product_cat-varetas-de-limpeza","10":"first","11":"instock","12":"taxable","13":"shipping-taxable","14":"purchasable","15":"product-type-variable","16":"wvs-archive-product-wrapper"},"acf":[],"_links":{"self":[{"href":"https:\/\/nbg.eu\/pt-pt\/wp-json\/wp\/v2\/product\/53442","targetHints":{"allow":["GET"]}}],"collection":[{"href":"https:\/\/nbg.eu\/pt-pt\/wp-json\/wp\/v2\/product"}],"about":[{"href":"https:\/\/nbg.eu\/pt-pt\/wp-json\/wp\/v2\/types\/product"}],"wp:featuredmedia":[{"embeddable":true,"href":"https:\/\/nbg.eu\/pt-pt\/wp-json\/wp\/v2\/media\/53443"}],"wp:attachment":[{"href":"https:\/\/nbg.eu\/pt-pt\/wp-json\/wp\/v2\/media?parent=53442"}],"wp:term":[{"taxonomy":"product_brand","embeddable":true,"href":"https:\/\/nbg.eu\/pt-pt\/wp-json\/wp\/v2\/product_brand?post=53442"},{"taxonomy":"product_cat","embeddable":true,"href":"https:\/\/nbg.eu\/pt-pt\/wp-json\/wp\/v2\/product_cat?post=53442"},{"taxonomy":"product_tag","embeddable":true,"href":"https:\/\/nbg.eu\/pt-pt\/wp-json\/wp\/v2\/product_tag?post=53442"}],"curies":[{"name":"wp","href":"https:\/\/api.w.org\/{rel}","templated":true}]}}