{"id":534533,"date":"2025-09-04T20:13:16","date_gmt":"2025-09-04T17:13:16","guid":{"rendered":"https:\/\/nbg.eu\/product\/ismi-17-lb-pruzhina-za-glock-17-gl17\/"},"modified":"2026-02-27T15:51:50","modified_gmt":"2026-02-27T12:51:50","slug":"ismi-17-lb-pruzhina-za-glock-17-gl17","status":"publish","type":"product","link":"https:\/\/nbg.eu\/pt-pt\/produto\/ismi-17-lb-pruzhina-za-glock-17-gl17\/","title":{"rendered":"ISMI 17 lb. \u041f\u0440\u0443\u0436\u0438\u043d\u0430 \u0437\u0430 Glock 17 (GL17)"},"content":{"rendered":"<div class=\"product-description\">\n<h2>ISMI Mola de 17 lb para Glock 17 (GL17)<\/h2>\n<p>Mola de recuo de 17 lb para Glock 17. Fabricada nos EUA de acordo com especifica\u00e7\u00f5es aeroespaciais, esta mola oferece:<\/p>\n<ul>\n<li>Projetada em CAD para ajuste preciso<\/li>\n<li>Constru\u00e7\u00e3o em cromo-sil\u00edcio, a\u00e7o inoxid\u00e1vel ou cromo-van\u00e1dio<\/li>\n<li>Tratada termicamente, jateada e com al\u00edvio de tens\u00e3o para durabilidade<\/li>\n<li>Design de fio plano para opera\u00e7\u00e3o suave<\/li>\n<li>Compat\u00edvel com haste guia de f\u00e1brica (0,250&#8243; ou menos)<\/li>\n<li>Compat\u00edvel com Glock 17, 17L, 20, 21, 22, 24, 31, 35<\/li>\n<\/ul>\n<p>Mola resistente \u00e0 corros\u00e3o, projetada para atender \u00e0s necessidades da sua Glock 17.<\/p>\n<\/div>\n","protected":false},"excerpt":{"rendered":"<p>Mola de recuo de 17 libras para Glock 17. Fabricada nos EUA, dur\u00e1vel e confi\u00e1vel.<\/p>\n","protected":false},"featured_media":495355,"template":"","meta":{"_acf_changed":false},"product_brand":[],"product_cat":[12505,12483],"product_tag":[],"class_list":{"0":"post-534533","1":"product","2":"type-product","3":"status-publish","4":"has-post-thumbnail","6":"product_cat-molas","7":"product_cat-pecas-de-pistola","9":"first","10":"outofstock","11":"taxable","12":"shipping-taxable","13":"purchasable","14":"product-type-simple"},"acf":[],"_links":{"self":[{"href":"https:\/\/nbg.eu\/pt-pt\/wp-json\/wp\/v2\/product\/534533","targetHints":{"allow":["GET"]}}],"collection":[{"href":"https:\/\/nbg.eu\/pt-pt\/wp-json\/wp\/v2\/product"}],"about":[{"href":"https:\/\/nbg.eu\/pt-pt\/wp-json\/wp\/v2\/types\/product"}],"wp:featuredmedia":[{"embeddable":true,"href":"https:\/\/nbg.eu\/pt-pt\/wp-json\/wp\/v2\/media\/495355"}],"wp:attachment":[{"href":"https:\/\/nbg.eu\/pt-pt\/wp-json\/wp\/v2\/media?parent=534533"}],"wp:term":[{"taxonomy":"product_brand","embeddable":true,"href":"https:\/\/nbg.eu\/pt-pt\/wp-json\/wp\/v2\/product_brand?post=534533"},{"taxonomy":"product_cat","embeddable":true,"href":"https:\/\/nbg.eu\/pt-pt\/wp-json\/wp\/v2\/product_cat?post=534533"},{"taxonomy":"product_tag","embeddable":true,"href":"https:\/\/nbg.eu\/pt-pt\/wp-json\/wp\/v2\/product_tag?post=534533"}],"curies":[{"name":"wp","href":"https:\/\/api.w.org\/{rel}","templated":true}]}}