{"id":534873,"date":"2025-09-04T20:17:18","date_gmt":"2025-09-04T17:17:18","guid":{"rendered":"https:\/\/nbg.eu\/product\/sprinco-usa-enhanced-4-coil-bolt-carrier-extractor-cs-spring-3-pak-25435-red\/"},"modified":"2026-01-21T11:51:53","modified_gmt":"2026-01-21T08:51:53","slug":"sprinco-usa-enhanced-4-coil-bolt-carrier-extractor-cs-spring-3-pak-25435-red","status":"publish","type":"product","link":"https:\/\/nbg.eu\/pt-pt\/produto\/sprinco-usa-enhanced-4-coil-bolt-carrier-extractor-cs-spring-3-pak-25435-red\/","title":{"rendered":"SPRINCO USA ENHANCED 4-COIL BOLT CARRIER EXTRACTOR CS SPRING 3-PAK (25435) Red"},"content":{"rendered":"<div class=\"product-description\">\n<h2>SPRINCO USA Mola Extratora de 4 Bobinas para Transportador de Ferrolho CS Pacote com 3 (25435) Vermelho<\/h2>\n<p>Mola extratora Sprinco fabricada nos EUA para transportador de ferrolho. Feita de arame de cromo-sil\u00edcio tratado termicamente e com al\u00edvio de tens\u00e3o, estas molas passam por processamento criog\u00eanico e t\u00eam revestimento de dissulfeto de molibd\u00eanio remicronizado.<\/p>\n<ul>\n<li>Mant\u00e9m ciclo de trabalho prolongado da mola Mil-Spec NOVA<\/li>\n<li>Adequada para canos de 18&#8243;+ e recupera\u00e7\u00e3o de estojos<\/li>\n<li>Resistente ao calor at\u00e9 750\u00b0F<\/li>\n<li>Ciclos de trabalho intensos com desempenho consistente<\/li>\n<li>Solu\u00e7\u00e3o de longa dura\u00e7\u00e3o e f\u00e1cil instala\u00e7\u00e3o<\/li>\n<\/ul>\n<p>Molas extratoras Sprinco para melhorar o funcionamento e a durabilidade da arma de fogo.<\/p>\n<\/div>\n","protected":false},"excerpt":{"rendered":"<p>Molas extratoras de 4 espiras dur\u00e1veis para ciclos de trabalho prolongados. Fabricadas nos EUA.<\/p>\n","protected":false},"featured_media":495504,"template":"","meta":{"_acf_changed":false},"product_brand":[14602],"product_cat":[12505,12487],"product_tag":[],"class_list":{"0":"post-534873","1":"product","2":"type-product","3":"status-publish","4":"has-post-thumbnail","6":"product_brand-sprinco-usa","7":"product_cat-molas","8":"product_cat-pecas-kmr","10":"first","11":"instock","12":"taxable","13":"shipping-taxable","14":"purchasable","15":"product-type-simple"},"acf":[],"_links":{"self":[{"href":"https:\/\/nbg.eu\/pt-pt\/wp-json\/wp\/v2\/product\/534873","targetHints":{"allow":["GET"]}}],"collection":[{"href":"https:\/\/nbg.eu\/pt-pt\/wp-json\/wp\/v2\/product"}],"about":[{"href":"https:\/\/nbg.eu\/pt-pt\/wp-json\/wp\/v2\/types\/product"}],"wp:featuredmedia":[{"embeddable":true,"href":"https:\/\/nbg.eu\/pt-pt\/wp-json\/wp\/v2\/media\/495504"}],"wp:attachment":[{"href":"https:\/\/nbg.eu\/pt-pt\/wp-json\/wp\/v2\/media?parent=534873"}],"wp:term":[{"taxonomy":"product_brand","embeddable":true,"href":"https:\/\/nbg.eu\/pt-pt\/wp-json\/wp\/v2\/product_brand?post=534873"},{"taxonomy":"product_cat","embeddable":true,"href":"https:\/\/nbg.eu\/pt-pt\/wp-json\/wp\/v2\/product_cat?post=534873"},{"taxonomy":"product_tag","embeddable":true,"href":"https:\/\/nbg.eu\/pt-pt\/wp-json\/wp\/v2\/product_tag?post=534873"}],"curies":[{"name":"wp","href":"https:\/\/api.w.org\/{rel}","templated":true}]}}