{"id":535422,"date":"2025-09-04T23:53:51","date_gmt":"2025-09-04T20:53:51","guid":{"rendered":"https:\/\/nbg.eu\/product\/law-tactical-llc-ar-15-m16-gen3-m-folding-stock-adapter-99312\/"},"modified":"2026-01-21T11:37:30","modified_gmt":"2026-01-21T08:37:30","slug":"law-tactical-llc-ar-15-m16-gen3-m-folding-stock-adapter-99312","status":"publish","type":"product","link":"https:\/\/nbg.eu\/pt-pt\/produto\/law-tactical-llc-ar-15-m16-gen3-m-folding-stock-adapter-99312\/","title":{"rendered":"LAW TACTICAL LLC AR-15\/M16 Gen3-M Folding Stock Adapter (99312)"},"content":{"rendered":"<h2>LAW TACTICAL LLC Adaptador de Coronha Dobr\u00e1vel AR-15\/M16 Gen3-M (99312)<\/h2>\n<p>Adaptador de coronha dobr\u00e1vel compat\u00edvel para rifle plataforma AR. Este acess\u00f3rio funciona com sistemas de impingement direto e pist\u00e3o a g\u00e1s, adequado para tubos e coronhas A2, carabina, mil-spec ou comercial.<\/p>\n<ul>\n<li>Compat\u00edvel com grupos de transportadores de ferrolho padr\u00e3o (autom\u00e1tico, semi-autom\u00e1tico, 5.56 a .308)<\/li>\n<li>Para transporte de perfil baixo<\/li>\n<li>Libera\u00e7\u00e3o com um bot\u00e3o para dobrar<\/li>\n<li>Travamento autom\u00e1tico quando desdobrado<\/li>\n<li>Usinado em CNC a partir de a\u00e7o 4140<\/li>\n<li>Projetado, constru\u00eddo e montado nos EUA<\/li>\n<li>Ponto de fixa\u00e7\u00e3o integrado para bandoleira de ponto \u00fanico<\/li>\n<\/ul>\n<p>Aumenta a versatilidade do seu AR sem comprometer a fun\u00e7\u00e3o.<\/p>\n","protected":false},"excerpt":{"rendered":"<p>Adaptador de coronha dobr\u00e1vel compacto para AR-15\/M16 para transporte de baixo perfil.<\/p>\n","protected":false},"featured_media":496060,"template":"","meta":{"_acf_changed":false},"product_brand":[14381],"product_cat":[12533,12498],"product_tag":[],"class_list":{"0":"post-535422","1":"product","2":"type-product","3":"status-publish","4":"has-post-thumbnail","6":"product_brand-law-tactical-llc","7":"product_cat-coronhas-para-rifles","8":"product_cat-tuning-de-espingarda","10":"first","11":"instock","12":"taxable","13":"shipping-taxable","14":"purchasable","15":"product-type-simple"},"acf":[],"_links":{"self":[{"href":"https:\/\/nbg.eu\/pt-pt\/wp-json\/wp\/v2\/product\/535422","targetHints":{"allow":["GET"]}}],"collection":[{"href":"https:\/\/nbg.eu\/pt-pt\/wp-json\/wp\/v2\/product"}],"about":[{"href":"https:\/\/nbg.eu\/pt-pt\/wp-json\/wp\/v2\/types\/product"}],"wp:featuredmedia":[{"embeddable":true,"href":"https:\/\/nbg.eu\/pt-pt\/wp-json\/wp\/v2\/media\/496060"}],"wp:attachment":[{"href":"https:\/\/nbg.eu\/pt-pt\/wp-json\/wp\/v2\/media?parent=535422"}],"wp:term":[{"taxonomy":"product_brand","embeddable":true,"href":"https:\/\/nbg.eu\/pt-pt\/wp-json\/wp\/v2\/product_brand?post=535422"},{"taxonomy":"product_cat","embeddable":true,"href":"https:\/\/nbg.eu\/pt-pt\/wp-json\/wp\/v2\/product_cat?post=535422"},{"taxonomy":"product_tag","embeddable":true,"href":"https:\/\/nbg.eu\/pt-pt\/wp-json\/wp\/v2\/product_tag?post=535422"}],"curies":[{"name":"wp","href":"https:\/\/api.w.org\/{rel}","templated":true}]}}