{"id":535527,"date":"2025-09-05T00:00:24","date_gmt":"2025-09-04T21:00:24","guid":{"rendered":"https:\/\/nbg.eu\/product\/rh-504-2-screws-iwb\/"},"modified":"2026-01-21T11:34:53","modified_gmt":"2026-01-21T08:34:53","slug":"rh-504-2-screws-iwb","status":"publish","type":"product","link":"https:\/\/nbg.eu\/pt-pt\/produto\/rh-504-2-screws-iwb\/","title":{"rendered":"RH 504-2 Screws IWB"},"content":{"rendered":"<h1>Parafusos RH 504-2 IWB &#8211; Conjunto de Substitui\u00e7\u00e3o para Coldres IWB<\/h1>\n<p>O kit de substitui\u00e7\u00e3o RH 504-2 Parafusos IWB \u00e9 projetado para coldres IWB Black Trident, garantindo ajuste e fun\u00e7\u00e3o adequados.<\/p>\n<h2>Conte\u00fado do Kit:<\/h2>\n<ul>\n<li>4 x parafusos de 9mm com mangas e espa\u00e7adores<\/li>\n<li>4 x espa\u00e7adores de 3mm<\/li>\n<li>4 x parafusos de 6mm<\/li>\n<li>4 x mangas de 4.7mm<\/li>\n<\/ul>\n<p>Compat\u00edvel com os modelos de coldre Viking, Quasimodo e Guardian.<\/p>\n<p><strong>Dica:<\/strong> Para maior seguran\u00e7a, recomendamos usar adesivo para parafusos (vendido separadamente) para manter o equipamento no lugar.<\/p>\n<p>Encomende seu conjunto RH 504-2 Parafusos IWB para manter seu coldre em boas condi\u00e7\u00f5es.<\/p>\n","protected":false},"excerpt":{"rendered":"<p>Conjunto de parafusos de reposi\u00e7\u00e3o para coldres IWB Black Trident. 16 pe\u00e7as inclu\u00eddas.<\/p>\n","protected":false},"featured_media":0,"template":"","meta":{"_acf_changed":false},"product_brand":[11642],"product_cat":[12518],"product_tag":[],"class_list":{"0":"post-535527","1":"product","2":"type-product","3":"status-publish","5":"product_brand-rh-holsters","6":"product_cat-acessorios-para-coldres","8":"first","9":"instock","10":"taxable","11":"shipping-taxable","12":"purchasable","13":"product-type-simple"},"acf":[],"_links":{"self":[{"href":"https:\/\/nbg.eu\/pt-pt\/wp-json\/wp\/v2\/product\/535527","targetHints":{"allow":["GET"]}}],"collection":[{"href":"https:\/\/nbg.eu\/pt-pt\/wp-json\/wp\/v2\/product"}],"about":[{"href":"https:\/\/nbg.eu\/pt-pt\/wp-json\/wp\/v2\/types\/product"}],"wp:attachment":[{"href":"https:\/\/nbg.eu\/pt-pt\/wp-json\/wp\/v2\/media?parent=535527"}],"wp:term":[{"taxonomy":"product_brand","embeddable":true,"href":"https:\/\/nbg.eu\/pt-pt\/wp-json\/wp\/v2\/product_brand?post=535527"},{"taxonomy":"product_cat","embeddable":true,"href":"https:\/\/nbg.eu\/pt-pt\/wp-json\/wp\/v2\/product_cat?post=535527"},{"taxonomy":"product_tag","embeddable":true,"href":"https:\/\/nbg.eu\/pt-pt\/wp-json\/wp\/v2\/product_tag?post=535527"}],"curies":[{"name":"wp","href":"https:\/\/api.w.org\/{rel}","templated":true}]}}