{"id":536394,"date":"2025-09-05T00:16:15","date_gmt":"2025-09-04T21:16:15","guid":{"rendered":"https:\/\/nbg.eu\/product\/ar-15-a2-pistol-grip\/"},"modified":"2026-01-21T11:34:07","modified_gmt":"2026-01-21T08:34:07","slug":"ar-15-a2-pistol-grip","status":"publish","type":"product","link":"https:\/\/nbg.eu\/pt-pt\/produto\/ar-15-a2-pistol-grip\/","title":{"rendered":"AR-15 A2 PISTOL GRIP"},"content":{"rendered":"<h1>CZ Shadow 2 Orange &#8211; Pistola de Competi\u00e7\u00e3o<\/h1>\n<p>A CZ Shadow 2 Orange possui:<\/p>\n<ul>\n<li>Bucha do cano ajustada de f\u00e1brica<\/li>\n<li>Gatilho ajustado com quebra definida e reset curto<\/li>\n<li>Slide e arma\u00e7\u00e3o ajustados manualmente<\/li>\n<li>Empunhadura caracter\u00edstica e libera\u00e7\u00e3o de carregador estendida<\/li>\n<li>Bot\u00e3o de libera\u00e7\u00e3o do carregador ajust\u00e1vel com tr\u00eas configura\u00e7\u00f5es<\/li>\n<li>Acabamento em nitrito com revestimento adicional na arma\u00e7\u00e3o<\/li>\n<li>Empunhaduras finas de alum\u00ednio com texturiza\u00e7\u00e3o<\/li>\n<li>Mira frontal de fibra \u00f3ptica e mira traseira HAJO ajust\u00e1vel<\/li>\n<li>Trava de seguran\u00e7a ambidestra<\/li>\n<\/ul>\n<p>Calibre 9mm Luger com capacidade de 17+1, esta pistola com arma\u00e7\u00e3o de a\u00e7o de 46,5 oz \u00e9 destinada a atiradores competitivos.<\/p>\n","protected":false},"excerpt":{"rendered":"<p>Empunhadura cl\u00e1ssica AR-15. Design ergon\u00f4mico. Constru\u00e7\u00e3o dur\u00e1vel em pol\u00edmero.<\/p>\n","protected":false},"featured_media":496419,"template":"","meta":{"_acf_changed":false},"product_brand":[],"product_cat":[12537,12498],"product_tag":[],"class_list":{"0":"post-536394","1":"product","2":"type-product","3":"status-publish","4":"has-post-thumbnail","6":"product_cat-espingarda","7":"product_cat-tuning-de-espingarda","9":"first","10":"outofstock","11":"taxable","12":"shipping-taxable","13":"purchasable","14":"product-type-simple"},"acf":[],"_links":{"self":[{"href":"https:\/\/nbg.eu\/pt-pt\/wp-json\/wp\/v2\/product\/536394","targetHints":{"allow":["GET"]}}],"collection":[{"href":"https:\/\/nbg.eu\/pt-pt\/wp-json\/wp\/v2\/product"}],"about":[{"href":"https:\/\/nbg.eu\/pt-pt\/wp-json\/wp\/v2\/types\/product"}],"wp:featuredmedia":[{"embeddable":true,"href":"https:\/\/nbg.eu\/pt-pt\/wp-json\/wp\/v2\/media\/496419"}],"wp:attachment":[{"href":"https:\/\/nbg.eu\/pt-pt\/wp-json\/wp\/v2\/media?parent=536394"}],"wp:term":[{"taxonomy":"product_brand","embeddable":true,"href":"https:\/\/nbg.eu\/pt-pt\/wp-json\/wp\/v2\/product_brand?post=536394"},{"taxonomy":"product_cat","embeddable":true,"href":"https:\/\/nbg.eu\/pt-pt\/wp-json\/wp\/v2\/product_cat?post=536394"},{"taxonomy":"product_tag","embeddable":true,"href":"https:\/\/nbg.eu\/pt-pt\/wp-json\/wp\/v2\/product_tag?post=536394"}],"curies":[{"name":"wp","href":"https:\/\/api.w.org\/{rel}","templated":true}]}}