{"id":539278,"date":"2025-09-05T17:38:16","date_gmt":"2025-09-05T14:38:16","guid":{"rendered":"https:\/\/nbg.eu\/product\/zero-compromise-optic-zc527-10mil-mpct2x\/"},"modified":"2026-01-21T11:29:44","modified_gmt":"2026-01-21T08:29:44","slug":"zero-compromise-optic-zc527-10mil-mpct2x","status":"publish","type":"product","link":"https:\/\/nbg.eu\/pt-pt\/produto\/zero-compromise-optic-zc527-10mil-mpct2x\/","title":{"rendered":"Zero Compromise Optic ZC527 10MIL MPCT2X"},"content":{"rendered":"<h1>Zero Compromise Optic ZC527 10MIL MPCT2X<\/h1>\n<p>O ZC527 \u00e9 uma mira telesc\u00f3pica com 387mm de comprimento e 1122g de peso, que oferece:<\/p>\n<ul>\n<li>Ajuste de eleva\u00e7\u00e3o de 35 mil<\/li>\n<li>Ajuste de deriva de 20 mil<\/li>\n<li>Campo de vis\u00e3o de 7m\/100m<\/li>\n<li>Transmiss\u00e3o de luz<\/li>\n<li>Resolu\u00e7\u00e3o<\/li>\n<\/ul>\n<p>O ZC527 \u00e9 fabricado com materiais e t\u00e9cnicas espec\u00edficas. Dispon\u00edvel em acabamento padr\u00e3o ou FDE (tinta terra escura plana), esta mira \u00e9 um produto da Zero Compromise.<\/p>\n<p>Zero Compromise Optic ZC527 \u2013 uma mira telesc\u00f3pica para uso em rifles.<\/p>\n","protected":false},"excerpt":{"rendered":"<p>Mira telesc\u00f3pica premium: Clareza incompar\u00e1vel, amplo campo de vis\u00e3o, ajustes precisos.<\/p>\n","protected":false},"featured_media":497395,"template":"","meta":{"_acf_changed":false},"product_brand":[15195],"product_cat":[12488,12501],"product_tag":[],"class_list":{"0":"post-539278","1":"product","2":"type-product","3":"status-publish","4":"has-post-thumbnail","6":"product_brand-zero-compromise-optics","7":"product_cat-mira","8":"product_cat-oticas-ampliadas","10":"first","11":"outofstock","12":"taxable","13":"shipping-taxable","14":"purchasable","15":"product-type-simple"},"acf":[],"_links":{"self":[{"href":"https:\/\/nbg.eu\/pt-pt\/wp-json\/wp\/v2\/product\/539278","targetHints":{"allow":["GET"]}}],"collection":[{"href":"https:\/\/nbg.eu\/pt-pt\/wp-json\/wp\/v2\/product"}],"about":[{"href":"https:\/\/nbg.eu\/pt-pt\/wp-json\/wp\/v2\/types\/product"}],"wp:featuredmedia":[{"embeddable":true,"href":"https:\/\/nbg.eu\/pt-pt\/wp-json\/wp\/v2\/media\/497395"}],"wp:attachment":[{"href":"https:\/\/nbg.eu\/pt-pt\/wp-json\/wp\/v2\/media?parent=539278"}],"wp:term":[{"taxonomy":"product_brand","embeddable":true,"href":"https:\/\/nbg.eu\/pt-pt\/wp-json\/wp\/v2\/product_brand?post=539278"},{"taxonomy":"product_cat","embeddable":true,"href":"https:\/\/nbg.eu\/pt-pt\/wp-json\/wp\/v2\/product_cat?post=539278"},{"taxonomy":"product_tag","embeddable":true,"href":"https:\/\/nbg.eu\/pt-pt\/wp-json\/wp\/v2\/product_tag?post=539278"}],"curies":[{"name":"wp","href":"https:\/\/api.w.org\/{rel}","templated":true}]}}