{"id":539410,"date":"2025-09-05T17:38:17","date_gmt":"2025-09-05T14:38:17","guid":{"rendered":"https:\/\/nbg.eu\/product\/zco-mount\/"},"modified":"2026-01-21T11:38:41","modified_gmt":"2026-01-21T08:38:41","slug":"zco-mount","status":"publish","type":"product","link":"https:\/\/nbg.eu\/pt-pt\/produto\/zco-mount\/","title":{"rendered":"ZCO Mount"},"content":{"rendered":"<div class=\"product-description\">\n<h1>ZCO Block-Mount: Projetado para Lunetas de Precis\u00e3o Profissionais<\/h1>\n<p>O suporte de bloco ZCO oferece op\u00e7\u00f5es de inclina\u00e7\u00e3o de 0Mil \/ 6Mil. Fabricado na \u00c1ustria usando tecnologia de fresagem CNC, este suporte proporciona precis\u00e3o e durabilidade para lunetas ZCO.<\/p>\n<ul>\n<li>Feito de alum\u00ednio EN AW-7075 com revestimento anodizado<\/li>\n<li>N\u00edvel de bolha dobr\u00e1vel (montagem \u00e0 esquerda ou direita)<\/li>\n<li>Bucha integrada para faixa anti-miragem<\/li>\n<li>Inclui cunha de nivelamento para alinhamento da luneta<\/li>\n<li>Acompanha todas as inser\u00e7\u00f5es Torx necess\u00e1rias<\/li>\n<\/ul>\n<p>O suporte de bloco ZCO combina resist\u00eancia, precis\u00e3o e versatilidade para garantir o desempenho em situa\u00e7\u00f5es de tiro.<\/p>\n<\/div>\n","protected":false},"excerpt":{"rendered":"<p>Suporte ZCO de Precis\u00e3o: Qualidade profissional, usinado em CNC, com n\u00edvel embutido.<\/p>\n","protected":false},"featured_media":497533,"template":"","meta":{"_acf_changed":false},"product_brand":[15195],"product_cat":[12488,12514],"product_tag":[],"class_list":{"0":"post-539410","1":"product","2":"type-product","3":"status-publish","4":"has-post-thumbnail","6":"product_brand-zero-compromise-optics","7":"product_cat-mira","8":"product_cat-montagens","10":"first","11":"outofstock","12":"taxable","13":"shipping-taxable","14":"purchasable","15":"product-type-simple"},"acf":[],"_links":{"self":[{"href":"https:\/\/nbg.eu\/pt-pt\/wp-json\/wp\/v2\/product\/539410","targetHints":{"allow":["GET"]}}],"collection":[{"href":"https:\/\/nbg.eu\/pt-pt\/wp-json\/wp\/v2\/product"}],"about":[{"href":"https:\/\/nbg.eu\/pt-pt\/wp-json\/wp\/v2\/types\/product"}],"wp:featuredmedia":[{"embeddable":true,"href":"https:\/\/nbg.eu\/pt-pt\/wp-json\/wp\/v2\/media\/497533"}],"wp:attachment":[{"href":"https:\/\/nbg.eu\/pt-pt\/wp-json\/wp\/v2\/media?parent=539410"}],"wp:term":[{"taxonomy":"product_brand","embeddable":true,"href":"https:\/\/nbg.eu\/pt-pt\/wp-json\/wp\/v2\/product_brand?post=539410"},{"taxonomy":"product_cat","embeddable":true,"href":"https:\/\/nbg.eu\/pt-pt\/wp-json\/wp\/v2\/product_cat?post=539410"},{"taxonomy":"product_tag","embeddable":true,"href":"https:\/\/nbg.eu\/pt-pt\/wp-json\/wp\/v2\/product_tag?post=539410"}],"curies":[{"name":"wp","href":"https:\/\/api.w.org\/{rel}","templated":true}]}}