{"id":539790,"date":"2025-09-05T17:40:49","date_gmt":"2025-09-05T14:40:49","guid":{"rendered":"https:\/\/nbg.eu\/product\/scope-mount-30mm-vortex-pro-series-low-pr30-l\/"},"modified":"2026-01-21T12:26:40","modified_gmt":"2026-01-21T09:26:40","slug":"scope-mount-30mm-vortex-pro-series-low-pr30-l","status":"publish","type":"product","link":"https:\/\/nbg.eu\/pt-pt\/produto\/scope-mount-30mm-vortex-pro-series-low-pr30-l\/","title":{"rendered":"Scope mount 30mm Vortex Pro Series LOW PR30-l"},"content":{"rendered":"<h1>An\u00e9is de Mira Vortex Pro 30mm Baixo (0,90&#8243;) PR30-L<\/h1>\n<p>Os an\u00e9is Vortex Pro Series 30mm de altura baixa s\u00e3o feitos de alum\u00ednio 6061 de grau aeron\u00e1utico para montagem de mira.<\/p>\n<h2>Caracter\u00edsticas principais:<\/h2>\n<ul>\n<li>Acabamento anodizado preto fosco<\/li>\n<li>Especifica\u00e7\u00f5es de torque gravadas a laser<\/li>\n<li>Fixadores #8 para montagem segura<\/li>\n<li>Batente de recuo integrado<\/li>\n<li>Compat\u00edvel com trilhos Weaver ou Picatinny<\/li>\n<li>Peso de 1,58oz<\/li>\n<\/ul>\n<p>Os an\u00e9is Vortex Pro PR30-L mant\u00eam a mira no lugar. S\u00e3o projetados para durabilidade e precis\u00e3o.<\/p>\n","protected":false},"excerpt":{"rendered":"<p>An\u00e9is baixos de 30mm dur\u00e1veis para trilhos Weaver\/Picatinny. Usinados com precis\u00e3o.<\/p>\n","protected":false},"featured_media":497579,"template":"","meta":{"_acf_changed":false},"product_brand":[11968],"product_cat":[12513,12488],"product_tag":[],"class_list":{"0":"post-539790","1":"product","2":"type-product","3":"status-publish","4":"has-post-thumbnail","6":"product_brand-vortex","7":"product_cat-acessorios-de-mira","8":"product_cat-mira","10":"first","11":"outofstock","12":"taxable","13":"shipping-taxable","14":"purchasable","15":"product-type-simple"},"acf":[],"_links":{"self":[{"href":"https:\/\/nbg.eu\/pt-pt\/wp-json\/wp\/v2\/product\/539790","targetHints":{"allow":["GET"]}}],"collection":[{"href":"https:\/\/nbg.eu\/pt-pt\/wp-json\/wp\/v2\/product"}],"about":[{"href":"https:\/\/nbg.eu\/pt-pt\/wp-json\/wp\/v2\/types\/product"}],"wp:featuredmedia":[{"embeddable":true,"href":"https:\/\/nbg.eu\/pt-pt\/wp-json\/wp\/v2\/media\/497579"}],"wp:attachment":[{"href":"https:\/\/nbg.eu\/pt-pt\/wp-json\/wp\/v2\/media?parent=539790"}],"wp:term":[{"taxonomy":"product_brand","embeddable":true,"href":"https:\/\/nbg.eu\/pt-pt\/wp-json\/wp\/v2\/product_brand?post=539790"},{"taxonomy":"product_cat","embeddable":true,"href":"https:\/\/nbg.eu\/pt-pt\/wp-json\/wp\/v2\/product_cat?post=539790"},{"taxonomy":"product_tag","embeddable":true,"href":"https:\/\/nbg.eu\/pt-pt\/wp-json\/wp\/v2\/product_tag?post=539790"}],"curies":[{"name":"wp","href":"https:\/\/api.w.org\/{rel}","templated":true}]}}