{"id":540285,"date":"2025-09-05T17:42:22","date_gmt":"2025-09-05T14:42:22","guid":{"rendered":"https:\/\/nbg.eu\/product\/ameriglo-range-fo-sight-set-for-glock\/"},"modified":"2026-01-21T12:29:16","modified_gmt":"2026-01-21T09:29:16","slug":"ameriglo-range-fo-sight-set-for-glock","status":"publish","type":"product","link":"https:\/\/nbg.eu\/pt-pt\/produto\/ameriglo-range-fo-sight-set-for-glock\/","title":{"rendered":"AMERIGLO RANGE FO SIGHT SET FOR GLOCK"},"content":{"rendered":"<div class=\"product-description\">\n<h2>CONJUNTO DE MIRAS AMERIGLO RANGE FO PARA GLOCK<\/h2>\n<p>Atualize sua Glock G5 9mm\/.40 com o Conjunto de Miras Serrilhadas AMERIGLO Range. Este conjunto de miras \u00e9 projetado para melhorar a precis\u00e3o de tiro e aquisi\u00e7\u00e3o de alvo.<\/p>\n<ul>\n<li>Compat\u00edvel com Glock 19 Gen 5 e Glock 23 Gen 5<\/li>\n<li>Constru\u00e7\u00e3o em a\u00e7o<\/li>\n<li>Acabamento preto<\/li>\n<li>Estilo de entalhe quadrado para melhor imagem de mira<\/li>\n<li>Superf\u00edcie serrilhada reduz reflexo<\/li>\n<li>Peso de 0,313 lbs<\/li>\n<\/ul>\n<p>Estas miras oferecem confiabilidade e desempenho para uso em estandes de tiro ou situa\u00e7\u00f5es t\u00e1ticas. F\u00e1cil de instalar e dur\u00e1vel, o Conjunto de Miras AMERIGLO Range \u00e9 uma atualiza\u00e7\u00e3o para sua Glock.<\/p>\n<\/div>\n","protected":false},"excerpt":{"rendered":"<p>Conjunto de mira serrilhada preta para Glock G5 9mm\/.40, constru\u00e7\u00e3o em a\u00e7o.<\/p>\n","protected":false},"featured_media":497811,"template":"","meta":{"_acf_changed":false},"product_brand":[],"product_cat":[12513,12488,12483,12507],"product_tag":[],"class_list":{"0":"post-540285","1":"product","2":"type-product","3":"status-publish","4":"has-post-thumbnail","6":"product_cat-acessorios-de-mira","7":"product_cat-mira","8":"product_cat-pecas-de-pistola","9":"product_cat-pistola","11":"first","12":"outofstock","13":"taxable","14":"shipping-taxable","15":"purchasable","16":"product-type-simple"},"acf":[],"_links":{"self":[{"href":"https:\/\/nbg.eu\/pt-pt\/wp-json\/wp\/v2\/product\/540285","targetHints":{"allow":["GET"]}}],"collection":[{"href":"https:\/\/nbg.eu\/pt-pt\/wp-json\/wp\/v2\/product"}],"about":[{"href":"https:\/\/nbg.eu\/pt-pt\/wp-json\/wp\/v2\/types\/product"}],"wp:featuredmedia":[{"embeddable":true,"href":"https:\/\/nbg.eu\/pt-pt\/wp-json\/wp\/v2\/media\/497811"}],"wp:attachment":[{"href":"https:\/\/nbg.eu\/pt-pt\/wp-json\/wp\/v2\/media?parent=540285"}],"wp:term":[{"taxonomy":"product_brand","embeddable":true,"href":"https:\/\/nbg.eu\/pt-pt\/wp-json\/wp\/v2\/product_brand?post=540285"},{"taxonomy":"product_cat","embeddable":true,"href":"https:\/\/nbg.eu\/pt-pt\/wp-json\/wp\/v2\/product_cat?post=540285"},{"taxonomy":"product_tag","embeddable":true,"href":"https:\/\/nbg.eu\/pt-pt\/wp-json\/wp\/v2\/product_tag?post=540285"}],"curies":[{"name":"wp","href":"https:\/\/api.w.org\/{rel}","templated":true}]}}