{"id":540633,"date":"2025-09-05T17:42:22","date_gmt":"2025-09-05T14:42:22","guid":{"rendered":"https:\/\/nbg.eu\/product\/lyman-pro-trim-die\/"},"modified":"2026-01-21T11:45:39","modified_gmt":"2026-01-21T08:45:39","slug":"lyman-pro-trim-die","status":"publish","type":"product","link":"https:\/\/nbg.eu\/pt-pt\/produto\/lyman-pro-trim-die\/","title":{"rendered":"Lyman Pro Trim Die"},"content":{"rendered":"<div class=\"product-description\">\n<h2>Matrizes Lyman Pro Trim<\/h2>\n<p>As Matrizes Lyman Pro Trim s\u00e3o fabricadas nos EUA. Estas matrizes apresentam:<\/p>\n<ul>\n<li>Constru\u00e7\u00e3o em a\u00e7o inoxid\u00e1vel para durabilidade<\/li>\n<li>Rosca inferior de 7\/8-14, compat\u00edvel com prensas Lyman, Mark 7 e outras prensas de recarga<\/li>\n<li>Rosca superior de 13\/16-20, projetada para o aparador montado em prensa da Lyman e outras op\u00e7\u00f5es<\/li>\n<li>Garantia de uso vital\u00edcio, devido aos materiais e fabrica\u00e7\u00e3o<\/li>\n<\/ul>\n<p>As Matrizes Lyman Pro Trim oferecem precis\u00e3o e versatilidade em equipamentos de recarga. Estas matrizes fornecem a qualidade e compatibilidade necess\u00e1rias para resultados consistentes e precisos.<\/p>\n<\/div>\n","protected":false},"excerpt":{"rendered":"<p>Matriz de a\u00e7o inoxid\u00e1vel de precis\u00e3o fabricada nos EUA para aparar cartuchos. Compat\u00edvel com prensa.<\/p>\n","protected":false},"featured_media":497835,"template":"","meta":{"_acf_changed":false},"product_brand":[11280],"product_cat":[12512,12523],"product_tag":[],"class_list":{"0":"post-540633","1":"product","2":"type-product","3":"status-publish","4":"has-post-thumbnail","6":"product_brand-doublealpha","7":"product_cat-acessorios-de-recarga","8":"product_cat-recarga","10":"first","11":"outofstock","12":"taxable","13":"shipping-taxable","14":"purchasable","15":"product-type-simple"},"acf":[],"_links":{"self":[{"href":"https:\/\/nbg.eu\/pt-pt\/wp-json\/wp\/v2\/product\/540633","targetHints":{"allow":["GET"]}}],"collection":[{"href":"https:\/\/nbg.eu\/pt-pt\/wp-json\/wp\/v2\/product"}],"about":[{"href":"https:\/\/nbg.eu\/pt-pt\/wp-json\/wp\/v2\/types\/product"}],"wp:featuredmedia":[{"embeddable":true,"href":"https:\/\/nbg.eu\/pt-pt\/wp-json\/wp\/v2\/media\/497835"}],"wp:attachment":[{"href":"https:\/\/nbg.eu\/pt-pt\/wp-json\/wp\/v2\/media?parent=540633"}],"wp:term":[{"taxonomy":"product_brand","embeddable":true,"href":"https:\/\/nbg.eu\/pt-pt\/wp-json\/wp\/v2\/product_brand?post=540633"},{"taxonomy":"product_cat","embeddable":true,"href":"https:\/\/nbg.eu\/pt-pt\/wp-json\/wp\/v2\/product_cat?post=540633"},{"taxonomy":"product_tag","embeddable":true,"href":"https:\/\/nbg.eu\/pt-pt\/wp-json\/wp\/v2\/product_tag?post=540633"}],"curies":[{"name":"wp","href":"https:\/\/api.w.org\/{rel}","templated":true}]}}